{"id":20254,"date":"2025-06-30T22:33:09","date_gmt":"2025-07-01T03:33:09","guid":{"rendered":"https:\/\/tiendaflex.ec\/?post_type=product&#038;p=20254"},"modified":"2025-06-30T22:33:10","modified_gmt":"2025-07-01T03:33:10","slug":"camara-ptz-4mp","status":"publish","type":"product","link":"https:\/\/tiendaflex.ec\/en\/product\/camara-ptz-4mp\/","title":{"rendered":"\u00a0C\u00c1MARA PTZ 4MP"},"content":{"rendered":"","protected":false},"excerpt":{"rendered":"<p>Optimiza la seguridad de tus espacios con la C\u00e1mara domo de velocidad DarkFighter IR Acusense, que ofrece tecnolog\u00eda de \u00faltima generaci\u00f3n para reconocimiento y seguimiento inteligente.<\/p>\n<p>\u2714\ufe0f Resoluci\u00f3n de 4 MP con CMOS de escaneo progresivo de 1\/2,8&#8243;\u00bb<br \/>\n\u2714\ufe0f Tecnolog\u00eda DarkFighter para excelente rendimiento con poca luz<br \/>\n\u2714\ufe0f Zoom \u00f3ptico 25\u00d7 y zoom digital 16\u00d7 para vistas detalladas<br \/>\n\u2714\ufe0f Clasificaci\u00f3n inteligente de humanos y veh\u00edculos basada en aprendizaje profundo<br \/>\n\u2714\ufe0f Captura y reconocimiento de hasta 5 rostros simult\u00e1neamente<br \/>\n\u2714\ufe0f Vista nocturna con infrarrojos hasta 100 metros<br \/>\n\u2714\ufe0f Compresi\u00f3n de v\u00eddeo H.265+\/H.265 para optimizar almacenamiento<\/p>\n<p>\ud83d\udcf2 Cont\u00e1ctanos al +593984123231 y lleva tu sistema de seguridad a otro nivel.<br \/>\n\ud83c\udf1f \u00a1Vigilancia inteligente con alcance y precisi\u00f3n excepcionales!<\/p>","protected":false},"featured_media":20201,"comment_status":"open","ping_status":"closed","template":"","meta":{"_acf_changed":false},"product_brand":[],"product_cat":[584,547],"product_tag":[],"class_list":{"0":"post-20254","1":"product","2":"type-product","3":"status-publish","4":"has-post-thumbnail","6":"product_cat-camaras","7":"product_cat-tecnologia-del-hogar","9":"first","10":"instock","11":"sale","12":"taxable","13":"shipping-taxable","14":"purchasable","15":"product-type-simple"},"acf":[],"_links":{"self":[{"href":"https:\/\/tiendaflex.ec\/en\/wp-json\/wp\/v2\/product\/20254","targetHints":{"allow":["GET"]}}],"collection":[{"href":"https:\/\/tiendaflex.ec\/en\/wp-json\/wp\/v2\/product"}],"about":[{"href":"https:\/\/tiendaflex.ec\/en\/wp-json\/wp\/v2\/types\/product"}],"replies":[{"embeddable":true,"href":"https:\/\/tiendaflex.ec\/en\/wp-json\/wp\/v2\/comments?post=20254"}],"version-history":[{"count":2,"href":"https:\/\/tiendaflex.ec\/en\/wp-json\/wp\/v2\/product\/20254\/revisions"}],"predecessor-version":[{"id":20256,"href":"https:\/\/tiendaflex.ec\/en\/wp-json\/wp\/v2\/product\/20254\/revisions\/20256"}],"wp:featuredmedia":[{"embeddable":true,"href":"https:\/\/tiendaflex.ec\/en\/wp-json\/wp\/v2\/media\/20201"}],"wp:attachment":[{"href":"https:\/\/tiendaflex.ec\/en\/wp-json\/wp\/v2\/media?parent=20254"}],"wp:term":[{"taxonomy":"product_brand","embeddable":true,"href":"https:\/\/tiendaflex.ec\/en\/wp-json\/wp\/v2\/product_brand?post=20254"},{"taxonomy":"product_cat","embeddable":true,"href":"https:\/\/tiendaflex.ec\/en\/wp-json\/wp\/v2\/product_cat?post=20254"},{"taxonomy":"product_tag","embeddable":true,"href":"https:\/\/tiendaflex.ec\/en\/wp-json\/wp\/v2\/product_tag?post=20254"}],"curies":[{"name":"wp","href":"https:\/\/api.w.org\/{rel}","templated":true}]}}