{"id":20247,"date":"2025-06-30T22:29:05","date_gmt":"2025-07-01T03:29:05","guid":{"rendered":"https:\/\/tiendaflex.ec\/?post_type=product&#038;p=20247"},"modified":"2025-06-30T22:29:16","modified_gmt":"2025-07-01T03:29:16","slug":"camara-colorvu-2mp","status":"publish","type":"product","link":"https:\/\/tiendaflex.ec\/en\/product\/camara-colorvu-2mp\/","title":{"rendered":"C\u00c1MARA COLORVU 2MP"},"content":{"rendered":"","protected":false},"excerpt":{"rendered":"<p>Protege tu hogar o negocio con la C\u00e1mara fija ColorVu de 2 megap\u00edxeles con audio integrado, que ofrece im\u00e1genes en color las 24 horas, incluso en ambientes con poca luz.<\/p>\n<p>\u2714\ufe0f Resoluci\u00f3n Full HD 1920 \u00d7 1080 (2 MP)<br \/>\n\u2714\ufe0f Im\u00e1genes a color 24\/7 gracias a apertura F1.0<br \/>\n\u2714\ufe0f Tecnolog\u00eda WDR real de 130 dB para detalles claros con luz de fondo intensa<br \/>\n\u2714\ufe0f Reducci\u00f3n de ruido 3D DNR para im\u00e1genes limpias<br \/>\n\u2714\ufe0f Lente focal fija de 2,8 mm y 3,6 mm (opcional)<br \/>\n\u2714\ufe0f Iluminaci\u00f3n con luz blanca hasta 20 metros para visi\u00f3n nocturna<br \/>\n\u2714\ufe0f Audio de alta calidad con micr\u00f3fono incorporado y audio por cable coaxial<\/p>\n<p>\ud83d\udcf2 Cont\u00e1ctanos al +593984123231 y mant\u00e9n tu espacio seguro con tecnolog\u00eda avanzada.<br \/>\n\ud83c\udf1f \u00a1Vigilancia confiable y clara, d\u00eda y noche!<\/p>","protected":false},"featured_media":20199,"comment_status":"open","ping_status":"closed","template":"","meta":{"_acf_changed":false},"product_brand":[],"product_cat":[584,547],"product_tag":[],"class_list":{"0":"post-20247","1":"product","2":"type-product","3":"status-publish","4":"has-post-thumbnail","6":"product_cat-camaras","7":"product_cat-tecnologia-del-hogar","9":"first","10":"instock","11":"sale","12":"taxable","13":"shipping-taxable","14":"purchasable","15":"product-type-simple"},"acf":[],"_links":{"self":[{"href":"https:\/\/tiendaflex.ec\/en\/wp-json\/wp\/v2\/product\/20247","targetHints":{"allow":["GET"]}}],"collection":[{"href":"https:\/\/tiendaflex.ec\/en\/wp-json\/wp\/v2\/product"}],"about":[{"href":"https:\/\/tiendaflex.ec\/en\/wp-json\/wp\/v2\/types\/product"}],"replies":[{"embeddable":true,"href":"https:\/\/tiendaflex.ec\/en\/wp-json\/wp\/v2\/comments?post=20247"}],"version-history":[{"count":3,"href":"https:\/\/tiendaflex.ec\/en\/wp-json\/wp\/v2\/product\/20247\/revisions"}],"predecessor-version":[{"id":20250,"href":"https:\/\/tiendaflex.ec\/en\/wp-json\/wp\/v2\/product\/20247\/revisions\/20250"}],"wp:featuredmedia":[{"embeddable":true,"href":"https:\/\/tiendaflex.ec\/en\/wp-json\/wp\/v2\/media\/20199"}],"wp:attachment":[{"href":"https:\/\/tiendaflex.ec\/en\/wp-json\/wp\/v2\/media?parent=20247"}],"wp:term":[{"taxonomy":"product_brand","embeddable":true,"href":"https:\/\/tiendaflex.ec\/en\/wp-json\/wp\/v2\/product_brand?post=20247"},{"taxonomy":"product_cat","embeddable":true,"href":"https:\/\/tiendaflex.ec\/en\/wp-json\/wp\/v2\/product_cat?post=20247"},{"taxonomy":"product_tag","embeddable":true,"href":"https:\/\/tiendaflex.ec\/en\/wp-json\/wp\/v2\/product_tag?post=20247"}],"curies":[{"name":"wp","href":"https:\/\/api.w.org\/{rel}","templated":true}]}}