{"id":20193,"date":"2025-06-30T21:57:11","date_gmt":"2025-07-01T02:57:11","guid":{"rendered":"https:\/\/tiendaflex.ec\/?post_type=product&#038;p=20193"},"modified":"2025-07-17T00:27:31","modified_gmt":"2025-07-17T05:27:31","slug":"poltrona-lorenzo","status":"publish","type":"product","link":"https:\/\/tiendaflex.ec\/en\/product\/poltrona-lorenzo\/","title":{"rendered":"POLTRONA LORENZO"},"content":{"rendered":"","protected":false},"excerpt":{"rendered":"<p>Haz de cada rinc\u00f3n un lugar especial con la Poltrona Lorenzo LT, ideal para salas modernas, rincones de lectura o como pieza de acento. Su dise\u00f1o artesanal y la posibilidad de elegir colores la convierten en la opci\u00f3n perfecta para quienes buscan confort y estilo a medida.<\/p>\n<p>\u2714\ufe0f Estructura de madera Laurel Negro del Oriente<br \/>\n\u2714\ufe0f Tratamiento anti-insectos y microorganismos<br \/>\n\u2714\ufe0f Esponja de alta densidad para m\u00e1ximo confort<br \/>\n\u2714\ufe0f Tapiz y color personalizable seg\u00fan tu preferencia<br \/>\n\u2714\ufe0f Color de la madera tambi\u00e9n personalizable<\/p>\n<p>\ud83d\udecb\ufe0f Incluye: 1 coj\u00edn<\/p>\n<p>\ud83d\udcf2 Cont\u00e1ctanos al +593984123231 para m\u00e1s informaci\u00f3n o para hacer tu pedido.<br \/>\n\ud83c\udf1f \u00a1Personaliza tu espacio con estilo y comodidad!<\/p>","protected":false},"featured_media":20952,"comment_status":"open","ping_status":"closed","template":"","meta":{"_acf_changed":false},"product_brand":[],"product_cat":[542,684],"product_tag":[],"class_list":{"0":"post-20193","1":"product","2":"type-product","3":"status-publish","4":"has-post-thumbnail","6":"product_cat-muebles","7":"product_cat-poltronas","9":"first","10":"instock","11":"sale","12":"taxable","13":"shipping-taxable","14":"purchasable","15":"product-type-simple"},"acf":[],"_links":{"self":[{"href":"https:\/\/tiendaflex.ec\/en\/wp-json\/wp\/v2\/product\/20193","targetHints":{"allow":["GET"]}}],"collection":[{"href":"https:\/\/tiendaflex.ec\/en\/wp-json\/wp\/v2\/product"}],"about":[{"href":"https:\/\/tiendaflex.ec\/en\/wp-json\/wp\/v2\/types\/product"}],"replies":[{"embeddable":true,"href":"https:\/\/tiendaflex.ec\/en\/wp-json\/wp\/v2\/comments?post=20193"}],"version-history":[{"count":2,"href":"https:\/\/tiendaflex.ec\/en\/wp-json\/wp\/v2\/product\/20193\/revisions"}],"predecessor-version":[{"id":20969,"href":"https:\/\/tiendaflex.ec\/en\/wp-json\/wp\/v2\/product\/20193\/revisions\/20969"}],"wp:featuredmedia":[{"embeddable":true,"href":"https:\/\/tiendaflex.ec\/en\/wp-json\/wp\/v2\/media\/20952"}],"wp:attachment":[{"href":"https:\/\/tiendaflex.ec\/en\/wp-json\/wp\/v2\/media?parent=20193"}],"wp:term":[{"taxonomy":"product_brand","embeddable":true,"href":"https:\/\/tiendaflex.ec\/en\/wp-json\/wp\/v2\/product_brand?post=20193"},{"taxonomy":"product_cat","embeddable":true,"href":"https:\/\/tiendaflex.ec\/en\/wp-json\/wp\/v2\/product_cat?post=20193"},{"taxonomy":"product_tag","embeddable":true,"href":"https:\/\/tiendaflex.ec\/en\/wp-json\/wp\/v2\/product_tag?post=20193"}],"curies":[{"name":"wp","href":"https:\/\/api.w.org\/{rel}","templated":true}]}}