{"id":19993,"date":"2025-06-26T22:03:55","date_gmt":"2025-06-27T03:03:55","guid":{"rendered":"https:\/\/tiendaflex.ec\/?post_type=product&#038;p=19993"},"modified":"2025-06-27T16:56:10","modified_gmt":"2025-06-27T21:56:10","slug":"lenovo-xt82","status":"publish","type":"product","link":"https:\/\/tiendaflex.ec\/en\/product\/lenovo-xt82\/","title":{"rendered":"AUD\u00cdFONOS XT82 LENOVO"},"content":{"rendered":"","protected":false},"excerpt":{"rendered":"<p>DISE\u00d1O ERGON\u00d3MICO Y RESISTENTE IPX5 \u2728\ud83c\udfa7<br \/>\n\u00a1Libertad inal\u00e1mbrica con comodidad y protecci\u00f3n!<\/p>\n<p>\u2714\ufe0f Aud\u00edfonos inal\u00e1mbricos con dise\u00f1o ergon\u00f3mico para un ajuste perfecto<br \/>\n\u2714\ufe0f Material durable ABS y clasificaci\u00f3n impermeable IPX5 para uso sin preocupaciones \ud83d\udca7<br \/>\n\u2714\ufe0f Control t\u00e1ctil f\u00e1cil e intuitivo para manejar m\u00fasica y llamadas<br \/>\n\u2714\ufe0f Pantalla digital para monitorear bater\u00eda y estado<br \/>\n\u2714\ufe0f Alcance inal\u00e1mbrico de hasta 10 metros para total libertad de movimiento<\/p>\n<p>\ud83d\udce6 Contenido del paquete:<br \/>\n\u2714\ufe0f 1 par de aud\u00edfonos Lenovo XT82<br \/>\n\u2714\ufe0f Manual de usuario<\/p>\n<p>\ud83d\udcf2 Cont\u00e1ctanos al +593984123231<\/p>","protected":false},"featured_media":19950,"comment_status":"open","ping_status":"closed","template":"","meta":{"_acf_changed":false},"product_brand":[],"product_cat":[682,633],"product_tag":[],"class_list":{"0":"post-19993","1":"product","2":"type-product","3":"status-publish","4":"has-post-thumbnail","6":"product_cat-audifonos","7":"product_cat-tecnologia","9":"first","10":"instock","11":"sale","12":"taxable","13":"shipping-taxable","14":"purchasable","15":"product-type-simple"},"acf":[],"_links":{"self":[{"href":"https:\/\/tiendaflex.ec\/en\/wp-json\/wp\/v2\/product\/19993","targetHints":{"allow":["GET"]}}],"collection":[{"href":"https:\/\/tiendaflex.ec\/en\/wp-json\/wp\/v2\/product"}],"about":[{"href":"https:\/\/tiendaflex.ec\/en\/wp-json\/wp\/v2\/types\/product"}],"replies":[{"embeddable":true,"href":"https:\/\/tiendaflex.ec\/en\/wp-json\/wp\/v2\/comments?post=19993"}],"version-history":[{"count":3,"href":"https:\/\/tiendaflex.ec\/en\/wp-json\/wp\/v2\/product\/19993\/revisions"}],"predecessor-version":[{"id":20155,"href":"https:\/\/tiendaflex.ec\/en\/wp-json\/wp\/v2\/product\/19993\/revisions\/20155"}],"wp:featuredmedia":[{"embeddable":true,"href":"https:\/\/tiendaflex.ec\/en\/wp-json\/wp\/v2\/media\/19950"}],"wp:attachment":[{"href":"https:\/\/tiendaflex.ec\/en\/wp-json\/wp\/v2\/media?parent=19993"}],"wp:term":[{"taxonomy":"product_brand","embeddable":true,"href":"https:\/\/tiendaflex.ec\/en\/wp-json\/wp\/v2\/product_brand?post=19993"},{"taxonomy":"product_cat","embeddable":true,"href":"https:\/\/tiendaflex.ec\/en\/wp-json\/wp\/v2\/product_cat?post=19993"},{"taxonomy":"product_tag","embeddable":true,"href":"https:\/\/tiendaflex.ec\/en\/wp-json\/wp\/v2\/product_tag?post=19993"}],"curies":[{"name":"wp","href":"https:\/\/api.w.org\/{rel}","templated":true}]}}