{"id":19984,"date":"2025-06-26T21:59:37","date_gmt":"2025-06-27T02:59:37","guid":{"rendered":"https:\/\/tiendaflex.ec\/?post_type=product&#038;p=19984"},"modified":"2025-06-27T17:02:22","modified_gmt":"2025-06-27T22:02:22","slug":"colorvu-6mp","status":"publish","type":"product","link":"https:\/\/tiendaflex.ec\/en\/product\/colorvu-6mp\/","title":{"rendered":"C\u00c1MARA COLORVU 6MP"},"content":{"rendered":"","protected":false},"excerpt":{"rendered":"<p>VISI\u00d3N PANOR\u00c1MICA CON LUZ H\u00cdBRIDA INTELIGENTE \ud83c\udf08\ud83d\udcf9<br \/>\n\u00a1Cobertura total, visi\u00f3n en color 24\/7 y seguridad activa en tiempo real!<\/p>\n<p>\u2714\ufe0f Resoluci\u00f3n 6 MP con lente dual gran angular para visi\u00f3n envolvente<br \/>\n\u2714\ufe0f Campo de visi\u00f3n de 180\u00b0 para monitoreo panor\u00e1mico completo<br \/>\n\u2714\ufe0f Im\u00e1genes en color las 24 horas gracias a la tecnolog\u00eda ColorVu \ud83c\udf19\ud83c\udf1e<br \/>\n\u2714\ufe0f Luz h\u00edbrida inteligente de largo alcance y bajo consumo<br \/>\n\u2714\ufe0f Detecci\u00f3n avanzada de personas y veh\u00edculos mediante IA \ud83e\udd16<br \/>\n\u2714\ufe0f Audio bidireccional integrado para comunicaci\u00f3n y disuasi\u00f3n en tiempo real \ud83c\udfa4\ud83d\udd0a<br \/>\n\u2714\ufe0f Luz estrobosc\u00f3pica + alarma sonora activa \ud83d\udea8<br \/>\n\u2714\ufe0f Compresi\u00f3n eficiente H.265+<br \/>\n\u2714\ufe0f Admite tarjeta SD de hasta 512 GB<br \/>\n\u2714\ufe0f Resistente al agua y polvo IP67 \ud83c\udf27\ufe0f<\/p>\n<p>\ud83d\udcf2 Cont\u00e1ctanos al +593984123231<\/p>","protected":false},"featured_media":19947,"comment_status":"open","ping_status":"closed","template":"","meta":{"_acf_changed":false},"product_brand":[],"product_cat":[584,547],"product_tag":[],"class_list":{"0":"post-19984","1":"product","2":"type-product","3":"status-publish","4":"has-post-thumbnail","6":"product_cat-camaras","7":"product_cat-tecnologia-del-hogar","9":"first","10":"instock","11":"sale","12":"taxable","13":"shipping-taxable","14":"purchasable","15":"product-type-simple"},"acf":[],"_links":{"self":[{"href":"https:\/\/tiendaflex.ec\/en\/wp-json\/wp\/v2\/product\/19984","targetHints":{"allow":["GET"]}}],"collection":[{"href":"https:\/\/tiendaflex.ec\/en\/wp-json\/wp\/v2\/product"}],"about":[{"href":"https:\/\/tiendaflex.ec\/en\/wp-json\/wp\/v2\/types\/product"}],"replies":[{"embeddable":true,"href":"https:\/\/tiendaflex.ec\/en\/wp-json\/wp\/v2\/comments?post=19984"}],"version-history":[{"count":2,"href":"https:\/\/tiendaflex.ec\/en\/wp-json\/wp\/v2\/product\/19984\/revisions"}],"predecessor-version":[{"id":20169,"href":"https:\/\/tiendaflex.ec\/en\/wp-json\/wp\/v2\/product\/19984\/revisions\/20169"}],"wp:featuredmedia":[{"embeddable":true,"href":"https:\/\/tiendaflex.ec\/en\/wp-json\/wp\/v2\/media\/19947"}],"wp:attachment":[{"href":"https:\/\/tiendaflex.ec\/en\/wp-json\/wp\/v2\/media?parent=19984"}],"wp:term":[{"taxonomy":"product_brand","embeddable":true,"href":"https:\/\/tiendaflex.ec\/en\/wp-json\/wp\/v2\/product_brand?post=19984"},{"taxonomy":"product_cat","embeddable":true,"href":"https:\/\/tiendaflex.ec\/en\/wp-json\/wp\/v2\/product_cat?post=19984"},{"taxonomy":"product_tag","embeddable":true,"href":"https:\/\/tiendaflex.ec\/en\/wp-json\/wp\/v2\/product_tag?post=19984"}],"curies":[{"name":"wp","href":"https:\/\/api.w.org\/{rel}","templated":true}]}}