{"id":19973,"date":"2025-06-26T21:50:08","date_gmt":"2025-06-27T02:50:08","guid":{"rendered":"https:\/\/tiendaflex.ec\/?post_type=product&#038;p=19973"},"modified":"2025-06-27T17:02:47","modified_gmt":"2025-06-27T22:02:47","slug":"colorvu-4mp","status":"publish","type":"product","link":"https:\/\/tiendaflex.ec\/en\/product\/colorvu-4mp\/","title":{"rendered":"C\u00c1MARA COLORVU 4MP"},"content":{"rendered":"","protected":false},"excerpt":{"rendered":"<p>VIGILANCIA PANOR\u00c1MICA EN COLOR 24\/7 \u2728\ud83d\udcf8<br \/>\n\u00a1Monitorea con visi\u00f3n total, color real y disuasi\u00f3n activa!<\/p>\n<p>\u2714\ufe0f Resoluci\u00f3n 4 MP con imagen panor\u00e1mica de alta calidad<br \/>\n\u2714\ufe0f ColorVu: im\u00e1genes a todo color las 24 horas, todos los d\u00edas \ud83c\udf08<br \/>\n\u2714\ufe0f WDR de 130 dB para im\u00e1genes claras incluso con luz de fondo intensa \ud83c\udf1e\ud83c\udf11<br \/>\n\u2714\ufe0f Tecnolog\u00eda H.265+ para compresi\u00f3n eficiente y ahorro de espacio<br \/>\n\u2714\ufe0f Detecci\u00f3n inteligente basada en IA con clasificaci\u00f3n de personas y veh\u00edculos \ud83e\udd16<br \/>\n\u2714\ufe0f Luz estrobosc\u00f3pica y alarma de audio activa para disuasi\u00f3n inmediata \ud83d\udea8<br \/>\n\u2714\ufe0f Resistencia profesional IP67 contra agua y polvo \ud83c\udf27\ufe0f<\/p>\n<p>\ud83d\udcf2 Cont\u00e1ctanos al +593984123231<\/p>","protected":false},"featured_media":19943,"comment_status":"open","ping_status":"closed","template":"","meta":{"_acf_changed":false},"product_brand":[],"product_cat":[584,547],"product_tag":[],"class_list":{"0":"post-19973","1":"product","2":"type-product","3":"status-publish","4":"has-post-thumbnail","6":"product_cat-camaras","7":"product_cat-tecnologia-del-hogar","9":"first","10":"instock","11":"sale","12":"taxable","13":"shipping-taxable","14":"purchasable","15":"product-type-simple"},"acf":[],"_links":{"self":[{"href":"https:\/\/tiendaflex.ec\/en\/wp-json\/wp\/v2\/product\/19973","targetHints":{"allow":["GET"]}}],"collection":[{"href":"https:\/\/tiendaflex.ec\/en\/wp-json\/wp\/v2\/product"}],"about":[{"href":"https:\/\/tiendaflex.ec\/en\/wp-json\/wp\/v2\/types\/product"}],"replies":[{"embeddable":true,"href":"https:\/\/tiendaflex.ec\/en\/wp-json\/wp\/v2\/comments?post=19973"}],"version-history":[{"count":2,"href":"https:\/\/tiendaflex.ec\/en\/wp-json\/wp\/v2\/product\/19973\/revisions"}],"predecessor-version":[{"id":20172,"href":"https:\/\/tiendaflex.ec\/en\/wp-json\/wp\/v2\/product\/19973\/revisions\/20172"}],"wp:featuredmedia":[{"embeddable":true,"href":"https:\/\/tiendaflex.ec\/en\/wp-json\/wp\/v2\/media\/19943"}],"wp:attachment":[{"href":"https:\/\/tiendaflex.ec\/en\/wp-json\/wp\/v2\/media?parent=19973"}],"wp:term":[{"taxonomy":"product_brand","embeddable":true,"href":"https:\/\/tiendaflex.ec\/en\/wp-json\/wp\/v2\/product_brand?post=19973"},{"taxonomy":"product_cat","embeddable":true,"href":"https:\/\/tiendaflex.ec\/en\/wp-json\/wp\/v2\/product_cat?post=19973"},{"taxonomy":"product_tag","embeddable":true,"href":"https:\/\/tiendaflex.ec\/en\/wp-json\/wp\/v2\/product_tag?post=19973"}],"curies":[{"name":"wp","href":"https:\/\/api.w.org\/{rel}","templated":true}]}}