{"id":19935,"date":"2025-06-25T21:45:11","date_gmt":"2025-06-26T02:45:11","guid":{"rendered":"https:\/\/tiendaflex.ec\/?post_type=product&#038;p=19935"},"modified":"2025-06-27T16:57:06","modified_gmt":"2025-06-27T21:57:06","slug":"ht406-audifonos-lecoo","status":"publish","type":"product","link":"https:\/\/tiendaflex.ec\/en\/product\/ht406-audifonos-lecoo\/","title":{"rendered":"AUD\u00cdFONOS HT406 LECOO"},"content":{"rendered":"","protected":false},"excerpt":{"rendered":"<p>Disfruta de tus juegos, m\u00fasica o videollamadas con los Lenovo Lecoo HT406, aud\u00edfonos tipo diadema con micr\u00f3fono integrado, jack 3.5 mm y luces LED RGB que elevan tu experiencia de audio con un toque moderno y c\u00f3modo.<\/p>\n<p>\u2728 Caracter\u00edsticas destacadas:<br \/>\n\u2714\ufe0f Marca: Lenovo<br \/>\n\u2714\ufe0f Modelo: Lecoo HT406<br \/>\n\u2714\ufe0f Aud\u00edfono tipo diadema<br \/>\n\u2714\ufe0f Micr\u00f3fono incorporado<br \/>\n\u2714\ufe0f Conexi\u00f3n: Jack 3.5 mm<br \/>\n\u2714\ufe0f Iluminaci\u00f3n LED RGB<br \/>\n\u2714\ufe0f Dimensiones: 194.2 \u00d7 216.2 \u00d7 88.7 mm<br \/>\n\u2714\ufe0f Color: Negro<\/p>\n<p>\ud83d\udce6 Contenido del empaque:<br \/>\n\u2022 1 aud\u00edfono<br \/>\n\u2022 1 manual de usuario<\/p>\n<p>\ud83d\udcf2 Cont\u00e1ctanos al: +593984123231<\/p>","protected":false},"featured_media":19866,"comment_status":"open","ping_status":"closed","template":"","meta":{"_acf_changed":false},"product_brand":[],"product_cat":[682,633],"product_tag":[],"class_list":{"0":"post-19935","1":"product","2":"type-product","3":"status-publish","4":"has-post-thumbnail","6":"product_cat-audifonos","7":"product_cat-tecnologia","9":"first","10":"instock","11":"sale","12":"taxable","13":"shipping-taxable","14":"purchasable","15":"product-type-simple"},"acf":[],"_links":{"self":[{"href":"https:\/\/tiendaflex.ec\/en\/wp-json\/wp\/v2\/product\/19935","targetHints":{"allow":["GET"]}}],"collection":[{"href":"https:\/\/tiendaflex.ec\/en\/wp-json\/wp\/v2\/product"}],"about":[{"href":"https:\/\/tiendaflex.ec\/en\/wp-json\/wp\/v2\/types\/product"}],"replies":[{"embeddable":true,"href":"https:\/\/tiendaflex.ec\/en\/wp-json\/wp\/v2\/comments?post=19935"}],"version-history":[{"count":2,"href":"https:\/\/tiendaflex.ec\/en\/wp-json\/wp\/v2\/product\/19935\/revisions"}],"predecessor-version":[{"id":20158,"href":"https:\/\/tiendaflex.ec\/en\/wp-json\/wp\/v2\/product\/19935\/revisions\/20158"}],"wp:featuredmedia":[{"embeddable":true,"href":"https:\/\/tiendaflex.ec\/en\/wp-json\/wp\/v2\/media\/19866"}],"wp:attachment":[{"href":"https:\/\/tiendaflex.ec\/en\/wp-json\/wp\/v2\/media?parent=19935"}],"wp:term":[{"taxonomy":"product_brand","embeddable":true,"href":"https:\/\/tiendaflex.ec\/en\/wp-json\/wp\/v2\/product_brand?post=19935"},{"taxonomy":"product_cat","embeddable":true,"href":"https:\/\/tiendaflex.ec\/en\/wp-json\/wp\/v2\/product_cat?post=19935"},{"taxonomy":"product_tag","embeddable":true,"href":"https:\/\/tiendaflex.ec\/en\/wp-json\/wp\/v2\/product_tag?post=19935"}],"curies":[{"name":"wp","href":"https:\/\/api.w.org\/{rel}","templated":true}]}}