{"id":19928,"date":"2025-06-25T21:36:36","date_gmt":"2025-06-26T02:36:36","guid":{"rendered":"https:\/\/tiendaflex.ec\/?post_type=product&#038;p=19928"},"modified":"2025-06-27T16:57:28","modified_gmt":"2025-06-27T21:57:28","slug":"livepods-gm2-pro","status":"publish","type":"product","link":"https:\/\/tiendaflex.ec\/en\/product\/livepods-gm2-pro\/","title":{"rendered":"AUD\u00cdFONOS GM2 PRO"},"content":{"rendered":"","protected":false},"excerpt":{"rendered":"<p>Disfruta de tu m\u00fasica, juegos o llamadas con total libertad gracias a los ThinkPlus GM2 Pro. Con conexi\u00f3n Bluetooth 5.3, control t\u00e1ctil y dise\u00f1o ergon\u00f3mico, ofrecen una experiencia inal\u00e1mbrica c\u00f3moda y moderna.<\/p>\n<p>\u2728 Caracter\u00edsticas destacadas:<br \/>\n\u2714\ufe0f Marca: Lenovo<br \/>\n\u2714\ufe0f Modelo: LivePods GM2 Pro<br \/>\n\u2714\ufe0f Conectividad: Bluetooth 5.3<br \/>\n\u2714\ufe0f Distancia de transmisi\u00f3n: hasta 10 metros<br \/>\n\u2714\ufe0f Bater\u00eda: 350 mAh (estuche)<br \/>\n\u2714\ufe0f Tiempo de reproducci\u00f3n: hasta 5 horas<br \/>\n\u2714\ufe0f Entrada nominal: 5V<br \/>\n\u2714\ufe0f Control t\u00e1ctil inteligente<br \/>\n\u2714\ufe0f Color: Negro<\/p>\n<p>\ud83d\udce6 Contenido del empaque:<br \/>\n\u2022 1 par de auriculares<br \/>\n\u2022 1 estuche de carga<br \/>\n\u2022 1 cable de carga<br \/>\n\u2022 1 manual de usuario<\/p>\n<p>\ud83d\udcf2 Cont\u00e1ctanos al: +593984123231<\/p>","protected":false},"featured_media":19864,"comment_status":"open","ping_status":"closed","template":"","meta":{"_acf_changed":false},"product_brand":[],"product_cat":[682,633],"product_tag":[],"class_list":{"0":"post-19928","1":"product","2":"type-product","3":"status-publish","4":"has-post-thumbnail","6":"product_cat-audifonos","7":"product_cat-tecnologia","9":"first","10":"instock","11":"sale","12":"taxable","13":"shipping-taxable","14":"purchasable","15":"product-type-simple"},"acf":[],"_links":{"self":[{"href":"https:\/\/tiendaflex.ec\/en\/wp-json\/wp\/v2\/product\/19928","targetHints":{"allow":["GET"]}}],"collection":[{"href":"https:\/\/tiendaflex.ec\/en\/wp-json\/wp\/v2\/product"}],"about":[{"href":"https:\/\/tiendaflex.ec\/en\/wp-json\/wp\/v2\/types\/product"}],"replies":[{"embeddable":true,"href":"https:\/\/tiendaflex.ec\/en\/wp-json\/wp\/v2\/comments?post=19928"}],"version-history":[{"count":2,"href":"https:\/\/tiendaflex.ec\/en\/wp-json\/wp\/v2\/product\/19928\/revisions"}],"predecessor-version":[{"id":20160,"href":"https:\/\/tiendaflex.ec\/en\/wp-json\/wp\/v2\/product\/19928\/revisions\/20160"}],"wp:featuredmedia":[{"embeddable":true,"href":"https:\/\/tiendaflex.ec\/en\/wp-json\/wp\/v2\/media\/19864"}],"wp:attachment":[{"href":"https:\/\/tiendaflex.ec\/en\/wp-json\/wp\/v2\/media?parent=19928"}],"wp:term":[{"taxonomy":"product_brand","embeddable":true,"href":"https:\/\/tiendaflex.ec\/en\/wp-json\/wp\/v2\/product_brand?post=19928"},{"taxonomy":"product_cat","embeddable":true,"href":"https:\/\/tiendaflex.ec\/en\/wp-json\/wp\/v2\/product_cat?post=19928"},{"taxonomy":"product_tag","embeddable":true,"href":"https:\/\/tiendaflex.ec\/en\/wp-json\/wp\/v2\/product_tag?post=19928"}],"curies":[{"name":"wp","href":"https:\/\/api.w.org\/{rel}","templated":true}]}}