{"id":19852,"date":"2025-06-25T00:15:31","date_gmt":"2025-06-25T05:15:31","guid":{"rendered":"https:\/\/tiendaflex.ec\/?post_type=product&#038;p=19852"},"modified":"2025-06-27T16:59:12","modified_gmt":"2025-06-27T21:59:12","slug":"lenovo-lp75","status":"publish","type":"product","link":"https:\/\/tiendaflex.ec\/en\/product\/lenovo-lp75\/","title":{"rendered":"AUD\u00cdFONOS LP75 LENOVO"},"content":{"rendered":"","protected":false},"excerpt":{"rendered":"<p>Inal\u00e1mbricos deportivos con control t\u00e1ctil<br \/>\nLleva tu m\u00fasica a donde vayas con los Lenovo ThinkPlus LP75, aud\u00edfonos inal\u00e1mbricos deportivos con Bluetooth 5.3. Disfruta de un estuche de carga de 400 mAh y funci\u00f3n de control t\u00e1ctil para una experiencia c\u00f3moda y funcional en cada entrenamiento.<\/p>\n<p>\u2714\ufe0f Marca: Lenovo<br \/>\n\u2714\ufe0f Modelo: LP75<br \/>\n\u2714\ufe0f Aud\u00edfonos inal\u00e1mbricos deportivos<br \/>\n\u2714\ufe0f Versi\u00f3n Bluetooth: 5.3<br \/>\n\u2714\ufe0f Estuche de carga: 400 mAh<br \/>\n\u2714\ufe0f Funci\u00f3n de control t\u00e1ctil<br \/>\n\u2714\ufe0f Contenido del empaque:<br \/>\n\u2022 2 auriculares Bluetooth<br \/>\n\u2022 1 estuche de carga<br \/>\n\u2022 1 cable USB<br \/>\n\u2022 1 manual del usuario<br \/>\n\u2022 3 copas de auriculares (tama\u00f1os S, M, L)<\/p>\n<p>\ud83d\udcf2 Cont\u00e1ctanos al: +593984123231<\/p>","protected":false},"featured_media":19808,"comment_status":"open","ping_status":"closed","template":"","meta":{"_acf_changed":false},"product_brand":[],"product_cat":[682,633],"product_tag":[],"class_list":{"0":"post-19852","1":"product","2":"type-product","3":"status-publish","4":"has-post-thumbnail","6":"product_cat-audifonos","7":"product_cat-tecnologia","9":"first","10":"instock","11":"sale","12":"taxable","13":"shipping-taxable","14":"purchasable","15":"product-type-simple"},"acf":[],"_links":{"self":[{"href":"https:\/\/tiendaflex.ec\/en\/wp-json\/wp\/v2\/product\/19852","targetHints":{"allow":["GET"]}}],"collection":[{"href":"https:\/\/tiendaflex.ec\/en\/wp-json\/wp\/v2\/product"}],"about":[{"href":"https:\/\/tiendaflex.ec\/en\/wp-json\/wp\/v2\/types\/product"}],"replies":[{"embeddable":true,"href":"https:\/\/tiendaflex.ec\/en\/wp-json\/wp\/v2\/comments?post=19852"}],"version-history":[{"count":2,"href":"https:\/\/tiendaflex.ec\/en\/wp-json\/wp\/v2\/product\/19852\/revisions"}],"predecessor-version":[{"id":20161,"href":"https:\/\/tiendaflex.ec\/en\/wp-json\/wp\/v2\/product\/19852\/revisions\/20161"}],"wp:featuredmedia":[{"embeddable":true,"href":"https:\/\/tiendaflex.ec\/en\/wp-json\/wp\/v2\/media\/19808"}],"wp:attachment":[{"href":"https:\/\/tiendaflex.ec\/en\/wp-json\/wp\/v2\/media?parent=19852"}],"wp:term":[{"taxonomy":"product_brand","embeddable":true,"href":"https:\/\/tiendaflex.ec\/en\/wp-json\/wp\/v2\/product_brand?post=19852"},{"taxonomy":"product_cat","embeddable":true,"href":"https:\/\/tiendaflex.ec\/en\/wp-json\/wp\/v2\/product_cat?post=19852"},{"taxonomy":"product_tag","embeddable":true,"href":"https:\/\/tiendaflex.ec\/en\/wp-json\/wp\/v2\/product_tag?post=19852"}],"curies":[{"name":"wp","href":"https:\/\/api.w.org\/{rel}","templated":true}]}}