{"id":19849,"date":"2025-06-25T00:13:12","date_gmt":"2025-06-25T05:13:12","guid":{"rendered":"https:\/\/tiendaflex.ec\/?post_type=product&#038;p=19849"},"modified":"2025-09-08T23:21:58","modified_gmt":"2025-09-09T04:21:58","slug":"smart-kettle-pro","status":"publish","type":"product","link":"https:\/\/tiendaflex.ec\/en\/product\/smart-kettle-pro\/","title":{"rendered":"Hervidor Smart Kettle Pro"},"content":{"rendered":"","protected":false},"excerpt":{"rendered":"<p>Tecnolog\u00eda y control al alcance de tu mano<br \/>\nDisfruta de la comodidad de controlar tu hervidor desde la aplicaci\u00f3n y monitorear la temperatura en tiempo real con la Mi Smart Kettle Pro. Con una alta capacidad de 1.5 litros y potencia de 1800 vatios, su dise\u00f1o en acero inoxidable combina funcionalidad y estilo para tu cocina.<\/p>\n<ul>\n<li>Marca: XIAOMI<\/li>\n<\/ul>\n<p>\u2714\ufe0f Pantalla de temperatura en tiempo real<br \/>\n\u2714\ufe0f Capacidad: 1.5 litros<br \/>\n\u2714\ufe0f Control remoto v\u00eda aplicaci\u00f3n m\u00f3vil<br \/>\n\u2714\ufe0f Potencia: 1800 vatios<br \/>\n\u2714\ufe0f Material: Acero inoxidable<\/p>\n<p>\ud83d\udcf2 Cont\u00e1ctanos al: +593984123231<\/p>","protected":false},"featured_media":19809,"comment_status":"open","ping_status":"closed","template":"","meta":{"_acf_changed":false},"product_brand":[],"product_cat":[549,594],"product_tag":[],"class_list":{"0":"post-19849","1":"product","2":"type-product","3":"status-publish","4":"has-post-thumbnail","6":"product_cat-electrodomesticos","7":"product_cat-electromenores","9":"first","10":"instock","11":"sale","12":"taxable","13":"shipping-taxable","14":"purchasable","15":"product-type-simple"},"acf":[],"_links":{"self":[{"href":"https:\/\/tiendaflex.ec\/en\/wp-json\/wp\/v2\/product\/19849","targetHints":{"allow":["GET"]}}],"collection":[{"href":"https:\/\/tiendaflex.ec\/en\/wp-json\/wp\/v2\/product"}],"about":[{"href":"https:\/\/tiendaflex.ec\/en\/wp-json\/wp\/v2\/types\/product"}],"replies":[{"embeddable":true,"href":"https:\/\/tiendaflex.ec\/en\/wp-json\/wp\/v2\/comments?post=19849"}],"version-history":[{"count":3,"href":"https:\/\/tiendaflex.ec\/en\/wp-json\/wp\/v2\/product\/19849\/revisions"}],"predecessor-version":[{"id":23477,"href":"https:\/\/tiendaflex.ec\/en\/wp-json\/wp\/v2\/product\/19849\/revisions\/23477"}],"wp:featuredmedia":[{"embeddable":true,"href":"https:\/\/tiendaflex.ec\/en\/wp-json\/wp\/v2\/media\/19809"}],"wp:attachment":[{"href":"https:\/\/tiendaflex.ec\/en\/wp-json\/wp\/v2\/media?parent=19849"}],"wp:term":[{"taxonomy":"product_brand","embeddable":true,"href":"https:\/\/tiendaflex.ec\/en\/wp-json\/wp\/v2\/product_brand?post=19849"},{"taxonomy":"product_cat","embeddable":true,"href":"https:\/\/tiendaflex.ec\/en\/wp-json\/wp\/v2\/product_cat?post=19849"},{"taxonomy":"product_tag","embeddable":true,"href":"https:\/\/tiendaflex.ec\/en\/wp-json\/wp\/v2\/product_tag?post=19849"}],"curies":[{"name":"wp","href":"https:\/\/api.w.org\/{rel}","templated":true}]}}