{"id":19831,"date":"2025-06-24T23:48:23","date_gmt":"2025-06-25T04:48:23","guid":{"rendered":"https:\/\/tiendaflex.ec\/?post_type=product&#038;p=19831"},"modified":"2025-07-18T16:01:26","modified_gmt":"2025-07-18T21:01:26","slug":"sofa-triple-nubika","status":"publish","type":"product","link":"https:\/\/tiendaflex.ec\/en\/product\/sofa-triple-nubika\/","title":{"rendered":"Sof\u00e1 NUBIKA"},"content":{"rendered":"","protected":false},"excerpt":{"rendered":"<p>El Sof\u00e1 NUBIKA es sin\u00f3nimo de confort moderno. Con bordes redondeados y un tapiz tipo sheep skin, este sof\u00e1 invita al descanso total. Su dise\u00f1o envolvente y acogedor convierte cualquier espacio en un refugio c\u00e1lido y estilizado.<\/p>\n<p>\u2714\ufe0f Dimensiones: 235 cm largo x 106 cm profundidad x 79 cm alto<\/p>\n<p>\u2714\ufe0f Estilo: Moderno<br \/>\n\u2714\ufe0f Capacidad: 3 personas<br \/>\n\u2714\ufe0f Tapiz: a elecci\u00f3n del cliente<\/p>\n<p>\u274c No incluye cojines<br \/>\n\ud83d\udccc Colores de los productos pueden variar por efectos de luz, brillo del tapiz o pantalla<\/p>\n<p>\ud83d\udcf2 Cont\u00e1ctanos al: +593984123231<\/p>","protected":false},"featured_media":21053,"comment_status":"open","ping_status":"closed","template":"","meta":{"_acf_changed":false},"product_brand":[],"product_cat":[542,604],"product_tag":[],"class_list":{"0":"post-19831","1":"product","2":"type-product","3":"status-publish","4":"has-post-thumbnail","6":"product_cat-muebles","7":"product_cat-sofas","9":"first","10":"instock","11":"sale","12":"taxable","13":"shipping-taxable","14":"purchasable","15":"product-type-simple"},"acf":[],"_links":{"self":[{"href":"https:\/\/tiendaflex.ec\/en\/wp-json\/wp\/v2\/product\/19831","targetHints":{"allow":["GET"]}}],"collection":[{"href":"https:\/\/tiendaflex.ec\/en\/wp-json\/wp\/v2\/product"}],"about":[{"href":"https:\/\/tiendaflex.ec\/en\/wp-json\/wp\/v2\/types\/product"}],"replies":[{"embeddable":true,"href":"https:\/\/tiendaflex.ec\/en\/wp-json\/wp\/v2\/comments?post=19831"}],"version-history":[{"count":3,"href":"https:\/\/tiendaflex.ec\/en\/wp-json\/wp\/v2\/product\/19831\/revisions"}],"predecessor-version":[{"id":21068,"href":"https:\/\/tiendaflex.ec\/en\/wp-json\/wp\/v2\/product\/19831\/revisions\/21068"}],"wp:featuredmedia":[{"embeddable":true,"href":"https:\/\/tiendaflex.ec\/en\/wp-json\/wp\/v2\/media\/21053"}],"wp:attachment":[{"href":"https:\/\/tiendaflex.ec\/en\/wp-json\/wp\/v2\/media?parent=19831"}],"wp:term":[{"taxonomy":"product_brand","embeddable":true,"href":"https:\/\/tiendaflex.ec\/en\/wp-json\/wp\/v2\/product_brand?post=19831"},{"taxonomy":"product_cat","embeddable":true,"href":"https:\/\/tiendaflex.ec\/en\/wp-json\/wp\/v2\/product_cat?post=19831"},{"taxonomy":"product_tag","embeddable":true,"href":"https:\/\/tiendaflex.ec\/en\/wp-json\/wp\/v2\/product_tag?post=19831"}],"curies":[{"name":"wp","href":"https:\/\/api.w.org\/{rel}","templated":true}]}}