{"id":19825,"date":"2025-06-24T23:42:47","date_gmt":"2025-06-25T04:42:47","guid":{"rendered":"https:\/\/tiendaflex.ec\/?post_type=product&#038;p=19825"},"modified":"2025-07-18T16:06:34","modified_gmt":"2025-07-18T21:06:34","slug":"velnia","status":"publish","type":"product","link":"https:\/\/tiendaflex.ec\/en\/product\/velnia\/","title":{"rendered":"SOF\u00c1 VELNIA"},"content":{"rendered":"","protected":false},"excerpt":{"rendered":"<p>El Sof\u00e1 Velnia fusiona dise\u00f1o moderno y funcionalidad para ofrecer un asiento c\u00f3modo y estilizado. Ideal para salas de estar contempor\u00e1neas, con materiales duraderos y detalles que marcan la diferencia en cualquier ambiente.<\/p>\n<p>\u2714\ufe0f Dimensiones: Sof\u00e1 Triple \u2013 203 cm largo x 85 cm profundidad x 80 cm alto<br \/>\n\u2714\ufe0f Tapiz: a elecci\u00f3n del cliente<br \/>\n\u25aa\ufe0f S\u00edmil Lino \u2013 Textura con car\u00e1cter y aspecto natural<br \/>\n\u2714\ufe0f Estilo: Contempor\u00e1neo con l\u00edneas limpias y estructura ergon\u00f3mica<br \/>\n\u274c No incluye cojines<\/p>\n<p>\ud83d\udcf2 Cont\u00e1ctanos al: +593984123231<\/p>","protected":false},"featured_media":21035,"comment_status":"open","ping_status":"closed","template":"","meta":{"_acf_changed":false},"product_brand":[],"product_cat":[542,604],"product_tag":[],"class_list":{"0":"post-19825","1":"product","2":"type-product","3":"status-publish","4":"has-post-thumbnail","6":"product_cat-muebles","7":"product_cat-sofas","9":"first","10":"instock","11":"sale","12":"taxable","13":"shipping-taxable","14":"purchasable","15":"product-type-simple"},"acf":[],"_links":{"self":[{"href":"https:\/\/tiendaflex.ec\/en\/wp-json\/wp\/v2\/product\/19825","targetHints":{"allow":["GET"]}}],"collection":[{"href":"https:\/\/tiendaflex.ec\/en\/wp-json\/wp\/v2\/product"}],"about":[{"href":"https:\/\/tiendaflex.ec\/en\/wp-json\/wp\/v2\/types\/product"}],"replies":[{"embeddable":true,"href":"https:\/\/tiendaflex.ec\/en\/wp-json\/wp\/v2\/comments?post=19825"}],"version-history":[{"count":4,"href":"https:\/\/tiendaflex.ec\/en\/wp-json\/wp\/v2\/product\/19825\/revisions"}],"predecessor-version":[{"id":21071,"href":"https:\/\/tiendaflex.ec\/en\/wp-json\/wp\/v2\/product\/19825\/revisions\/21071"}],"wp:featuredmedia":[{"embeddable":true,"href":"https:\/\/tiendaflex.ec\/en\/wp-json\/wp\/v2\/media\/21035"}],"wp:attachment":[{"href":"https:\/\/tiendaflex.ec\/en\/wp-json\/wp\/v2\/media?parent=19825"}],"wp:term":[{"taxonomy":"product_brand","embeddable":true,"href":"https:\/\/tiendaflex.ec\/en\/wp-json\/wp\/v2\/product_brand?post=19825"},{"taxonomy":"product_cat","embeddable":true,"href":"https:\/\/tiendaflex.ec\/en\/wp-json\/wp\/v2\/product_cat?post=19825"},{"taxonomy":"product_tag","embeddable":true,"href":"https:\/\/tiendaflex.ec\/en\/wp-json\/wp\/v2\/product_tag?post=19825"}],"curies":[{"name":"wp","href":"https:\/\/api.w.org\/{rel}","templated":true}]}}