{"id":19799,"date":"2025-06-23T22:20:19","date_gmt":"2025-06-24T03:20:19","guid":{"rendered":"https:\/\/tiendaflex.ec\/?post_type=product&#038;p=19799"},"modified":"2025-06-27T16:59:56","modified_gmt":"2025-06-27T21:59:56","slug":"hp-858w-audifonos-bluetooth","status":"publish","type":"product","link":"https:\/\/tiendaflex.ec\/en\/product\/hp-858w-audifonos-bluetooth\/","title":{"rendered":"AUD\u00cdFONOS HP-858W"},"content":{"rendered":"","protected":false},"excerpt":{"rendered":"<p>Dise\u00f1o moderno, liviano y con el mejor sonido para tu d\u00eda a d\u00eda.<\/p>\n<p>\u2714\ufe0f Ultra livianos: confort total incluso tras horas de uso.<br \/>\n\u2714\ufe0f 3 modos de conexi\u00f3n: Bluetooth, con cable auxiliar y adaptador Tipo C incluido.<br \/>\n\u2714\ufe0f Bater\u00eda duradera: \u00a1hasta 25 horas de m\u00fasica ininterrumpida!<br \/>\n\u2714\ufe0f Micr\u00f3fono HD: omnidireccional para llamadas claras y n\u00edtidas.<br \/>\n\u2714\ufe0f Latencia ultra baja: solo 28 ms, ideal para gaming y streaming sin retrasos.<br \/>\n\u2714\ufe0f Dise\u00f1o tipo diadema: envolvente y c\u00f3modo para uso prolongado.<\/p>\n<p>\ud83d\udcf2 Contacto: +593984123231<\/p>","protected":false},"featured_media":19749,"comment_status":"open","ping_status":"closed","template":"","meta":{"_acf_changed":false},"product_brand":[],"product_cat":[682,633],"product_tag":[],"class_list":{"0":"post-19799","1":"product","2":"type-product","3":"status-publish","4":"has-post-thumbnail","6":"product_cat-audifonos","7":"product_cat-tecnologia","9":"first","10":"instock","11":"sale","12":"taxable","13":"shipping-taxable","14":"purchasable","15":"product-type-simple"},"acf":[],"_links":{"self":[{"href":"https:\/\/tiendaflex.ec\/en\/wp-json\/wp\/v2\/product\/19799","targetHints":{"allow":["GET"]}}],"collection":[{"href":"https:\/\/tiendaflex.ec\/en\/wp-json\/wp\/v2\/product"}],"about":[{"href":"https:\/\/tiendaflex.ec\/en\/wp-json\/wp\/v2\/types\/product"}],"replies":[{"embeddable":true,"href":"https:\/\/tiendaflex.ec\/en\/wp-json\/wp\/v2\/comments?post=19799"}],"version-history":[{"count":2,"href":"https:\/\/tiendaflex.ec\/en\/wp-json\/wp\/v2\/product\/19799\/revisions"}],"predecessor-version":[{"id":20166,"href":"https:\/\/tiendaflex.ec\/en\/wp-json\/wp\/v2\/product\/19799\/revisions\/20166"}],"wp:featuredmedia":[{"embeddable":true,"href":"https:\/\/tiendaflex.ec\/en\/wp-json\/wp\/v2\/media\/19749"}],"wp:attachment":[{"href":"https:\/\/tiendaflex.ec\/en\/wp-json\/wp\/v2\/media?parent=19799"}],"wp:term":[{"taxonomy":"product_brand","embeddable":true,"href":"https:\/\/tiendaflex.ec\/en\/wp-json\/wp\/v2\/product_brand?post=19799"},{"taxonomy":"product_cat","embeddable":true,"href":"https:\/\/tiendaflex.ec\/en\/wp-json\/wp\/v2\/product_cat?post=19799"},{"taxonomy":"product_tag","embeddable":true,"href":"https:\/\/tiendaflex.ec\/en\/wp-json\/wp\/v2\/product_tag?post=19799"}],"curies":[{"name":"wp","href":"https:\/\/api.w.org\/{rel}","templated":true}]}}