{"id":19796,"date":"2025-06-23T22:17:29","date_gmt":"2025-06-24T03:17:29","guid":{"rendered":"https:\/\/tiendaflex.ec\/?post_type=product&#038;p=19796"},"modified":"2025-06-23T22:17:29","modified_gmt":"2025-06-24T03:17:29","slug":"camara-de-red-2mp","status":"publish","type":"product","link":"https:\/\/tiendaflex.ec\/en\/product\/camara-de-red-2mp\/","title":{"rendered":"C\u00c1MARA DE RED 2MP"},"content":{"rendered":"","protected":false},"excerpt":{"rendered":"<p>Seguridad inteligente y comunicaci\u00f3n en tiempo real para proteger lo que m\u00e1s importa.<\/p>\n<p>\u2714\ufe0f Resoluci\u00f3n 2 MP: im\u00e1genes claras y de alta calidad.<br \/>\n\u2714\ufe0f Tecnolog\u00eda WDR digital: im\u00e1genes n\u00edtidas incluso con luz de fondo intensa.<br \/>\n\u2714\ufe0f Detecci\u00f3n de cuerpo humano: basada en inteligencia artificial y aprendizaje profundo.<br \/>\n\u2714\ufe0f Audio bidireccional: micr\u00f3fono y altavoz integrados para comunicaci\u00f3n en tiempo real.<\/p>\n<p>\ud83d\udcf2 Contacto: +593984123231<\/p>","protected":false},"featured_media":19751,"comment_status":"open","ping_status":"closed","template":"","meta":{"_acf_changed":false},"product_brand":[],"product_cat":[584,547],"product_tag":[],"class_list":{"0":"post-19796","1":"product","2":"type-product","3":"status-publish","4":"has-post-thumbnail","6":"product_cat-camaras","7":"product_cat-tecnologia-del-hogar","9":"first","10":"instock","11":"sale","12":"taxable","13":"shipping-taxable","14":"purchasable","15":"product-type-simple"},"acf":[],"_links":{"self":[{"href":"https:\/\/tiendaflex.ec\/en\/wp-json\/wp\/v2\/product\/19796","targetHints":{"allow":["GET"]}}],"collection":[{"href":"https:\/\/tiendaflex.ec\/en\/wp-json\/wp\/v2\/product"}],"about":[{"href":"https:\/\/tiendaflex.ec\/en\/wp-json\/wp\/v2\/types\/product"}],"replies":[{"embeddable":true,"href":"https:\/\/tiendaflex.ec\/en\/wp-json\/wp\/v2\/comments?post=19796"}],"version-history":[{"count":2,"href":"https:\/\/tiendaflex.ec\/en\/wp-json\/wp\/v2\/product\/19796\/revisions"}],"predecessor-version":[{"id":19798,"href":"https:\/\/tiendaflex.ec\/en\/wp-json\/wp\/v2\/product\/19796\/revisions\/19798"}],"wp:featuredmedia":[{"embeddable":true,"href":"https:\/\/tiendaflex.ec\/en\/wp-json\/wp\/v2\/media\/19751"}],"wp:attachment":[{"href":"https:\/\/tiendaflex.ec\/en\/wp-json\/wp\/v2\/media?parent=19796"}],"wp:term":[{"taxonomy":"product_brand","embeddable":true,"href":"https:\/\/tiendaflex.ec\/en\/wp-json\/wp\/v2\/product_brand?post=19796"},{"taxonomy":"product_cat","embeddable":true,"href":"https:\/\/tiendaflex.ec\/en\/wp-json\/wp\/v2\/product_cat?post=19796"},{"taxonomy":"product_tag","embeddable":true,"href":"https:\/\/tiendaflex.ec\/en\/wp-json\/wp\/v2\/product_tag?post=19796"}],"curies":[{"name":"wp","href":"https:\/\/api.w.org\/{rel}","templated":true}]}}