{"id":19793,"date":"2025-06-23T22:15:10","date_gmt":"2025-06-24T03:15:10","guid":{"rendered":"https:\/\/tiendaflex.ec\/?post_type=product&#038;p=19793"},"modified":"2025-06-23T22:15:11","modified_gmt":"2025-06-24T03:15:11","slug":"camara-wi-fi-4mp","status":"publish","type":"product","link":"https:\/\/tiendaflex.ec\/en\/product\/camara-wi-fi-4mp\/","title":{"rendered":"C\u00c1MARA WI-FI 4MP"},"content":{"rendered":"","protected":false},"excerpt":{"rendered":"<p>Seguridad avanzada, visi\u00f3n clara y comunicaci\u00f3n bidireccional en un solo dispositivo.<\/p>\n<p>\u2714\ufe0f Resoluci\u00f3n 4 MP: im\u00e1genes n\u00edtidas y detalladas.<br \/>\n\u2714\ufe0f Conectividad Wi-Fi 6: conexi\u00f3n m\u00e1s r\u00e1pida y estable.<br \/>\n\u2714\ufe0f Visi\u00f3n nocturna mixta: hasta 20 m con IR y 15 m con luz blanca.<br \/>\n\u2714\ufe0f Audio bidireccional: micr\u00f3fono y altavoz integrados para comunicarte desde cualquier lugar.<br \/>\n\u2714\ufe0f Tecnolog\u00edas de mejora visual: WDR digital, HLC, BLC, DNR 3D para im\u00e1genes m\u00e1s claras en distintas condiciones de luz.<\/p>\n<p>\ud83d\udcf2 Contacto: +593984123231<\/p>","protected":false},"featured_media":19750,"comment_status":"open","ping_status":"closed","template":"","meta":{"_acf_changed":false},"product_brand":[],"product_cat":[584,547],"product_tag":[],"class_list":{"0":"post-19793","1":"product","2":"type-product","3":"status-publish","4":"has-post-thumbnail","6":"product_cat-camaras","7":"product_cat-tecnologia-del-hogar","9":"first","10":"instock","11":"sale","12":"taxable","13":"shipping-taxable","14":"purchasable","15":"product-type-simple"},"acf":[],"_links":{"self":[{"href":"https:\/\/tiendaflex.ec\/en\/wp-json\/wp\/v2\/product\/19793","targetHints":{"allow":["GET"]}}],"collection":[{"href":"https:\/\/tiendaflex.ec\/en\/wp-json\/wp\/v2\/product"}],"about":[{"href":"https:\/\/tiendaflex.ec\/en\/wp-json\/wp\/v2\/types\/product"}],"replies":[{"embeddable":true,"href":"https:\/\/tiendaflex.ec\/en\/wp-json\/wp\/v2\/comments?post=19793"}],"version-history":[{"count":2,"href":"https:\/\/tiendaflex.ec\/en\/wp-json\/wp\/v2\/product\/19793\/revisions"}],"predecessor-version":[{"id":19795,"href":"https:\/\/tiendaflex.ec\/en\/wp-json\/wp\/v2\/product\/19793\/revisions\/19795"}],"wp:featuredmedia":[{"embeddable":true,"href":"https:\/\/tiendaflex.ec\/en\/wp-json\/wp\/v2\/media\/19750"}],"wp:attachment":[{"href":"https:\/\/tiendaflex.ec\/en\/wp-json\/wp\/v2\/media?parent=19793"}],"wp:term":[{"taxonomy":"product_brand","embeddable":true,"href":"https:\/\/tiendaflex.ec\/en\/wp-json\/wp\/v2\/product_brand?post=19793"},{"taxonomy":"product_cat","embeddable":true,"href":"https:\/\/tiendaflex.ec\/en\/wp-json\/wp\/v2\/product_cat?post=19793"},{"taxonomy":"product_tag","embeddable":true,"href":"https:\/\/tiendaflex.ec\/en\/wp-json\/wp\/v2\/product_tag?post=19793"}],"curies":[{"name":"wp","href":"https:\/\/api.w.org\/{rel}","templated":true}]}}