{"id":19787,"date":"2025-06-23T22:10:13","date_gmt":"2025-06-24T03:10:13","guid":{"rendered":"https:\/\/tiendaflex.ec\/?post_type=product&#038;p=19787"},"modified":"2025-06-23T22:10:14","modified_gmt":"2025-06-24T03:10:14","slug":"ds-k2814-control-de-acceso","status":"publish","type":"product","link":"https:\/\/tiendaflex.ec\/en\/product\/ds-k2814-control-de-acceso\/","title":{"rendered":"DS-K2814 CONTROL DE ACCESO"},"content":{"rendered":"","protected":false},"excerpt":{"rendered":"<p>Control seguro y avanzado para hasta 4 puertas, ideal para hogares, oficinas y negocios.<\/p>\n<p>\u2699\ufe0f Caracter\u00edsticas principales:<\/p>\n<p>Control de acceso para 4 puertas simult\u00e1neas.<\/p>\n<p>Funciones avanzadas: enclavamiento m\u00faltiple, anti-passback, multitarjeta, primera persona, s\u00faper tarjeta y s\u00faper contrase\u00f1a.<\/p>\n<p>Registro y carga de eventos de alarma para mayor seguridad.<\/p>\n<p>Compatible con interfaces RS-485 y Wiegand (W26\/W34).<\/p>\n<p>Funciona con lectores de tarjetas de terceros v\u00eda interfaz Wiegand.<\/p>\n<p>Admite bater\u00eda de respaldo para protecci\u00f3n continua.<\/p>\n<p>Guarda datos aun cuando el controlador est\u00e1 apagado.<\/p>\n<p>\ud83d\udcf2 Contacto: +593984123231<\/p>","protected":false},"featured_media":19747,"comment_status":"open","ping_status":"closed","template":"","meta":{"_acf_changed":false},"product_brand":[],"product_cat":[593,547],"product_tag":[],"class_list":{"0":"post-19787","1":"product","2":"type-product","3":"status-publish","4":"has-post-thumbnail","6":"product_cat-control-de-accesos","7":"product_cat-tecnologia-del-hogar","9":"first","10":"instock","11":"sale","12":"taxable","13":"shipping-taxable","14":"purchasable","15":"product-type-simple"},"acf":[],"_links":{"self":[{"href":"https:\/\/tiendaflex.ec\/en\/wp-json\/wp\/v2\/product\/19787","targetHints":{"allow":["GET"]}}],"collection":[{"href":"https:\/\/tiendaflex.ec\/en\/wp-json\/wp\/v2\/product"}],"about":[{"href":"https:\/\/tiendaflex.ec\/en\/wp-json\/wp\/v2\/types\/product"}],"replies":[{"embeddable":true,"href":"https:\/\/tiendaflex.ec\/en\/wp-json\/wp\/v2\/comments?post=19787"}],"version-history":[{"count":2,"href":"https:\/\/tiendaflex.ec\/en\/wp-json\/wp\/v2\/product\/19787\/revisions"}],"predecessor-version":[{"id":19789,"href":"https:\/\/tiendaflex.ec\/en\/wp-json\/wp\/v2\/product\/19787\/revisions\/19789"}],"wp:featuredmedia":[{"embeddable":true,"href":"https:\/\/tiendaflex.ec\/en\/wp-json\/wp\/v2\/media\/19747"}],"wp:attachment":[{"href":"https:\/\/tiendaflex.ec\/en\/wp-json\/wp\/v2\/media?parent=19787"}],"wp:term":[{"taxonomy":"product_brand","embeddable":true,"href":"https:\/\/tiendaflex.ec\/en\/wp-json\/wp\/v2\/product_brand?post=19787"},{"taxonomy":"product_cat","embeddable":true,"href":"https:\/\/tiendaflex.ec\/en\/wp-json\/wp\/v2\/product_cat?post=19787"},{"taxonomy":"product_tag","embeddable":true,"href":"https:\/\/tiendaflex.ec\/en\/wp-json\/wp\/v2\/product_tag?post=19787"}],"curies":[{"name":"wp","href":"https:\/\/api.w.org\/{rel}","templated":true}]}}