{"id":19784,"date":"2025-06-23T22:00:34","date_gmt":"2025-06-24T03:00:34","guid":{"rendered":"https:\/\/tiendaflex.ec\/?post_type=product&#038;p=19784"},"modified":"2025-06-23T22:00:34","modified_gmt":"2025-06-24T03:00:34","slug":"ax-pro-kit-de-alarma","status":"publish","type":"product","link":"https:\/\/tiendaflex.ec\/en\/product\/ax-pro-kit-de-alarma\/","title":{"rendered":"AX PRO &#8211; KIT DE ALARMA"},"content":{"rendered":"","protected":false},"excerpt":{"rendered":"<p>Seguridad avanzada y conectividad total para tu hogar o negocio<\/p>\n<p>Un sistema inal\u00e1mbrico potente y flexible que soporta hasta 48 zonas para protecci\u00f3n completa y f\u00e1cil control desde tu m\u00f3vil o PC.<\/p>\n<p>\ud83e\udde9 Incluye:<br \/>\n\u2714\ufe0f 1 Concentrador o Hub DS-PWA48-E-WB<br \/>\n\u2714\ufe0f 1 Sensor PIR DS-PDP15P-EG2-WB<br \/>\n\u2714\ufe0f 1 Contacto magn\u00e9tico DS-PDMC-EG2-WB<br \/>\n\u2714\ufe0f 1 Control remoto DS-PKF1-WB<\/p>\n<p>\u2699\ufe0f Caracter\u00edsticas principales:<\/p>\n<p>Soporta hasta 48 zonas o salidas de alarma.<\/p>\n<p>8 \u00e1reas o particiones configurables.<\/p>\n<p>Compatible con hasta 8 lectores Tag o teclados (DS-PT1-WB \/ DS-PK1-E-WB).<\/p>\n<p>Soporta hasta 4 sirenas inal\u00e1mbricas (interior y exterior).<\/p>\n<p>Hasta 16 controles remotos (DS-PKF1-WB).<\/p>\n<p>Soporta hasta 2 repetidores para ampliar la se\u00f1al.<\/p>\n<p>Visualizaci\u00f3n de video de eventos v\u00eda app m\u00f3vil o correo electr\u00f3nico.<\/p>\n<p>Notificaciones Push y correo ante alarmas.<\/p>\n<p>Configuraci\u00f3n por web, app m\u00f3vil o software cliente.<\/p>\n<p>Indicaci\u00f3n de voz para operaci\u00f3n y configuraci\u00f3n.<\/p>\n<p>\ud83d\udd0c Especificaciones t\u00e9cnicas:<\/p>\n<p>Conexi\u00f3n LAN \/ Wi-Fi 2.4 GHz<\/p>\n<p>Consumo: 110 VCA<\/p>\n<p>Temperatura de operaci\u00f3n: -10 \u00b0C a 55 \u00b0C<\/p>\n<p>Dimensiones: 170 \u00d7 170 \u00d7 38.6 mm<\/p>\n<p>\ud83d\udcf2 Contacto: +593984123231<\/p>","protected":false},"featured_media":19746,"comment_status":"open","ping_status":"closed","template":"","meta":{"_acf_changed":false},"product_brand":[],"product_cat":[580,547],"product_tag":[],"class_list":{"0":"post-19784","1":"product","2":"type-product","3":"status-publish","4":"has-post-thumbnail","6":"product_cat-alarmas","7":"product_cat-tecnologia-del-hogar","9":"first","10":"instock","11":"sale","12":"taxable","13":"shipping-taxable","14":"purchasable","15":"product-type-simple"},"acf":[],"_links":{"self":[{"href":"https:\/\/tiendaflex.ec\/en\/wp-json\/wp\/v2\/product\/19784","targetHints":{"allow":["GET"]}}],"collection":[{"href":"https:\/\/tiendaflex.ec\/en\/wp-json\/wp\/v2\/product"}],"about":[{"href":"https:\/\/tiendaflex.ec\/en\/wp-json\/wp\/v2\/types\/product"}],"replies":[{"embeddable":true,"href":"https:\/\/tiendaflex.ec\/en\/wp-json\/wp\/v2\/comments?post=19784"}],"version-history":[{"count":2,"href":"https:\/\/tiendaflex.ec\/en\/wp-json\/wp\/v2\/product\/19784\/revisions"}],"predecessor-version":[{"id":19786,"href":"https:\/\/tiendaflex.ec\/en\/wp-json\/wp\/v2\/product\/19784\/revisions\/19786"}],"wp:featuredmedia":[{"embeddable":true,"href":"https:\/\/tiendaflex.ec\/en\/wp-json\/wp\/v2\/media\/19746"}],"wp:attachment":[{"href":"https:\/\/tiendaflex.ec\/en\/wp-json\/wp\/v2\/media?parent=19784"}],"wp:term":[{"taxonomy":"product_brand","embeddable":true,"href":"https:\/\/tiendaflex.ec\/en\/wp-json\/wp\/v2\/product_brand?post=19784"},{"taxonomy":"product_cat","embeddable":true,"href":"https:\/\/tiendaflex.ec\/en\/wp-json\/wp\/v2\/product_cat?post=19784"},{"taxonomy":"product_tag","embeddable":true,"href":"https:\/\/tiendaflex.ec\/en\/wp-json\/wp\/v2\/product_tag?post=19784"}],"curies":[{"name":"wp","href":"https:\/\/api.w.org\/{rel}","templated":true}]}}