{"id":19781,"date":"2025-06-23T21:46:47","date_gmt":"2025-06-24T02:46:47","guid":{"rendered":"https:\/\/tiendaflex.ec\/?post_type=product&#038;p=19781"},"modified":"2025-06-23T21:46:47","modified_gmt":"2025-06-24T02:46:47","slug":"kit-de-alarma-hibrido","status":"publish","type":"product","link":"https:\/\/tiendaflex.ec\/en\/product\/kit-de-alarma-hibrido\/","title":{"rendered":"KIT DE ALARMA H\u00cdBRIDO"},"content":{"rendered":"","protected":false},"excerpt":{"rendered":"<p>Protecci\u00f3n Inteligente y Flexible para tu Hogar o Negocio<\/p>\n<p>El sistema perfecto para mantener tu propiedad segura. Este kit combina tecnolog\u00eda h\u00edbrida avanzada con facilidad de uso, integrando dispositivos cableados e inal\u00e1mbricos en un solo sistema potente y confiable.<\/p>\n<p>\ud83e\udde9 Incluye:<br \/>\n\u2714\ufe0f 1 Central de Alarma DS-PHA64-LP \u2013 Compatible con dispositivos cableados e inal\u00e1mbricos.<br \/>\n\u2714\ufe0f 2 Sensores de Movimiento PIR DS-PDP18-EG2 \u2013 Detecci\u00f3n precisa de movimiento.<br \/>\n\u2714\ufe0f 1 Teclado LCD DS-PK1-LRT-HWB \u2013 Interfaz intuitiva y visual con pantalla LCD.<br \/>\n\u2714\ufe0f 1 Control Remoto DS-PKF1-WB \u2013 Arma y desarma f\u00e1cilmente desde donde est\u00e9s.<br \/>\n\u2714\ufe0f 1 Contacto Magn\u00e9tico DS-PD1-MC-WS \u2013 Ideal para puertas o ventanas.<\/p>\n<p>\ud83d\udd27 Caracter\u00edsticas Destacadas:<\/p>\n<p>Tecnolog\u00eda h\u00edbrida para m\u00e1xima flexibilidad.<\/p>\n<p>Instalaci\u00f3n simple y eficiente.<\/p>\n<p>Ideal para casas, oficinas o negocios.<\/p>\n<p>Seguridad integral en un solo paquete.<\/p>\n<p>\ud83d\udcf2 Cont\u00e1ctanos: +593984123231<\/p>\n<p>\ud83d\udd12 Conf\u00eda en la seguridad de Hikvision. Protege lo que m\u00e1s importa.<\/p>","protected":false},"featured_media":19745,"comment_status":"open","ping_status":"closed","template":"","meta":{"_acf_changed":false},"product_brand":[],"product_cat":[580,547],"product_tag":[],"class_list":{"0":"post-19781","1":"product","2":"type-product","3":"status-publish","4":"has-post-thumbnail","6":"product_cat-alarmas","7":"product_cat-tecnologia-del-hogar","9":"first","10":"instock","11":"sale","12":"taxable","13":"shipping-taxable","14":"purchasable","15":"product-type-simple"},"acf":[],"_links":{"self":[{"href":"https:\/\/tiendaflex.ec\/en\/wp-json\/wp\/v2\/product\/19781","targetHints":{"allow":["GET"]}}],"collection":[{"href":"https:\/\/tiendaflex.ec\/en\/wp-json\/wp\/v2\/product"}],"about":[{"href":"https:\/\/tiendaflex.ec\/en\/wp-json\/wp\/v2\/types\/product"}],"replies":[{"embeddable":true,"href":"https:\/\/tiendaflex.ec\/en\/wp-json\/wp\/v2\/comments?post=19781"}],"version-history":[{"count":2,"href":"https:\/\/tiendaflex.ec\/en\/wp-json\/wp\/v2\/product\/19781\/revisions"}],"predecessor-version":[{"id":19783,"href":"https:\/\/tiendaflex.ec\/en\/wp-json\/wp\/v2\/product\/19781\/revisions\/19783"}],"wp:featuredmedia":[{"embeddable":true,"href":"https:\/\/tiendaflex.ec\/en\/wp-json\/wp\/v2\/media\/19745"}],"wp:attachment":[{"href":"https:\/\/tiendaflex.ec\/en\/wp-json\/wp\/v2\/media?parent=19781"}],"wp:term":[{"taxonomy":"product_brand","embeddable":true,"href":"https:\/\/tiendaflex.ec\/en\/wp-json\/wp\/v2\/product_brand?post=19781"},{"taxonomy":"product_cat","embeddable":true,"href":"https:\/\/tiendaflex.ec\/en\/wp-json\/wp\/v2\/product_cat?post=19781"},{"taxonomy":"product_tag","embeddable":true,"href":"https:\/\/tiendaflex.ec\/en\/wp-json\/wp\/v2\/product_tag?post=19781"}],"curies":[{"name":"wp","href":"https:\/\/api.w.org\/{rel}","templated":true}]}}