{"id":19778,"date":"2025-06-23T21:43:47","date_gmt":"2025-06-24T02:43:47","guid":{"rendered":"https:\/\/tiendaflex.ec\/?post_type=product&#038;p=19778"},"modified":"2025-06-23T21:43:48","modified_gmt":"2025-06-24T02:43:48","slug":"k2m061-control-de-puerta","status":"publish","type":"product","link":"https:\/\/tiendaflex.ec\/en\/product\/k2m061-control-de-puerta\/","title":{"rendered":"K2M061 &#8211; CONTROL DE PUERTA"},"content":{"rendered":"","protected":false},"excerpt":{"rendered":"<p>Optimiza tu sistema de control de acceso con un m\u00f3dulo seguro, inteligente y confiable. Dise\u00f1ado para trabajar en conjunto con terminales de Hikvision, el DS-K2M061 mejora la protecci\u00f3n ante manipulaciones y facilita una gesti\u00f3n avanzada de entradas y salidas.<\/p>\n<p>\u2714\ufe0f Comunicaci\u00f3n v\u00eda RS-485 con el terminal de acceso<br \/>\n\u2714\ufe0f Ejecuta comandos como abrir\/cerrar puerta, estado normal abierto\/cerrado<br \/>\n\u2714\ufe0f Recolecta se\u00f1ales: bot\u00f3n de salida, contacto magn\u00e9tico y antimanipulaci\u00f3n<br \/>\n\u2714\ufe0f Alarma antimanipulaci\u00f3n integrada<br \/>\n\u2714\ufe0f Indicadores LED para estado de comunicaci\u00f3n RS-485<br \/>\n\u2714\ufe0f Interruptor DIP (4 canales) para ID configurable<br \/>\n\u2714\ufe0f Interfaz Wiegand: Conexi\u00f3n con lector de tarjetas para entradas\/salidas<br \/>\n\u2714\ufe0f Interfaz de vinculaci\u00f3n para sistemas contra incendios<\/p>\n<p>\ud83d\udcf2 Cont\u00e1ctanos: +593984123231<\/p>\n<p>\ud83d\udd10 Automatiza, protege y controla con precisi\u00f3n.<\/p>","protected":false},"featured_media":19744,"comment_status":"open","ping_status":"closed","template":"","meta":{"_acf_changed":false},"product_brand":[],"product_cat":[593,547],"product_tag":[],"class_list":{"0":"post-19778","1":"product","2":"type-product","3":"status-publish","4":"has-post-thumbnail","6":"product_cat-control-de-accesos","7":"product_cat-tecnologia-del-hogar","9":"first","10":"instock","11":"sale","12":"taxable","13":"shipping-taxable","14":"purchasable","15":"product-type-simple"},"acf":[],"_links":{"self":[{"href":"https:\/\/tiendaflex.ec\/en\/wp-json\/wp\/v2\/product\/19778","targetHints":{"allow":["GET"]}}],"collection":[{"href":"https:\/\/tiendaflex.ec\/en\/wp-json\/wp\/v2\/product"}],"about":[{"href":"https:\/\/tiendaflex.ec\/en\/wp-json\/wp\/v2\/types\/product"}],"replies":[{"embeddable":true,"href":"https:\/\/tiendaflex.ec\/en\/wp-json\/wp\/v2\/comments?post=19778"}],"version-history":[{"count":2,"href":"https:\/\/tiendaflex.ec\/en\/wp-json\/wp\/v2\/product\/19778\/revisions"}],"predecessor-version":[{"id":19780,"href":"https:\/\/tiendaflex.ec\/en\/wp-json\/wp\/v2\/product\/19778\/revisions\/19780"}],"wp:featuredmedia":[{"embeddable":true,"href":"https:\/\/tiendaflex.ec\/en\/wp-json\/wp\/v2\/media\/19744"}],"wp:attachment":[{"href":"https:\/\/tiendaflex.ec\/en\/wp-json\/wp\/v2\/media?parent=19778"}],"wp:term":[{"taxonomy":"product_brand","embeddable":true,"href":"https:\/\/tiendaflex.ec\/en\/wp-json\/wp\/v2\/product_brand?post=19778"},{"taxonomy":"product_cat","embeddable":true,"href":"https:\/\/tiendaflex.ec\/en\/wp-json\/wp\/v2\/product_cat?post=19778"},{"taxonomy":"product_tag","embeddable":true,"href":"https:\/\/tiendaflex.ec\/en\/wp-json\/wp\/v2\/product_tag?post=19778"}],"curies":[{"name":"wp","href":"https:\/\/api.w.org\/{rel}","templated":true}]}}