{"id":19761,"date":"2025-06-23T21:13:52","date_gmt":"2025-06-24T02:13:52","guid":{"rendered":"https:\/\/tiendaflex.ec\/?post_type=product&#038;p=19761"},"modified":"2025-06-23T21:13:52","modified_gmt":"2025-06-24T02:13:52","slug":"kd8-pantalla-vision-entry","status":"publish","type":"product","link":"https:\/\/tiendaflex.ec\/en\/product\/kd8-pantalla-vision-entry\/","title":{"rendered":"KD8 &#8211; PANTALLA \u00ab\u00bbVISION ENTRY\u00bb\u00bb"},"content":{"rendered":"","protected":false},"excerpt":{"rendered":"<p>\u00a1Tecnolog\u00eda y elegancia para tu control de acceso!<\/p>\n<p>Disfruta de una experiencia avanzada en seguridad con esta pantalla modular profesional para estaciones de puerta. Perfecta para edificios, oficinas o residencias modernas que exigen un sistema de entrada confiable, claro y eficaz.<\/p>\n<p>\u2714\ufe0f Pantalla LCD de 3,5 pulgadas<br \/>\n\u2714\ufe0f Muestra n\u00famero de marcaci\u00f3n, desbloqueo por c\u00f3digo PIN y lista de contactos<br \/>\n\u2714\ufe0f Capacidad de hasta 2000 contactos<br \/>\n\u2714\ufe0f Nivel de protecci\u00f3n IP65 contra polvo y agua<br \/>\n\u2714\ufe0f Compensaci\u00f3n de luz de fondo para mejor visibilidad<br \/>\n\u2714\ufe0f Soporte para m\u00faltiples idiomas<\/p>\n<p>\ud83d\udcf2 Cont\u00e1ctanos: +593984123231<\/p>\n<p>\ud83d\udccc \u00a1Lleva tu sistema de acceso al siguiente nivel!<\/p>","protected":false},"featured_media":19753,"comment_status":"open","ping_status":"closed","template":"","meta":{"_acf_changed":false},"product_brand":[],"product_cat":[593,547],"product_tag":[],"class_list":{"0":"post-19761","1":"product","2":"type-product","3":"status-publish","4":"has-post-thumbnail","6":"product_cat-control-de-accesos","7":"product_cat-tecnologia-del-hogar","9":"first","10":"instock","11":"sale","12":"taxable","13":"shipping-taxable","14":"purchasable","15":"product-type-simple"},"acf":[],"_links":{"self":[{"href":"https:\/\/tiendaflex.ec\/en\/wp-json\/wp\/v2\/product\/19761","targetHints":{"allow":["GET"]}}],"collection":[{"href":"https:\/\/tiendaflex.ec\/en\/wp-json\/wp\/v2\/product"}],"about":[{"href":"https:\/\/tiendaflex.ec\/en\/wp-json\/wp\/v2\/types\/product"}],"replies":[{"embeddable":true,"href":"https:\/\/tiendaflex.ec\/en\/wp-json\/wp\/v2\/comments?post=19761"}],"version-history":[{"count":2,"href":"https:\/\/tiendaflex.ec\/en\/wp-json\/wp\/v2\/product\/19761\/revisions"}],"predecessor-version":[{"id":19763,"href":"https:\/\/tiendaflex.ec\/en\/wp-json\/wp\/v2\/product\/19761\/revisions\/19763"}],"wp:featuredmedia":[{"embeddable":true,"href":"https:\/\/tiendaflex.ec\/en\/wp-json\/wp\/v2\/media\/19753"}],"wp:attachment":[{"href":"https:\/\/tiendaflex.ec\/en\/wp-json\/wp\/v2\/media?parent=19761"}],"wp:term":[{"taxonomy":"product_brand","embeddable":true,"href":"https:\/\/tiendaflex.ec\/en\/wp-json\/wp\/v2\/product_brand?post=19761"},{"taxonomy":"product_cat","embeddable":true,"href":"https:\/\/tiendaflex.ec\/en\/wp-json\/wp\/v2\/product_cat?post=19761"},{"taxonomy":"product_tag","embeddable":true,"href":"https:\/\/tiendaflex.ec\/en\/wp-json\/wp\/v2\/product_tag?post=19761"}],"curies":[{"name":"wp","href":"https:\/\/api.w.org\/{rel}","templated":true}]}}