{"id":19758,"date":"2025-06-23T21:10:09","date_gmt":"2025-06-24T02:10:09","guid":{"rendered":"https:\/\/tiendaflex.ec\/?post_type=product&#038;p=19758"},"modified":"2025-07-22T22:33:38","modified_gmt":"2025-07-23T03:33:38","slug":"luxenza","status":"publish","type":"product","link":"https:\/\/tiendaflex.ec\/en\/product\/luxenza\/","title":{"rendered":"SALA LURENZA"},"content":{"rendered":"","protected":false},"excerpt":{"rendered":"<p>SALA LURENZA LT, Transforma tu sala en un espacio de confort y distinci\u00f3n con esta elegante composici\u00f3n en L. Ideal para quienes aman el dise\u00f1o con car\u00e1cter y funcionalidad.<\/p>\n<p>\u2714\ufe0f Estructura en madera Laurel Negro del Oriente<br \/>\n\u2714\ufe0f Tratamiento anti-insectos y microorganismos<br \/>\n\u2714\ufe0f Esponja de alta densidad para mayor comodidad<br \/>\n\u2714\ufe0f Tapiz y color de la madera a elecci\u00f3n del cliente<br \/>\n\u2714\ufe0f Patas niqueladas modernas<\/p>\n<p>\ud83d\udce6 Incluye:<br \/>\n\u2022 1 puff<br \/>\n\u2022 1 individual<br \/>\n\u2022 8 cojines grandes<br \/>\n\u2022 7 cojines peque\u00f1os<\/p>\n<p>\ud83d\udcd0 Medidas:<br \/>\n\u2022 Sala en L: Alto 83 cm, Ancho 304 cm, Profundidad 250 cm, Ancho del brazo 91 cm, Alto del asiento 42 cm<br \/>\n\u2022 Individual: Alto 83 cm, Ancho 97 cm, Profundidad 91 cm, Alto del asiento 42 cm<br \/>\n\u2022 Puff: Alto 42 cm, Ancho 72 cm, Profundidad 72 cm<\/p>\n<p>\ud83d\udcf2 Cont\u00e1ctanos: +593984123231<\/p>\n<p>\ud83c\udf1f \u00a1Tu sala merece este nivel de estilo y comodidad!<\/p>","protected":false},"featured_media":21138,"comment_status":"open","ping_status":"closed","template":"","meta":{"_acf_changed":false},"product_brand":[],"product_cat":[542,579],"product_tag":[],"class_list":{"0":"post-19758","1":"product","2":"type-product","3":"status-publish","4":"has-post-thumbnail","6":"product_cat-muebles","7":"product_cat-salas","9":"first","10":"instock","11":"sale","12":"taxable","13":"shipping-taxable","14":"purchasable","15":"product-type-simple"},"acf":[],"_links":{"self":[{"href":"https:\/\/tiendaflex.ec\/en\/wp-json\/wp\/v2\/product\/19758","targetHints":{"allow":["GET"]}}],"collection":[{"href":"https:\/\/tiendaflex.ec\/en\/wp-json\/wp\/v2\/product"}],"about":[{"href":"https:\/\/tiendaflex.ec\/en\/wp-json\/wp\/v2\/types\/product"}],"replies":[{"embeddable":true,"href":"https:\/\/tiendaflex.ec\/en\/wp-json\/wp\/v2\/comments?post=19758"}],"version-history":[{"count":4,"href":"https:\/\/tiendaflex.ec\/en\/wp-json\/wp\/v2\/product\/19758\/revisions"}],"predecessor-version":[{"id":21140,"href":"https:\/\/tiendaflex.ec\/en\/wp-json\/wp\/v2\/product\/19758\/revisions\/21140"}],"wp:featuredmedia":[{"embeddable":true,"href":"https:\/\/tiendaflex.ec\/en\/wp-json\/wp\/v2\/media\/21138"}],"wp:attachment":[{"href":"https:\/\/tiendaflex.ec\/en\/wp-json\/wp\/v2\/media?parent=19758"}],"wp:term":[{"taxonomy":"product_brand","embeddable":true,"href":"https:\/\/tiendaflex.ec\/en\/wp-json\/wp\/v2\/product_brand?post=19758"},{"taxonomy":"product_cat","embeddable":true,"href":"https:\/\/tiendaflex.ec\/en\/wp-json\/wp\/v2\/product_cat?post=19758"},{"taxonomy":"product_tag","embeddable":true,"href":"https:\/\/tiendaflex.ec\/en\/wp-json\/wp\/v2\/product_tag?post=19758"}],"curies":[{"name":"wp","href":"https:\/\/api.w.org\/{rel}","templated":true}]}}