{"id":19713,"date":"2025-06-20T22:45:33","date_gmt":"2025-06-21T03:45:33","guid":{"rendered":"https:\/\/tiendaflex.ec\/?post_type=product&#038;p=19713"},"modified":"2025-07-22T22:34:13","modified_gmt":"2025-07-23T03:34:13","slug":"albain-en-u-%e2%9c%a8","status":"publish","type":"product","link":"https:\/\/tiendaflex.ec\/en\/product\/albain-en-u-%e2%9c%a8\/","title":{"rendered":"SALA ALBA\u00cdN EN U"},"content":{"rendered":"","protected":false},"excerpt":{"rendered":"<p>\u00ab\u2728 SALA ALBA\u00cdN EN U JML \u2728<br \/>\n\u00a1Confort y estilo en una sola pieza para transformar tu espacio!<\/p>\n<p>\ud83d\udecb\ufe0f Sala en forma de U con sherlon, perfecta para reuniones y descanso.<br \/>\nIncluye 7 cojines grandes y 9 cojines peque\u00f1os que har\u00e1n tu sala a\u00fan m\u00e1s acogedora.<\/p>\n<p>\u2714\ufe0f Estructura en madera Laurel Negro del Oriente con tratamiento anti-insectos<br \/>\n\u2714\ufe0f Espuma de alta densidad para m\u00e1xima comodidad<br \/>\n\u2714\ufe0f Color y tipo de tapiz a elecci\u00f3n del cliente<br \/>\n\u2714\ufe0f Puertos USB y porta vasos para mayor funcionalidad<br \/>\n\u2714\ufe0f Sherlon integrado para m\u00e1s confort<\/p>\n<p>\ud83d\udccf Medidas:<\/p>\n<p>Alto: 86 cm<\/p>\n<p>Ancho: 381 cm<\/p>\n<p>Profundidad: 278 cm<\/p>\n<p>Ancho sherlon: 98 cm<\/p>\n<p>Alto del asiento: 48 cm<\/p>\n<p>\ud83d\udcf2 Cont\u00e1ctanos: +593984123231<\/p>\n<p>\ud83c\udf1f \u00a1Haz de tu sala el lugar favorito para compartir y relajarte!<\/p>","protected":false},"featured_media":21136,"comment_status":"open","ping_status":"closed","template":"","meta":{"_acf_changed":false},"product_brand":[],"product_cat":[542,579],"product_tag":[],"class_list":{"0":"post-19713","1":"product","2":"type-product","3":"status-publish","4":"has-post-thumbnail","6":"product_cat-muebles","7":"product_cat-salas","9":"first","10":"instock","11":"sale","12":"taxable","13":"shipping-taxable","14":"purchasable","15":"product-type-simple"},"acf":[],"_links":{"self":[{"href":"https:\/\/tiendaflex.ec\/en\/wp-json\/wp\/v2\/product\/19713","targetHints":{"allow":["GET"]}}],"collection":[{"href":"https:\/\/tiendaflex.ec\/en\/wp-json\/wp\/v2\/product"}],"about":[{"href":"https:\/\/tiendaflex.ec\/en\/wp-json\/wp\/v2\/types\/product"}],"replies":[{"embeddable":true,"href":"https:\/\/tiendaflex.ec\/en\/wp-json\/wp\/v2\/comments?post=19713"}],"version-history":[{"count":5,"href":"https:\/\/tiendaflex.ec\/en\/wp-json\/wp\/v2\/product\/19713\/revisions"}],"predecessor-version":[{"id":21139,"href":"https:\/\/tiendaflex.ec\/en\/wp-json\/wp\/v2\/product\/19713\/revisions\/21139"}],"wp:featuredmedia":[{"embeddable":true,"href":"https:\/\/tiendaflex.ec\/en\/wp-json\/wp\/v2\/media\/21136"}],"wp:attachment":[{"href":"https:\/\/tiendaflex.ec\/en\/wp-json\/wp\/v2\/media?parent=19713"}],"wp:term":[{"taxonomy":"product_brand","embeddable":true,"href":"https:\/\/tiendaflex.ec\/en\/wp-json\/wp\/v2\/product_brand?post=19713"},{"taxonomy":"product_cat","embeddable":true,"href":"https:\/\/tiendaflex.ec\/en\/wp-json\/wp\/v2\/product_cat?post=19713"},{"taxonomy":"product_tag","embeddable":true,"href":"https:\/\/tiendaflex.ec\/en\/wp-json\/wp\/v2\/product_tag?post=19713"}],"curies":[{"name":"wp","href":"https:\/\/api.w.org\/{rel}","templated":true}]}}