{"id":19675,"date":"2025-06-19T21:03:01","date_gmt":"2025-06-20T02:03:01","guid":{"rendered":"https:\/\/tiendaflex.ec\/?post_type=product&#038;p=19675"},"modified":"2025-07-22T23:00:31","modified_gmt":"2025-07-23T04:00:31","slug":"lunaretto","status":"publish","type":"product","link":"https:\/\/tiendaflex.ec\/en\/product\/lunaretto\/","title":{"rendered":"COMEDOR LUNARETTO"},"content":{"rendered":"","protected":false},"excerpt":{"rendered":"<p>Disfruta de un espacio ideal para socializar con el comedor Lunaretto, que incluye mesa redonda y sillas con respaldo ergon\u00f3mico para un confort superior. La mesa con tablero de chapa de haya te\u00f1ida en marr\u00f3n oscuro resalta la textura natural de la madera con una capa lacada que garantiza durabilidad.<br \/>\n\u2714\ufe0f Mesa redonda de 120 cm de di\u00e1metro x 75 cm de alto<br \/>\n\u2714\ufe0f Tapizado a elecci\u00f3n del cliente<br \/>\n\u2714\ufe0f Sillas con respaldo ergon\u00f3mico y estructura en madera maciza<br \/>\n\u2714\ufe0f Dise\u00f1o \u00fanico con vetas naturales de la madera<\/p>\n<p>\ud83d\udcf2 Cont\u00e1ctanos: +593984123231<\/p>","protected":false},"featured_media":21126,"comment_status":"open","ping_status":"closed","template":"","meta":{"_acf_changed":false},"product_brand":[],"product_cat":[587,542],"product_tag":[],"class_list":{"0":"post-19675","1":"product","2":"type-product","3":"status-publish","4":"has-post-thumbnail","6":"product_cat-comedores","7":"product_cat-muebles","9":"first","10":"instock","11":"sale","12":"taxable","13":"shipping-taxable","14":"purchasable","15":"product-type-variable"},"acf":[],"_links":{"self":[{"href":"https:\/\/tiendaflex.ec\/en\/wp-json\/wp\/v2\/product\/19675","targetHints":{"allow":["GET"]}}],"collection":[{"href":"https:\/\/tiendaflex.ec\/en\/wp-json\/wp\/v2\/product"}],"about":[{"href":"https:\/\/tiendaflex.ec\/en\/wp-json\/wp\/v2\/types\/product"}],"replies":[{"embeddable":true,"href":"https:\/\/tiendaflex.ec\/en\/wp-json\/wp\/v2\/comments?post=19675"}],"version-history":[{"count":4,"href":"https:\/\/tiendaflex.ec\/en\/wp-json\/wp\/v2\/product\/19675\/revisions"}],"predecessor-version":[{"id":21147,"href":"https:\/\/tiendaflex.ec\/en\/wp-json\/wp\/v2\/product\/19675\/revisions\/21147"}],"wp:featuredmedia":[{"embeddable":true,"href":"https:\/\/tiendaflex.ec\/en\/wp-json\/wp\/v2\/media\/21126"}],"wp:attachment":[{"href":"https:\/\/tiendaflex.ec\/en\/wp-json\/wp\/v2\/media?parent=19675"}],"wp:term":[{"taxonomy":"product_brand","embeddable":true,"href":"https:\/\/tiendaflex.ec\/en\/wp-json\/wp\/v2\/product_brand?post=19675"},{"taxonomy":"product_cat","embeddable":true,"href":"https:\/\/tiendaflex.ec\/en\/wp-json\/wp\/v2\/product_cat?post=19675"},{"taxonomy":"product_tag","embeddable":true,"href":"https:\/\/tiendaflex.ec\/en\/wp-json\/wp\/v2\/product_tag?post=19675"}],"curies":[{"name":"wp","href":"https:\/\/api.w.org\/{rel}","templated":true}]}}