{"id":19660,"date":"2025-06-19T20:31:14","date_gmt":"2025-06-20T01:31:14","guid":{"rendered":"https:\/\/tiendaflex.ec\/?post_type=product&#038;p=19660"},"modified":"2025-07-22T19:19:32","modified_gmt":"2025-07-23T00:19:32","slug":"sofa-cama-novara","status":"publish","type":"product","link":"https:\/\/tiendaflex.ec\/en\/product\/sofa-cama-novara\/","title":{"rendered":"Sof\u00e1 Cama NOVARA"},"content":{"rendered":"","protected":false},"excerpt":{"rendered":"<p>Disfruta del dise\u00f1o moderno y acogedor del sof\u00e1 cama NOVARA, con l\u00edneas suaves y cojines amplios que invitan a la relajaci\u00f3n total. Su tama\u00f1o generoso y versatilidad lo convierten en la pieza clave para tu sala o habitaci\u00f3n.<\/p>\n<p>\ud83d\udecf\ufe0f Se transforma f\u00e1cilmente en una cama amplia de 200 cm por 142 cm para visitas o momentos de descanso. Solo tienes que tirar de la estructura y retirar los cojines del respaldo.<\/p>\n<p>\ud83d\udce6 Incluye un espacioso compartimento de almacenaje bajo la chaise longue, con tapa que permanece abierta para un acceso c\u00f3modo y seguro.<\/p>\n<p>\ud83d\udd04 La chaise longue es reversible, para que puedas colocarla a la derecha o a la izquierda seg\u00fan tu preferencia y distribuci\u00f3n del espacio.<\/p>\n<p>\ud83e\uddfc Tapizado a elecci\u00f3n del cliente<\/p>\n<p>\ud83d\udcd0 Medidas:<\/p>\n<p>Ancho: 236 cm<\/p>\n<p>Fondo: 153 cm<\/p>\n<p>Altura total: 90 cm<\/p>\n<p>Altura respaldo: 73 cm<\/p>\n<p>Largo cama: 200 cm<\/p>\n<p>Ancho cama: 142 cm<\/p>\n<p>Altura asiento: 46 cm<\/p>\n<p>Fondo asiento: 52 cm<\/p>\n<p>Fondo chaise longue: 153 cm<\/p>\n<p>Ancho asiento chaise longue: 122 cm<\/p>\n<p>Fondo total desplegado: 153 cm<\/p>\n<p>\ud83d\udcf2 Cont\u00e1ctanos: +593984123231<\/p>","protected":false},"featured_media":21082,"comment_status":"open","ping_status":"closed","template":"","meta":{"_acf_changed":false},"product_brand":[],"product_cat":[542,597],"product_tag":[],"class_list":{"0":"post-19660","1":"product","2":"type-product","3":"status-publish","4":"has-post-thumbnail","6":"product_cat-muebles","7":"product_cat-sofas-cama","9":"first","10":"instock","11":"sale","12":"taxable","13":"shipping-taxable","14":"purchasable","15":"product-type-simple"},"acf":[],"_links":{"self":[{"href":"https:\/\/tiendaflex.ec\/en\/wp-json\/wp\/v2\/product\/19660","targetHints":{"allow":["GET"]}}],"collection":[{"href":"https:\/\/tiendaflex.ec\/en\/wp-json\/wp\/v2\/product"}],"about":[{"href":"https:\/\/tiendaflex.ec\/en\/wp-json\/wp\/v2\/types\/product"}],"replies":[{"embeddable":true,"href":"https:\/\/tiendaflex.ec\/en\/wp-json\/wp\/v2\/comments?post=19660"}],"version-history":[{"count":2,"href":"https:\/\/tiendaflex.ec\/en\/wp-json\/wp\/v2\/product\/19660\/revisions"}],"predecessor-version":[{"id":21104,"href":"https:\/\/tiendaflex.ec\/en\/wp-json\/wp\/v2\/product\/19660\/revisions\/21104"}],"wp:featuredmedia":[{"embeddable":true,"href":"https:\/\/tiendaflex.ec\/en\/wp-json\/wp\/v2\/media\/21082"}],"wp:attachment":[{"href":"https:\/\/tiendaflex.ec\/en\/wp-json\/wp\/v2\/media?parent=19660"}],"wp:term":[{"taxonomy":"product_brand","embeddable":true,"href":"https:\/\/tiendaflex.ec\/en\/wp-json\/wp\/v2\/product_brand?post=19660"},{"taxonomy":"product_cat","embeddable":true,"href":"https:\/\/tiendaflex.ec\/en\/wp-json\/wp\/v2\/product_cat?post=19660"},{"taxonomy":"product_tag","embeddable":true,"href":"https:\/\/tiendaflex.ec\/en\/wp-json\/wp\/v2\/product_tag?post=19660"}],"curies":[{"name":"wp","href":"https:\/\/api.w.org\/{rel}","templated":true}]}}