{"id":19658,"date":"2025-06-19T20:27:05","date_gmt":"2025-06-20T01:27:05","guid":{"rendered":"https:\/\/tiendaflex.ec\/?post_type=product&#038;p=19658"},"modified":"2025-07-22T23:11:05","modified_gmt":"2025-07-23T04:11:05","slug":"sofa-cama-seccional-lyra","status":"publish","type":"product","link":"https:\/\/tiendaflex.ec\/en\/product\/sofa-cama-seccional-lyra\/","title":{"rendered":"Sof\u00e1 Cama Seccional Lyra"},"content":{"rendered":"","protected":false},"excerpt":{"rendered":"<p>Disfruta de la perfecta fusi\u00f3n entre confort y funcionalidad con la Sala Seccional Lyra. Su dise\u00f1o en L con chaise longue ofrece un amplio espacio para relajarte y un pr\u00e1ctico compartimento de almacenamiento oculto para mantener tu espacio ordenado. Ideal para tu sal\u00f3n o dormitorio, se transforma f\u00e1cilmente en una c\u00f3moda cama para invitados.<\/p>\n<p>\ud83d\udccf Dimensiones:<\/p>\n<p>Sof\u00e1 DB Lat Izq: 158 cm largo x 92 cm profundidad x 100 cm alto (espaldar)<\/p>\n<p>Sof\u00e1 Chaise Long Der: 100 cm largo x 162 cm profundidad x 100 cm alto (espaldar)<\/p>\n<p>\ud83d\udee0\ufe0f Composici\u00f3n:<br \/>\n1 Sof\u00e1 cama + 1 Chaise longue incorporados<\/p>\n<p>\ud83c\udfa8 Materiales:<\/p>\n<p>Tapiz: a elecci\u00f3n del cliente<\/p>\n<p>Patas: Madera color negro<\/p>\n<p>\u2714\ufe0f Compartimento de almacenamiento oculto espacioso para s\u00e1banas, cobijas y almohadas<\/p>\n<p>\ud83d\udcf2 Cont\u00e1ctanos: +593984123231<\/p>","protected":false},"featured_media":21132,"comment_status":"open","ping_status":"closed","template":"","meta":{"_acf_changed":false},"product_brand":[],"product_cat":[542,597],"product_tag":[],"class_list":{"0":"post-19658","1":"product","2":"type-product","3":"status-publish","4":"has-post-thumbnail","6":"product_cat-muebles","7":"product_cat-sofas-cama","9":"first","10":"instock","11":"sale","12":"taxable","13":"shipping-taxable","14":"purchasable","15":"product-type-simple"},"acf":[],"_links":{"self":[{"href":"https:\/\/tiendaflex.ec\/en\/wp-json\/wp\/v2\/product\/19658","targetHints":{"allow":["GET"]}}],"collection":[{"href":"https:\/\/tiendaflex.ec\/en\/wp-json\/wp\/v2\/product"}],"about":[{"href":"https:\/\/tiendaflex.ec\/en\/wp-json\/wp\/v2\/types\/product"}],"replies":[{"embeddable":true,"href":"https:\/\/tiendaflex.ec\/en\/wp-json\/wp\/v2\/comments?post=19658"}],"version-history":[{"count":2,"href":"https:\/\/tiendaflex.ec\/en\/wp-json\/wp\/v2\/product\/19658\/revisions"}],"predecessor-version":[{"id":21090,"href":"https:\/\/tiendaflex.ec\/en\/wp-json\/wp\/v2\/product\/19658\/revisions\/21090"}],"wp:featuredmedia":[{"embeddable":true,"href":"https:\/\/tiendaflex.ec\/en\/wp-json\/wp\/v2\/media\/21132"}],"wp:attachment":[{"href":"https:\/\/tiendaflex.ec\/en\/wp-json\/wp\/v2\/media?parent=19658"}],"wp:term":[{"taxonomy":"product_brand","embeddable":true,"href":"https:\/\/tiendaflex.ec\/en\/wp-json\/wp\/v2\/product_brand?post=19658"},{"taxonomy":"product_cat","embeddable":true,"href":"https:\/\/tiendaflex.ec\/en\/wp-json\/wp\/v2\/product_cat?post=19658"},{"taxonomy":"product_tag","embeddable":true,"href":"https:\/\/tiendaflex.ec\/en\/wp-json\/wp\/v2\/product_tag?post=19658"}],"curies":[{"name":"wp","href":"https:\/\/api.w.org\/{rel}","templated":true}]}}