{"id":19652,"date":"2025-06-19T20:17:21","date_gmt":"2025-06-20T01:17:21","guid":{"rendered":"https:\/\/tiendaflex.ec\/?post_type=product&#038;p=19652"},"modified":"2025-07-22T23:04:39","modified_gmt":"2025-07-23T04:04:39","slug":"sofa-cama-nuba","status":"publish","type":"product","link":"https:\/\/tiendaflex.ec\/en\/product\/sofa-cama-nuba\/","title":{"rendered":"SOF\u00c1 CAMA NUBA"},"content":{"rendered":"","protected":false},"excerpt":{"rendered":"<p>Un sof\u00e1 sofisticado y multifuncional que se adapta a tus momentos: descanso, visitas o relax total. Ideal para hogares pr\u00e1cticos y modernos. Adem\u00e1s, cuenta con un \u00fatil compartimento para guardar lo que necesites. \ud83c\udfac\ud83d\udecf\ufe0f\ud83d\udce6<\/p>\n<p>\u2714\ufe0f Respaldo reclinable en varios niveles<br \/>\n\u2714\ufe0f Se convierte en cama en segundos<br \/>\n\u2714\ufe0f Compartimiento de almacenamiento oculto<br \/>\n\u2714\ufe0f Tapizado a elecci\u00f3n del cliente<br \/>\n\u2714\ufe0f Patas de madera con dise\u00f1o elegante<br \/>\n\u2714\ufe0f Dimensiones cerrado: 216 \u00d7 81 \u00d7 81 cm \/ asiento: 40 cm de alto<br \/>\n\u2714\ufe0f Dimensiones extendido: 216 \u00d7 108 \u00d7 51 cm<\/p>\n<p>\ud83d\udcf2 Cont\u00e1ctanos: +593984123231<\/p>\n<p>\ud83d\udecb\ufe0f \u00a1Convierte tu sala en un espacio m\u00e1s c\u00f3modo, \u00fatil y moderno con el Sof\u00e1 Cama NUBA!<\/p>","protected":false},"featured_media":21128,"comment_status":"open","ping_status":"closed","template":"","meta":{"_acf_changed":false},"product_brand":[],"product_cat":[542,597],"product_tag":[],"class_list":{"0":"post-19652","1":"product","2":"type-product","3":"status-publish","4":"has-post-thumbnail","6":"product_cat-muebles","7":"product_cat-sofas-cama","9":"first","10":"instock","11":"sale","12":"taxable","13":"shipping-taxable","14":"purchasable","15":"product-type-simple"},"acf":[],"_links":{"self":[{"href":"https:\/\/tiendaflex.ec\/en\/wp-json\/wp\/v2\/product\/19652","targetHints":{"allow":["GET"]}}],"collection":[{"href":"https:\/\/tiendaflex.ec\/en\/wp-json\/wp\/v2\/product"}],"about":[{"href":"https:\/\/tiendaflex.ec\/en\/wp-json\/wp\/v2\/types\/product"}],"replies":[{"embeddable":true,"href":"https:\/\/tiendaflex.ec\/en\/wp-json\/wp\/v2\/comments?post=19652"}],"version-history":[{"count":2,"href":"https:\/\/tiendaflex.ec\/en\/wp-json\/wp\/v2\/product\/19652\/revisions"}],"predecessor-version":[{"id":21148,"href":"https:\/\/tiendaflex.ec\/en\/wp-json\/wp\/v2\/product\/19652\/revisions\/21148"}],"wp:featuredmedia":[{"embeddable":true,"href":"https:\/\/tiendaflex.ec\/en\/wp-json\/wp\/v2\/media\/21128"}],"wp:attachment":[{"href":"https:\/\/tiendaflex.ec\/en\/wp-json\/wp\/v2\/media?parent=19652"}],"wp:term":[{"taxonomy":"product_brand","embeddable":true,"href":"https:\/\/tiendaflex.ec\/en\/wp-json\/wp\/v2\/product_brand?post=19652"},{"taxonomy":"product_cat","embeddable":true,"href":"https:\/\/tiendaflex.ec\/en\/wp-json\/wp\/v2\/product_cat?post=19652"},{"taxonomy":"product_tag","embeddable":true,"href":"https:\/\/tiendaflex.ec\/en\/wp-json\/wp\/v2\/product_tag?post=19652"}],"curies":[{"name":"wp","href":"https:\/\/api.w.org\/{rel}","templated":true}]}}