{"id":19649,"date":"2025-06-19T20:12:50","date_gmt":"2025-06-20T01:12:50","guid":{"rendered":"https:\/\/tiendaflex.ec\/?post_type=product&#038;p=19649"},"modified":"2025-06-19T20:12:51","modified_gmt":"2025-06-20T01:12:51","slug":"lector-biometrico-x7-control-de-acceso","status":"publish","type":"product","link":"https:\/\/tiendaflex.ec\/en\/product\/lector-biometrico-x7-control-de-acceso\/","title":{"rendered":"LECTOR BIOM\u00c9TRICO X7 \u2013 CONTROL DE ACCESO"},"content":{"rendered":"","protected":false},"excerpt":{"rendered":"<p>Ideal para oficinas, negocios o residencias que buscan seguridad, practicidad y m\u00faltiples opciones de verificaci\u00f3n. \u2705<\/p>\n<p>\u2714\ufe0f Identificaci\u00f3n r\u00e1pida: lectura de huellas en solo 1 segundo<br \/>\n\u2714\ufe0f M\u00faltiples m\u00e9todos: huella, contrase\u00f1a y tarjeta ID (MIFARE opcional)<br \/>\n\u2714\ufe0f Soporta 8 grupos de contrase\u00f1a para distintos usuarios<br \/>\n\u2714\ufe0f Compatible con cerradura el\u00e9ctrica, bot\u00f3n de salida, sensor de puerta, alarma y timbre<br \/>\n\u2714\ufe0f Configuraci\u00f3n sencilla desde el teclado<br \/>\n\u2714\ufe0f Dise\u00f1o compacto y resistente (88.1 x 88.1 x 34.69 mm)<br \/>\n\u2714\ufe0f Sensor \u00f3ptico ZK con algoritmo ZKFinger v10.0<br \/>\n\u2714\ufe0f Rango de temperatura: 0\u00b0C a 40\u00b0C<\/p>\n<p>\ud83d\udcf2 Cont\u00e1ctanos: +593984123231<\/p>\n<p>\ud83d\udd10 \u00a1Mejora el acceso a tus espacios con tecnolog\u00eda confiable y segura!<\/p>","protected":false},"featured_media":19621,"comment_status":"open","ping_status":"closed","template":"","meta":{"_acf_changed":false},"product_brand":[],"product_cat":[593,547],"product_tag":[],"class_list":{"0":"post-19649","1":"product","2":"type-product","3":"status-publish","4":"has-post-thumbnail","6":"product_cat-control-de-accesos","7":"product_cat-tecnologia-del-hogar","9":"first","10":"instock","11":"sale","12":"taxable","13":"shipping-taxable","14":"purchasable","15":"product-type-simple"},"acf":[],"_links":{"self":[{"href":"https:\/\/tiendaflex.ec\/en\/wp-json\/wp\/v2\/product\/19649","targetHints":{"allow":["GET"]}}],"collection":[{"href":"https:\/\/tiendaflex.ec\/en\/wp-json\/wp\/v2\/product"}],"about":[{"href":"https:\/\/tiendaflex.ec\/en\/wp-json\/wp\/v2\/types\/product"}],"replies":[{"embeddable":true,"href":"https:\/\/tiendaflex.ec\/en\/wp-json\/wp\/v2\/comments?post=19649"}],"version-history":[{"count":2,"href":"https:\/\/tiendaflex.ec\/en\/wp-json\/wp\/v2\/product\/19649\/revisions"}],"predecessor-version":[{"id":19651,"href":"https:\/\/tiendaflex.ec\/en\/wp-json\/wp\/v2\/product\/19649\/revisions\/19651"}],"wp:featuredmedia":[{"embeddable":true,"href":"https:\/\/tiendaflex.ec\/en\/wp-json\/wp\/v2\/media\/19621"}],"wp:attachment":[{"href":"https:\/\/tiendaflex.ec\/en\/wp-json\/wp\/v2\/media?parent=19649"}],"wp:term":[{"taxonomy":"product_brand","embeddable":true,"href":"https:\/\/tiendaflex.ec\/en\/wp-json\/wp\/v2\/product_brand?post=19649"},{"taxonomy":"product_cat","embeddable":true,"href":"https:\/\/tiendaflex.ec\/en\/wp-json\/wp\/v2\/product_cat?post=19649"},{"taxonomy":"product_tag","embeddable":true,"href":"https:\/\/tiendaflex.ec\/en\/wp-json\/wp\/v2\/product_tag?post=19649"}],"curies":[{"name":"wp","href":"https:\/\/api.w.org\/{rel}","templated":true}]}}