{"id":19586,"date":"2025-06-16T18:07:42","date_gmt":"2025-06-16T23:07:42","guid":{"rendered":"https:\/\/tiendaflex.ec\/?post_type=product&#038;p=19586"},"modified":"2025-09-08T16:56:02","modified_gmt":"2025-09-08T21:56:02","slug":"bateria-80v-25-ah","status":"publish","type":"product","link":"https:\/\/tiendaflex.ec\/en\/product\/bateria-80v-25-ah\/","title":{"rendered":"BATER\u00cdA 80V \u2013 2,5 Ah"},"content":{"rendered":"","protected":false},"excerpt":{"rendered":"<p>\u00a1Energ\u00eda profesional para trabajos exigentes! \u2705<br \/>\nRendimiento confiable, carga r\u00e1pida y compatibilidad total con herramientas Greenworks 80V.<\/p>\n<ul>\n<li>Marca GREENWORKS<\/li>\n<\/ul>\n<p>\u2714\ufe0f Capacidad: 2,5 Ah \u2013 80V<br \/>\n\u2714\ufe0f Energ\u00eda sin desvanecimiento y sin efecto memoria<br \/>\n\u2714\ufe0f Indicador LED de carga integrado<br \/>\n\u2714\ufe0f Carga completa en solo 45 minutos<br \/>\n\u2714\ufe0f Compatible con m\u00e1s de 75 herramientas Greenworks 80V<br \/>\n\u2714\ufe0f Para cargador modelo GCH8040<\/p>\n<p>\ud83d\udcf2 Cont\u00e1ctanos: +593984123231<\/p>\n<p>\ud83d\udd27 \u00a1Rinde m\u00e1s con una bater\u00eda dise\u00f1ada para durar!<\/p>","protected":false},"featured_media":19579,"comment_status":"open","ping_status":"closed","template":"","meta":{"_acf_changed":false},"product_brand":[],"product_cat":[544,622],"product_tag":[],"class_list":{"0":"post-19586","1":"product","2":"type-product","3":"status-publish","4":"has-post-thumbnail","6":"product_cat-agricultura-e-industria","7":"product_cat-baterias","9":"first","10":"instock","11":"sale","12":"taxable","13":"shipping-taxable","14":"purchasable","15":"product-type-simple"},"acf":[],"_links":{"self":[{"href":"https:\/\/tiendaflex.ec\/en\/wp-json\/wp\/v2\/product\/19586","targetHints":{"allow":["GET"]}}],"collection":[{"href":"https:\/\/tiendaflex.ec\/en\/wp-json\/wp\/v2\/product"}],"about":[{"href":"https:\/\/tiendaflex.ec\/en\/wp-json\/wp\/v2\/types\/product"}],"replies":[{"embeddable":true,"href":"https:\/\/tiendaflex.ec\/en\/wp-json\/wp\/v2\/comments?post=19586"}],"version-history":[{"count":2,"href":"https:\/\/tiendaflex.ec\/en\/wp-json\/wp\/v2\/product\/19586\/revisions"}],"predecessor-version":[{"id":23283,"href":"https:\/\/tiendaflex.ec\/en\/wp-json\/wp\/v2\/product\/19586\/revisions\/23283"}],"wp:featuredmedia":[{"embeddable":true,"href":"https:\/\/tiendaflex.ec\/en\/wp-json\/wp\/v2\/media\/19579"}],"wp:attachment":[{"href":"https:\/\/tiendaflex.ec\/en\/wp-json\/wp\/v2\/media?parent=19586"}],"wp:term":[{"taxonomy":"product_brand","embeddable":true,"href":"https:\/\/tiendaflex.ec\/en\/wp-json\/wp\/v2\/product_brand?post=19586"},{"taxonomy":"product_cat","embeddable":true,"href":"https:\/\/tiendaflex.ec\/en\/wp-json\/wp\/v2\/product_cat?post=19586"},{"taxonomy":"product_tag","embeddable":true,"href":"https:\/\/tiendaflex.ec\/en\/wp-json\/wp\/v2\/product_tag?post=19586"}],"curies":[{"name":"wp","href":"https:\/\/api.w.org\/{rel}","templated":true}]}}