{"id":19580,"date":"2025-06-16T18:01:40","date_gmt":"2025-06-16T23:01:40","guid":{"rendered":"https:\/\/tiendaflex.ec\/?post_type=product&#038;p=19580"},"modified":"2025-09-08T16:57:44","modified_gmt":"2025-09-08T21:57:44","slug":"bateria-usb-c-24v-20-ah","status":"publish","type":"product","link":"https:\/\/tiendaflex.ec\/en\/product\/bateria-usb-c-24v-20-ah\/","title":{"rendered":"BATER\u00cdA USB-C 24V \u2013 2,0 Ah"},"content":{"rendered":"","protected":false},"excerpt":{"rendered":"<p>\u00a1Compacta, potente y lista para cualquier tarea! \u2705<br \/>\nIdeal para alimentar tus herramientas Greenworks de 24V y cargar dispositivos v\u00eda USB-C.<\/p>\n<ul>\n<li>Marca GREENWORKS<\/li>\n<\/ul>\n<p>\u2714\ufe0f Capacidad de 2,0 Ah<br \/>\n\u2714\ufe0f Puerto USB-C para carga r\u00e1pida<br \/>\n\u2714\ufe0f Indicador de carga a bordo<br \/>\n\u2714\ufe0f Tecnolog\u00eda de protecci\u00f3n m\u00faltiple<br \/>\n\u2714\ufe0f Compatible con 150+ herramientas Greenworks 24V<\/p>\n<p>\ud83d\udcf2 Cont\u00e1ctanos: +593984123231<\/p>\n<p>\ud83d\udd27 \u00a1Energ\u00eda port\u00e1til y vers\u00e1til para tus herramientas y dispositivos!<\/p>","protected":false},"featured_media":19578,"comment_status":"open","ping_status":"closed","template":"","meta":{"_acf_changed":false},"product_brand":[],"product_cat":[544,622],"product_tag":[],"class_list":{"0":"post-19580","1":"product","2":"type-product","3":"status-publish","4":"has-post-thumbnail","6":"product_cat-agricultura-e-industria","7":"product_cat-baterias","9":"first","10":"instock","11":"sale","12":"taxable","13":"shipping-taxable","14":"purchasable","15":"product-type-simple"},"acf":[],"_links":{"self":[{"href":"https:\/\/tiendaflex.ec\/en\/wp-json\/wp\/v2\/product\/19580","targetHints":{"allow":["GET"]}}],"collection":[{"href":"https:\/\/tiendaflex.ec\/en\/wp-json\/wp\/v2\/product"}],"about":[{"href":"https:\/\/tiendaflex.ec\/en\/wp-json\/wp\/v2\/types\/product"}],"replies":[{"embeddable":true,"href":"https:\/\/tiendaflex.ec\/en\/wp-json\/wp\/v2\/comments?post=19580"}],"version-history":[{"count":2,"href":"https:\/\/tiendaflex.ec\/en\/wp-json\/wp\/v2\/product\/19580\/revisions"}],"predecessor-version":[{"id":23284,"href":"https:\/\/tiendaflex.ec\/en\/wp-json\/wp\/v2\/product\/19580\/revisions\/23284"}],"wp:featuredmedia":[{"embeddable":true,"href":"https:\/\/tiendaflex.ec\/en\/wp-json\/wp\/v2\/media\/19578"}],"wp:attachment":[{"href":"https:\/\/tiendaflex.ec\/en\/wp-json\/wp\/v2\/media?parent=19580"}],"wp:term":[{"taxonomy":"product_brand","embeddable":true,"href":"https:\/\/tiendaflex.ec\/en\/wp-json\/wp\/v2\/product_brand?post=19580"},{"taxonomy":"product_cat","embeddable":true,"href":"https:\/\/tiendaflex.ec\/en\/wp-json\/wp\/v2\/product_cat?post=19580"},{"taxonomy":"product_tag","embeddable":true,"href":"https:\/\/tiendaflex.ec\/en\/wp-json\/wp\/v2\/product_tag?post=19580"}],"curies":[{"name":"wp","href":"https:\/\/api.w.org\/{rel}","templated":true}]}}