{"id":19558,"date":"2025-06-13T12:37:54","date_gmt":"2025-06-13T17:37:54","guid":{"rendered":"https:\/\/tiendaflex.ec\/?post_type=product&#038;p=19558"},"modified":"2026-02-05T12:20:08","modified_gmt":"2026-02-05T17:20:08","slug":"bateria-24v-4-0ah","status":"publish","type":"product","link":"https:\/\/tiendaflex.ec\/en\/product\/bateria-24v-4-0ah\/","title":{"rendered":"BATER\u00cdA 24V 4.0Ah"},"content":{"rendered":"","protected":false},"excerpt":{"rendered":"<p>La energ\u00eda que tus herramientas necesitan para rendir al m\u00e1ximo. Ligera, potente y con carga r\u00e1pida. \u2705<\/p>\n<ul>\n<li>Marca GREENWORKS<\/li>\n<\/ul>\n<p>\u2714\ufe0f Bater\u00eda de iones de litio de alta capacidad<br \/>\n\u2714\ufe0f Voltaje: 24 V<br \/>\n\u2714\ufe0f Capacidad: 4.0 Ah<br \/>\n\u2714\ufe0f Indicador de carga integrado para saber cu\u00e1nta bater\u00eda queda<br \/>\n\u2714\ufe0f Luz LED que indica cuando la carga est\u00e1 completa<br \/>\n\u2714\ufe0f Carga r\u00e1pida en 60 minutos<br \/>\n\u2714\ufe0f Compatible con m\u00e1s de 150 herramientas Greenworks 24V<\/p>\n<p>\ud83d\udcf2 Cont\u00e1ctanos: +593984123231<\/p>\n<p>\ud83d\udd0b \u00a1Mant\u00e9n tus herramientas siempre listas para el trabajo!<\/p>","protected":false},"featured_media":19514,"comment_status":"open","ping_status":"closed","template":"","meta":{"_acf_changed":false},"product_brand":[],"product_cat":[544,622],"product_tag":[],"class_list":{"0":"post-19558","1":"product","2":"type-product","3":"status-publish","4":"has-post-thumbnail","6":"product_cat-agricultura-e-industria","7":"product_cat-baterias","9":"first","10":"instock","11":"sale","12":"taxable","13":"shipping-taxable","14":"purchasable","15":"product-type-simple"},"acf":[],"_links":{"self":[{"href":"https:\/\/tiendaflex.ec\/en\/wp-json\/wp\/v2\/product\/19558","targetHints":{"allow":["GET"]}}],"collection":[{"href":"https:\/\/tiendaflex.ec\/en\/wp-json\/wp\/v2\/product"}],"about":[{"href":"https:\/\/tiendaflex.ec\/en\/wp-json\/wp\/v2\/types\/product"}],"replies":[{"embeddable":true,"href":"https:\/\/tiendaflex.ec\/en\/wp-json\/wp\/v2\/comments?post=19558"}],"version-history":[{"count":2,"href":"https:\/\/tiendaflex.ec\/en\/wp-json\/wp\/v2\/product\/19558\/revisions"}],"predecessor-version":[{"id":23288,"href":"https:\/\/tiendaflex.ec\/en\/wp-json\/wp\/v2\/product\/19558\/revisions\/23288"}],"wp:featuredmedia":[{"embeddable":true,"href":"https:\/\/tiendaflex.ec\/en\/wp-json\/wp\/v2\/media\/19514"}],"wp:attachment":[{"href":"https:\/\/tiendaflex.ec\/en\/wp-json\/wp\/v2\/media?parent=19558"}],"wp:term":[{"taxonomy":"product_brand","embeddable":true,"href":"https:\/\/tiendaflex.ec\/en\/wp-json\/wp\/v2\/product_brand?post=19558"},{"taxonomy":"product_cat","embeddable":true,"href":"https:\/\/tiendaflex.ec\/en\/wp-json\/wp\/v2\/product_cat?post=19558"},{"taxonomy":"product_tag","embeddable":true,"href":"https:\/\/tiendaflex.ec\/en\/wp-json\/wp\/v2\/product_tag?post=19558"}],"curies":[{"name":"wp","href":"https:\/\/api.w.org\/{rel}","templated":true}]}}