{"id":19554,"date":"2025-06-13T12:30:34","date_gmt":"2025-06-13T17:30:34","guid":{"rendered":"https:\/\/tiendaflex.ec\/?post_type=product&#038;p=19554"},"modified":"2025-09-08T16:57:15","modified_gmt":"2025-09-08T21:57:15","slug":"bateria-40v-2-5ah","status":"publish","type":"product","link":"https:\/\/tiendaflex.ec\/en\/product\/bateria-40v-2-5ah\/","title":{"rendered":"BATER\u00cdA 40V 2.5Ah"},"content":{"rendered":"","protected":false},"excerpt":{"rendered":"<p>Potencia y duraci\u00f3n para todas tus herramientas Greenworks. Ligera, r\u00e1pida y eficiente para que nunca pares tu trabajo. \u2705<\/p>\n<ul>\n<li>Marca GREENWORKS<\/li>\n<\/ul>\n<p>\u2714\ufe0f Bater\u00eda de iones de litio de alta capacidad<br \/>\n\u2714\ufe0f Voltaje: 40 V<br \/>\n\u2714\ufe0f Capacidad: 2.5 Ah<br \/>\n\u2714\ufe0f Indicador de carga integrado para saber cu\u00e1nta bater\u00eda queda<br \/>\n\u2714\ufe0f Luz LED de diagn\u00f3stico para carga completa<br \/>\n\u2714\ufe0f Carga r\u00e1pida en 60 minutos<br \/>\n\u2714\ufe0f Compatible con m\u00e1s de 150 herramientas Greenworks de 24V<\/p>\n<p>\ud83d\udcf2 Cont\u00e1ctanos: +593984123231<\/p>\n<p>\ud83d\udd0b \u00a1Recarga r\u00e1pido y trabaja sin interrupciones!<\/p>","protected":false},"featured_media":19513,"comment_status":"open","ping_status":"closed","template":"","meta":{"_acf_changed":false},"product_brand":[],"product_cat":[544,622],"product_tag":[],"class_list":{"0":"post-19554","1":"product","2":"type-product","3":"status-publish","4":"has-post-thumbnail","6":"product_cat-agricultura-e-industria","7":"product_cat-baterias","9":"first","10":"instock","11":"sale","12":"taxable","13":"shipping-taxable","14":"purchasable","15":"product-type-simple"},"acf":[],"_links":{"self":[{"href":"https:\/\/tiendaflex.ec\/en\/wp-json\/wp\/v2\/product\/19554","targetHints":{"allow":["GET"]}}],"collection":[{"href":"https:\/\/tiendaflex.ec\/en\/wp-json\/wp\/v2\/product"}],"about":[{"href":"https:\/\/tiendaflex.ec\/en\/wp-json\/wp\/v2\/types\/product"}],"replies":[{"embeddable":true,"href":"https:\/\/tiendaflex.ec\/en\/wp-json\/wp\/v2\/comments?post=19554"}],"version-history":[{"count":2,"href":"https:\/\/tiendaflex.ec\/en\/wp-json\/wp\/v2\/product\/19554\/revisions"}],"predecessor-version":[{"id":23287,"href":"https:\/\/tiendaflex.ec\/en\/wp-json\/wp\/v2\/product\/19554\/revisions\/23287"}],"wp:featuredmedia":[{"embeddable":true,"href":"https:\/\/tiendaflex.ec\/en\/wp-json\/wp\/v2\/media\/19513"}],"wp:attachment":[{"href":"https:\/\/tiendaflex.ec\/en\/wp-json\/wp\/v2\/media?parent=19554"}],"wp:term":[{"taxonomy":"product_brand","embeddable":true,"href":"https:\/\/tiendaflex.ec\/en\/wp-json\/wp\/v2\/product_brand?post=19554"},{"taxonomy":"product_cat","embeddable":true,"href":"https:\/\/tiendaflex.ec\/en\/wp-json\/wp\/v2\/product_cat?post=19554"},{"taxonomy":"product_tag","embeddable":true,"href":"https:\/\/tiendaflex.ec\/en\/wp-json\/wp\/v2\/product_tag?post=19554"}],"curies":[{"name":"wp","href":"https:\/\/api.w.org\/{rel}","templated":true}]}}