{"id":19548,"date":"2025-06-13T12:10:08","date_gmt":"2025-06-13T17:10:08","guid":{"rendered":"https:\/\/tiendaflex.ec\/?post_type=product&#038;p=19548"},"modified":"2025-09-09T21:04:54","modified_gmt":"2025-09-10T02:04:54","slug":"fumigadora-a-bateria-24v-15l","status":"publish","type":"product","link":"https:\/\/tiendaflex.ec\/en\/product\/fumigadora-a-bateria-24v-15l\/","title":{"rendered":"FUMIGADORA A BATER\u00cdA 24V \u2013 15L"},"content":{"rendered":"","protected":false},"excerpt":{"rendered":"<p>Realiza pulverizaciones r\u00e1pidas y sin esfuerzo para tu jard\u00edn o espacio comercial. Olv\u00eddate de bombear, solo carga la bater\u00eda y \u00a1listo para usar! \u2705<\/p>\n<ul>\n<li>Marca: GREENWORKS<\/li>\n<\/ul>\n<p>\u2714\ufe0f Bater\u00eda 24V 2.0 Ah y cargador incluidos<br \/>\n\u2714\ufe0f Dep\u00f3sito transl\u00facido de 15 litros<br \/>\n\u2714\ufe0f 5 boquillas intercambiables para diferentes aplicaciones<br \/>\n\u2714\ufe0f Dise\u00f1o ligero, ergon\u00f3mico y con arn\u00e9s c\u00f3modo<br \/>\n\u2714\ufe0f Bomba de diafragma para pulverizaci\u00f3n eficiente<br \/>\n\u2714\ufe0f Compatible con todas las herramientas Greenworks 24V<\/p>\n<p>\ud83d\udcf2 Cont\u00e1ctanos: +593984123231<\/p>\n<p>\ud83c\udf31 \u00a1Haz tus fumigaciones m\u00e1s f\u00e1ciles y efectivas!<\/p>","protected":false},"featured_media":19526,"comment_status":"open","ping_status":"closed","template":"","meta":{"_acf_changed":false},"product_brand":[],"product_cat":[544,679],"product_tag":[],"class_list":{"0":"post-19548","1":"product","2":"type-product","3":"status-publish","4":"has-post-thumbnail","6":"product_cat-agricultura-e-industria","7":"product_cat-fumigadoras","9":"first","10":"instock","11":"sale","12":"taxable","13":"shipping-taxable","14":"purchasable","15":"product-type-simple"},"acf":[],"_links":{"self":[{"href":"https:\/\/tiendaflex.ec\/en\/wp-json\/wp\/v2\/product\/19548","targetHints":{"allow":["GET"]}}],"collection":[{"href":"https:\/\/tiendaflex.ec\/en\/wp-json\/wp\/v2\/product"}],"about":[{"href":"https:\/\/tiendaflex.ec\/en\/wp-json\/wp\/v2\/types\/product"}],"replies":[{"embeddable":true,"href":"https:\/\/tiendaflex.ec\/en\/wp-json\/wp\/v2\/comments?post=19548"}],"version-history":[{"count":2,"href":"https:\/\/tiendaflex.ec\/en\/wp-json\/wp\/v2\/product\/19548\/revisions"}],"predecessor-version":[{"id":23621,"href":"https:\/\/tiendaflex.ec\/en\/wp-json\/wp\/v2\/product\/19548\/revisions\/23621"}],"wp:featuredmedia":[{"embeddable":true,"href":"https:\/\/tiendaflex.ec\/en\/wp-json\/wp\/v2\/media\/19526"}],"wp:attachment":[{"href":"https:\/\/tiendaflex.ec\/en\/wp-json\/wp\/v2\/media?parent=19548"}],"wp:term":[{"taxonomy":"product_brand","embeddable":true,"href":"https:\/\/tiendaflex.ec\/en\/wp-json\/wp\/v2\/product_brand?post=19548"},{"taxonomy":"product_cat","embeddable":true,"href":"https:\/\/tiendaflex.ec\/en\/wp-json\/wp\/v2\/product_cat?post=19548"},{"taxonomy":"product_tag","embeddable":true,"href":"https:\/\/tiendaflex.ec\/en\/wp-json\/wp\/v2\/product_tag?post=19548"}],"curies":[{"name":"wp","href":"https:\/\/api.w.org\/{rel}","templated":true}]}}