{"id":19542,"date":"2025-06-13T11:53:32","date_gmt":"2025-06-13T16:53:32","guid":{"rendered":"https:\/\/tiendaflex.ec\/?post_type=product&#038;p=19542"},"modified":"2025-09-09T22:03:35","modified_gmt":"2025-09-10T03:03:35","slug":"podadora-a-bateria-40v-15","status":"publish","type":"product","link":"https:\/\/tiendaflex.ec\/en\/product\/podadora-a-bateria-40v-15\/","title":{"rendered":"PODADORA A BATER\u00cdA 40V \u2013 15&#8243;\u00bb"},"content":{"rendered":"","protected":false},"excerpt":{"rendered":"<p>\u00a1Lib\u00e9rate de los cables y disfruta de un corte potente y preciso!<br \/>\nIdeal para mantener tu jard\u00edn impecable con menos esfuerzo. \u2705<\/p>\n<ul>\n<li>Marca: GREENWORKS<\/li>\n<\/ul>\n<p>\u2714\ufe0f Corte de 15&#8243;\u00bb<br \/>\n\u2714\ufe0f Hasta 30 min de autonom\u00eda con bater\u00eda incluida<br \/>\n\u2714\ufe0f Carga completa en 75 min<br \/>\n\u2714\ufe0f Tipo de alimentaci\u00f3n del hilo: Golpe (Bump Feed)<br \/>\n\u2714\ufe0f Peso ligero: solo 4.1 kg con bater\u00eda<br \/>\n\u2714\ufe0f Compatible con m\u00e1s de 75 herramientas Greenworks 40V<br \/>\n\u2714\ufe0f Incluye bater\u00eda de 2.5 Ah y cargador<\/p>\n<p>\ud83d\udcf2 Cont\u00e1ctanos: +593984123231<\/p>\n<p>\ud83c\udf3f \u00a1Haz que cortar el c\u00e9sped sea m\u00e1s f\u00e1cil y silencioso!<\/p>","protected":false},"featured_media":19524,"comment_status":"open","ping_status":"closed","template":"","meta":{"_acf_changed":false},"product_brand":[],"product_cat":[544,690],"product_tag":[],"class_list":{"0":"post-19542","1":"product","2":"type-product","3":"status-publish","4":"has-post-thumbnail","6":"product_cat-agricultura-e-industria","7":"product_cat-podadoras","9":"first","10":"instock","11":"sale","12":"taxable","13":"shipping-taxable","14":"purchasable","15":"product-type-simple"},"acf":[],"_links":{"self":[{"href":"https:\/\/tiendaflex.ec\/en\/wp-json\/wp\/v2\/product\/19542","targetHints":{"allow":["GET"]}}],"collection":[{"href":"https:\/\/tiendaflex.ec\/en\/wp-json\/wp\/v2\/product"}],"about":[{"href":"https:\/\/tiendaflex.ec\/en\/wp-json\/wp\/v2\/types\/product"}],"replies":[{"embeddable":true,"href":"https:\/\/tiendaflex.ec\/en\/wp-json\/wp\/v2\/comments?post=19542"}],"version-history":[{"count":3,"href":"https:\/\/tiendaflex.ec\/en\/wp-json\/wp\/v2\/product\/19542\/revisions"}],"predecessor-version":[{"id":23673,"href":"https:\/\/tiendaflex.ec\/en\/wp-json\/wp\/v2\/product\/19542\/revisions\/23673"}],"wp:featuredmedia":[{"embeddable":true,"href":"https:\/\/tiendaflex.ec\/en\/wp-json\/wp\/v2\/media\/19524"}],"wp:attachment":[{"href":"https:\/\/tiendaflex.ec\/en\/wp-json\/wp\/v2\/media?parent=19542"}],"wp:term":[{"taxonomy":"product_brand","embeddable":true,"href":"https:\/\/tiendaflex.ec\/en\/wp-json\/wp\/v2\/product_brand?post=19542"},{"taxonomy":"product_cat","embeddable":true,"href":"https:\/\/tiendaflex.ec\/en\/wp-json\/wp\/v2\/product_cat?post=19542"},{"taxonomy":"product_tag","embeddable":true,"href":"https:\/\/tiendaflex.ec\/en\/wp-json\/wp\/v2\/product_tag?post=19542"}],"curies":[{"name":"wp","href":"https:\/\/api.w.org\/{rel}","templated":true}]}}