{"id":19530,"date":"2025-06-13T11:32:56","date_gmt":"2025-06-13T16:32:56","guid":{"rendered":"https:\/\/tiendaflex.ec\/?post_type=product&#038;p=19530"},"modified":"2025-09-17T17:07:44","modified_gmt":"2025-09-17T22:07:44","slug":"cortasetos-a-bateria-24v","status":"publish","type":"product","link":"https:\/\/tiendaflex.ec\/en\/product\/cortasetos-a-bateria-24v\/","title":{"rendered":"CORTASETOS A BATER\u00cdA 24V"},"content":{"rendered":"","protected":false},"excerpt":{"rendered":"<p>\u00a1Haz que cada corte cuente con resultados profesionales y sin cables!<\/p>\n<ul>\n<li>Marca: GREENWORKS<\/li>\n<\/ul>\n<p>\u2714\ufe0f Cuchillas de acero de 22&#8243;\u00bb \u2013 Doble acci\u00f3n, cortadas con l\u00e1ser para m\u00e1xima precisi\u00f3n<br \/>\n\u2714\ufe0f Capacidad de corte de 3\/4&#8243;\u00bb \u2013 Ideal para arbustos, setos y matorrales densos<br \/>\n\u2714\ufe0f 2816 golpes por minuto \u2013 Para un trabajo r\u00e1pido y eficiente<br \/>\n\u2714\ufe0f Autonom\u00eda de hasta 60 minutos<br \/>\n\u2714\ufe0f Incluye bater\u00eda de 4.0 Ah y cargador<\/p>\n<p>\ud83d\udcde Cont\u00e1ctanos al +593984123231<\/p>\n<p>\ud83c\udf31 \u00a1Lib\u00e9rate del cable y transforma tu jard\u00edn con Greenworks!<\/p>","protected":false},"featured_media":19520,"comment_status":"open","ping_status":"closed","template":"","meta":{"_acf_changed":false},"product_brand":[],"product_cat":[544,680],"product_tag":[],"class_list":{"0":"post-19530","1":"product","2":"type-product","3":"status-publish","4":"has-post-thumbnail","6":"product_cat-agricultura-e-industria","7":"product_cat-cortasetos","9":"first","10":"instock","11":"sale","12":"taxable","13":"shipping-taxable","14":"purchasable","15":"product-type-simple"},"acf":[],"_links":{"self":[{"href":"https:\/\/tiendaflex.ec\/en\/wp-json\/wp\/v2\/product\/19530","targetHints":{"allow":["GET"]}}],"collection":[{"href":"https:\/\/tiendaflex.ec\/en\/wp-json\/wp\/v2\/product"}],"about":[{"href":"https:\/\/tiendaflex.ec\/en\/wp-json\/wp\/v2\/types\/product"}],"replies":[{"embeddable":true,"href":"https:\/\/tiendaflex.ec\/en\/wp-json\/wp\/v2\/comments?post=19530"}],"version-history":[{"count":3,"href":"https:\/\/tiendaflex.ec\/en\/wp-json\/wp\/v2\/product\/19530\/revisions"}],"predecessor-version":[{"id":23351,"href":"https:\/\/tiendaflex.ec\/en\/wp-json\/wp\/v2\/product\/19530\/revisions\/23351"}],"wp:featuredmedia":[{"embeddable":true,"href":"https:\/\/tiendaflex.ec\/en\/wp-json\/wp\/v2\/media\/19520"}],"wp:attachment":[{"href":"https:\/\/tiendaflex.ec\/en\/wp-json\/wp\/v2\/media?parent=19530"}],"wp:term":[{"taxonomy":"product_brand","embeddable":true,"href":"https:\/\/tiendaflex.ec\/en\/wp-json\/wp\/v2\/product_brand?post=19530"},{"taxonomy":"product_cat","embeddable":true,"href":"https:\/\/tiendaflex.ec\/en\/wp-json\/wp\/v2\/product_cat?post=19530"},{"taxonomy":"product_tag","embeddable":true,"href":"https:\/\/tiendaflex.ec\/en\/wp-json\/wp\/v2\/product_tag?post=19530"}],"curies":[{"name":"wp","href":"https:\/\/api.w.org\/{rel}","templated":true}]}}