{"id":19509,"date":"2025-06-12T16:39:53","date_gmt":"2025-06-12T21:39:53","guid":{"rendered":"https:\/\/tiendaflex.ec\/?post_type=product&#038;p=19509"},"modified":"2025-07-31T19:50:12","modified_gmt":"2025-08-01T00:50:12","slug":"origami","status":"publish","type":"product","link":"https:\/\/tiendaflex.ec\/en\/product\/origami\/","title":{"rendered":"SALA ORIGAMI"},"content":{"rendered":"","protected":false},"excerpt":{"rendered":"<p>SALA ORIGAMI LT<\/p>\n<p>Dise\u00f1o moderno y vers\u00e1til que se adapta a tu estilo y espacio, con detalles pensados para tu m\u00e1xima comodidad. Personaliza colores y acabados a tu gusto. \ud83c\udfa8\ud83d\udda4<\/p>\n<p>\u2714\ufe0f Estructura de Madera Laurel Negro del Oriente<br \/>\n\u2714\ufe0f Tratamiento anti-insectos y microorganismos<br \/>\n\u2714\ufe0f Esponja de alta densidad para confort superior<br \/>\n\u2714\ufe0f Color y tipo de tapiz a elecci\u00f3n del cliente<br \/>\n\u2714\ufe0f Color de la madera a elecci\u00f3n del cliente<\/p>\n<p>Incluye:<br \/>\n\u2714\ufe0f 6 cojines cuadrados<br \/>\n\u2714\ufe0f 1 coj\u00edn redondo<br \/>\n\u2714\ufe0f 1 coj\u00edn rectangular<\/p>\n<p>\u274c NO incluye mesa de centro<\/p>\n<p>\ud83d\udccf Medidas Sala en L:<br \/>\n\u21aa\ufe0f Alto: 65 cm | Ancho: 388 cm | Profundidad: 274 cm | Ancho del brazo: 99 cm | Alto del asiento: 41 cm<\/p>\n<p>\ud83d\udcf2 Cont\u00e1ctanos: +593984123231<\/p>\n<p>\ud83d\udecb\ufe0f \u00a1DALE FORMA A TU ESPACIO CON ESTILO!<\/p>","protected":false},"featured_media":21359,"comment_status":"open","ping_status":"closed","template":"","meta":{"_acf_changed":false},"product_brand":[],"product_cat":[542,579],"product_tag":[],"class_list":{"0":"post-19509","1":"product","2":"type-product","3":"status-publish","4":"has-post-thumbnail","6":"product_cat-muebles","7":"product_cat-salas","9":"first","10":"instock","11":"sale","12":"taxable","13":"shipping-taxable","14":"purchasable","15":"product-type-simple"},"acf":[],"_links":{"self":[{"href":"https:\/\/tiendaflex.ec\/en\/wp-json\/wp\/v2\/product\/19509","targetHints":{"allow":["GET"]}}],"collection":[{"href":"https:\/\/tiendaflex.ec\/en\/wp-json\/wp\/v2\/product"}],"about":[{"href":"https:\/\/tiendaflex.ec\/en\/wp-json\/wp\/v2\/types\/product"}],"replies":[{"embeddable":true,"href":"https:\/\/tiendaflex.ec\/en\/wp-json\/wp\/v2\/comments?post=19509"}],"version-history":[{"count":3,"href":"https:\/\/tiendaflex.ec\/en\/wp-json\/wp\/v2\/product\/19509\/revisions"}],"predecessor-version":[{"id":21379,"href":"https:\/\/tiendaflex.ec\/en\/wp-json\/wp\/v2\/product\/19509\/revisions\/21379"}],"wp:featuredmedia":[{"embeddable":true,"href":"https:\/\/tiendaflex.ec\/en\/wp-json\/wp\/v2\/media\/21359"}],"wp:attachment":[{"href":"https:\/\/tiendaflex.ec\/en\/wp-json\/wp\/v2\/media?parent=19509"}],"wp:term":[{"taxonomy":"product_brand","embeddable":true,"href":"https:\/\/tiendaflex.ec\/en\/wp-json\/wp\/v2\/product_brand?post=19509"},{"taxonomy":"product_cat","embeddable":true,"href":"https:\/\/tiendaflex.ec\/en\/wp-json\/wp\/v2\/product_cat?post=19509"},{"taxonomy":"product_tag","embeddable":true,"href":"https:\/\/tiendaflex.ec\/en\/wp-json\/wp\/v2\/product_tag?post=19509"}],"curies":[{"name":"wp","href":"https:\/\/api.w.org\/{rel}","templated":true}]}}