{"id":19474,"date":"2025-06-12T15:58:36","date_gmt":"2025-06-12T20:58:36","guid":{"rendered":"https:\/\/tiendaflex.ec\/?post_type=product&#038;p=19474"},"modified":"2025-07-03T17:55:21","modified_gmt":"2025-07-03T22:55:21","slug":"motosierra-greenworks-48v-14%e2%80%b3-2-baterias-4-0ah","status":"publish","type":"product","link":"https:\/\/tiendaflex.ec\/en\/product\/motosierra-greenworks-48v-14%e2%80%b3-2-baterias-4-0ah\/","title":{"rendered":"Motosierra Greenworks 48V 14\u2033 \u2013 2 Bater\u00edas 4.0Ah"},"content":{"rendered":"","protected":false},"excerpt":{"rendered":"<p>\u00a1M\u00e1s torque, m\u00e1s cortes, m\u00e1s eficiencia! Ideal para trabajos exigentes sin ruido y sin cables.<\/p>\n<p>\u2714\ufe0f Tecnolog\u00eda de motor inteligente: 2X m\u00e1s torque y mayor vida \u00fatil<br \/>\n\u2714\ufe0f Hasta 210 cortes en madera 4&#215;4 con las bater\u00edas incluidas<br \/>\n\u2714\ufe0f Incluye 2 bater\u00edas de 4.0Ah + cargador<br \/>\n\u2714\ufe0f Bater\u00edas de 24V compatibles con m\u00e1s de 125 herramientas Greenworks<br \/>\n\u2714\ufe0f Funcionamiento silencioso, sin mantenimiento de motor a gasolina<br \/>\n\u2714\ufe0f Requiere dos bater\u00edas de 24V para operar<\/p>\n<p>\ud83d\udcde Cont\u00e1ctanos al +593984123231<\/p>\n<p>\ud83c\udf32 \u00a1Potencia sin cables y cortes profesionales donde lo necesites!<\/p>","protected":false},"featured_media":19463,"comment_status":"open","ping_status":"closed","template":"","meta":{"_acf_changed":false},"product_brand":[],"product_cat":[544,559],"product_tag":[],"class_list":{"0":"post-19474","1":"product","2":"type-product","3":"status-publish","4":"has-post-thumbnail","6":"product_cat-agricultura-e-industria","7":"product_cat-sierras","9":"first","10":"instock","11":"sale","12":"taxable","13":"shipping-taxable","14":"purchasable","15":"product-type-simple"},"acf":[],"_links":{"self":[{"href":"https:\/\/tiendaflex.ec\/en\/wp-json\/wp\/v2\/product\/19474","targetHints":{"allow":["GET"]}}],"collection":[{"href":"https:\/\/tiendaflex.ec\/en\/wp-json\/wp\/v2\/product"}],"about":[{"href":"https:\/\/tiendaflex.ec\/en\/wp-json\/wp\/v2\/types\/product"}],"replies":[{"embeddable":true,"href":"https:\/\/tiendaflex.ec\/en\/wp-json\/wp\/v2\/comments?post=19474"}],"version-history":[{"count":1,"href":"https:\/\/tiendaflex.ec\/en\/wp-json\/wp\/v2\/product\/19474\/revisions"}],"predecessor-version":[{"id":19475,"href":"https:\/\/tiendaflex.ec\/en\/wp-json\/wp\/v2\/product\/19474\/revisions\/19475"}],"wp:featuredmedia":[{"embeddable":true,"href":"https:\/\/tiendaflex.ec\/en\/wp-json\/wp\/v2\/media\/19463"}],"wp:attachment":[{"href":"https:\/\/tiendaflex.ec\/en\/wp-json\/wp\/v2\/media?parent=19474"}],"wp:term":[{"taxonomy":"product_brand","embeddable":true,"href":"https:\/\/tiendaflex.ec\/en\/wp-json\/wp\/v2\/product_brand?post=19474"},{"taxonomy":"product_cat","embeddable":true,"href":"https:\/\/tiendaflex.ec\/en\/wp-json\/wp\/v2\/product_cat?post=19474"},{"taxonomy":"product_tag","embeddable":true,"href":"https:\/\/tiendaflex.ec\/en\/wp-json\/wp\/v2\/product_tag?post=19474"}],"curies":[{"name":"wp","href":"https:\/\/api.w.org\/{rel}","templated":true}]}}