{"id":19471,"date":"2025-06-12T15:54:31","date_gmt":"2025-06-12T20:54:31","guid":{"rendered":"https:\/\/tiendaflex.ec\/?post_type=product&#038;p=19471"},"modified":"2025-09-17T17:07:55","modified_gmt":"2025-09-17T22:07:55","slug":"kit-sierra-cortasetos-pertiga-greenworks-24v-bateria-y-cargador","status":"publish","type":"product","link":"https:\/\/tiendaflex.ec\/en\/product\/kit-sierra-cortasetos-pertiga-greenworks-24v-bateria-y-cargador\/","title":{"rendered":"Kit Sierra + Cortasetos P\u00e9rtiga Greenworks 24V \u2013 Bater\u00eda y Cargador"},"content":{"rendered":"","protected":false},"excerpt":{"rendered":"<p>\u00a1Llega a lo m\u00e1s alto sin esfuerzo! Ideal para poda precisa y sin complicaciones en jardines y terrenos amplios.<\/p>\n<ul>\n<li>Marca: GREENWORKS<\/li>\n<\/ul>\n<p>\u2714\ufe0f Sierra de p\u00e9rtiga con barra de 8\u2033 y cadena 1\/4\u2033 para cortes r\u00e1pidos<br \/>\n\u2714\ufe0f Cortasetos con cuchillas de acero de 20\u2033 de doble acci\u00f3n \u2013 mayor durabilidad<br \/>\n\u2714\ufe0f Sistema de arranque sin cebado, sin estrangulador, sin tirones<br \/>\n\u2714\ufe0f Operaci\u00f3n inal\u00e1mbrica \u2013 sin cables que te limiten<br \/>\n\u2714\ufe0f Incluye bater\u00eda USB de 24V (2.0 Ah) y cargador<\/p>\n<p>\ud83d\udcde Cont\u00e1ctanos al +593984123231<\/p>\n<p>\ud83c\udf33 \u00a1Alcanza m\u00e1s alto, trabaja m\u00e1s c\u00f3modo y poda con precisi\u00f3n!<\/p>","protected":false},"featured_media":19462,"comment_status":"open","ping_status":"closed","template":"","meta":{"_acf_changed":false},"product_brand":[],"product_cat":[544,586,680],"product_tag":[],"class_list":{"0":"post-19471","1":"product","2":"type-product","3":"status-publish","4":"has-post-thumbnail","6":"product_cat-agricultura-e-industria","7":"product_cat-combos","8":"product_cat-cortasetos","10":"first","11":"instock","12":"sale","13":"taxable","14":"shipping-taxable","15":"purchasable","16":"product-type-simple"},"acf":[],"_links":{"self":[{"href":"https:\/\/tiendaflex.ec\/en\/wp-json\/wp\/v2\/product\/19471","targetHints":{"allow":["GET"]}}],"collection":[{"href":"https:\/\/tiendaflex.ec\/en\/wp-json\/wp\/v2\/product"}],"about":[{"href":"https:\/\/tiendaflex.ec\/en\/wp-json\/wp\/v2\/types\/product"}],"replies":[{"embeddable":true,"href":"https:\/\/tiendaflex.ec\/en\/wp-json\/wp\/v2\/comments?post=19471"}],"version-history":[{"count":3,"href":"https:\/\/tiendaflex.ec\/en\/wp-json\/wp\/v2\/product\/19471\/revisions"}],"predecessor-version":[{"id":23326,"href":"https:\/\/tiendaflex.ec\/en\/wp-json\/wp\/v2\/product\/19471\/revisions\/23326"}],"wp:featuredmedia":[{"embeddable":true,"href":"https:\/\/tiendaflex.ec\/en\/wp-json\/wp\/v2\/media\/19462"}],"wp:attachment":[{"href":"https:\/\/tiendaflex.ec\/en\/wp-json\/wp\/v2\/media?parent=19471"}],"wp:term":[{"taxonomy":"product_brand","embeddable":true,"href":"https:\/\/tiendaflex.ec\/en\/wp-json\/wp\/v2\/product_brand?post=19471"},{"taxonomy":"product_cat","embeddable":true,"href":"https:\/\/tiendaflex.ec\/en\/wp-json\/wp\/v2\/product_cat?post=19471"},{"taxonomy":"product_tag","embeddable":true,"href":"https:\/\/tiendaflex.ec\/en\/wp-json\/wp\/v2\/product_tag?post=19471"}],"curies":[{"name":"wp","href":"https:\/\/api.w.org\/{rel}","templated":true}]}}