{"id":19443,"date":"2025-06-11T18:36:50","date_gmt":"2025-06-11T23:36:50","guid":{"rendered":"https:\/\/tiendaflex.ec\/?post_type=product&#038;p=19443"},"modified":"2025-06-11T18:36:51","modified_gmt":"2025-06-11T23:36:51","slug":"ds-kab673-lector-biometrico","status":"publish","type":"product","link":"https:\/\/tiendaflex.ec\/en\/product\/ds-kab673-lector-biometrico\/","title":{"rendered":"DS-KAB673 &#8211; Lector Biom\u00e9trico"},"content":{"rendered":"","protected":false},"excerpt":{"rendered":"<p>\u00a1Potencia tu sistema de seguridad con el m\u00f3dulo perif\u00e9rico DS-KAB673-FBQR de Hikvision! Dise\u00f1ado para integrarse con los terminales de reconocimiento facial DS-K1T673, este lector multifuncional ofrece una soluci\u00f3n completa y moderna para control de acceso.<\/p>\n<p>\ud83d\udee1\ufe0f Funciones avanzadas en un solo dispositivo:<br \/>\n\u2714\ufe0f Reconocimiento de huella digital \ud83d\udd0d<br \/>\n\u2714\ufe0f Lectura de c\u00f3digos QR y de barras \ud83d\udcf2<br \/>\n\u2714\ufe0f Conectividad Bluetooth \ud83d\udcf6<br \/>\n\u2714\ufe0f Soporta m\u00faltiples formatos de c\u00f3digo:<br \/>\n\ud83d\udd39 Code 128<br \/>\n\ud83d\udd39 Interleaved 2 of 5<br \/>\n\ud83d\udd39 Matrix 2 of 5<br \/>\n\ud83d\udd39 Code 39<br \/>\n\ud83d\udd39 Codebar<br \/>\n\ud83d\udd39 Code 9<br \/>\n\ud83d\udd39 UCC\/EAN-128<\/p>\n<p>\ud83c\udf21\ufe0f Resistente y confiable:<br \/>\n\ud83d\udd39 Temperatura de operaci\u00f3n: -30 \u00b0C a 60 \u00b0C<br \/>\n\ud83d\udd39 Humedad: 0% a 90% (sin condensaci\u00f3n)<br \/>\n\ud83d\udd39 Dimensiones compactas: 110.5 \u00d7 23.7 \u00d7 47.7 mm<\/p>\n<p>\ud83d\udcde Cont\u00e1ctanos: +593984123231<\/p>","protected":false},"featured_media":19402,"comment_status":"open","ping_status":"closed","template":"","meta":{"_acf_changed":false},"product_brand":[],"product_cat":[593,547],"product_tag":[],"class_list":{"0":"post-19443","1":"product","2":"type-product","3":"status-publish","4":"has-post-thumbnail","6":"product_cat-control-de-accesos","7":"product_cat-tecnologia-del-hogar","9":"first","10":"instock","11":"sale","12":"taxable","13":"shipping-taxable","14":"purchasable","15":"product-type-simple"},"acf":[],"_links":{"self":[{"href":"https:\/\/tiendaflex.ec\/en\/wp-json\/wp\/v2\/product\/19443","targetHints":{"allow":["GET"]}}],"collection":[{"href":"https:\/\/tiendaflex.ec\/en\/wp-json\/wp\/v2\/product"}],"about":[{"href":"https:\/\/tiendaflex.ec\/en\/wp-json\/wp\/v2\/types\/product"}],"replies":[{"embeddable":true,"href":"https:\/\/tiendaflex.ec\/en\/wp-json\/wp\/v2\/comments?post=19443"}],"version-history":[{"count":2,"href":"https:\/\/tiendaflex.ec\/en\/wp-json\/wp\/v2\/product\/19443\/revisions"}],"predecessor-version":[{"id":19445,"href":"https:\/\/tiendaflex.ec\/en\/wp-json\/wp\/v2\/product\/19443\/revisions\/19445"}],"wp:featuredmedia":[{"embeddable":true,"href":"https:\/\/tiendaflex.ec\/en\/wp-json\/wp\/v2\/media\/19402"}],"wp:attachment":[{"href":"https:\/\/tiendaflex.ec\/en\/wp-json\/wp\/v2\/media?parent=19443"}],"wp:term":[{"taxonomy":"product_brand","embeddable":true,"href":"https:\/\/tiendaflex.ec\/en\/wp-json\/wp\/v2\/product_brand?post=19443"},{"taxonomy":"product_cat","embeddable":true,"href":"https:\/\/tiendaflex.ec\/en\/wp-json\/wp\/v2\/product_cat?post=19443"},{"taxonomy":"product_tag","embeddable":true,"href":"https:\/\/tiendaflex.ec\/en\/wp-json\/wp\/v2\/product_tag?post=19443"}],"curies":[{"name":"wp","href":"https:\/\/api.w.org\/{rel}","templated":true}]}}