{"id":19416,"date":"2025-06-11T17:45:55","date_gmt":"2025-06-11T22:45:55","guid":{"rendered":"https:\/\/tiendaflex.ec\/?post_type=product&#038;p=19416"},"modified":"2025-06-11T17:45:56","modified_gmt":"2025-06-11T22:45:56","slug":"almohada-de-latex-para-bebe","status":"publish","type":"product","link":"https:\/\/tiendaflex.ec\/en\/product\/almohada-de-latex-para-bebe\/","title":{"rendered":"Almohada de L\u00e1tex para Beb\u00e9"},"content":{"rendered":"","protected":false},"excerpt":{"rendered":"<p>Dale a tu beb\u00e9 el descanso que se merece con esta almohada de l\u00e1tex natural, dise\u00f1ada especialmente para brindar soporte suave y seguro durante el sue\u00f1o.<\/p>\n<p>\u00ab\ud83d\udd39 Caracter\u00edsticas destacadas:<br \/>\n\u2714\ufe0f Material de l\u00e1tex: fresco, hipoalerg\u00e9nico y transpirable<br \/>\n\u2714\ufe0f Ideal para cuidar la postura del beb\u00e9<br \/>\n\u2714\ufe0f Suavidad y elasticidad que se adapta a su cabecita<br \/>\n\u2714\ufe0f Funda suave y lavable para mayor higiene<br \/>\n\ud83d\udccf Medidas: 40 x 23 cm<\/p>\n<p>\ud83d\udcde Cont\u00e1ctanos: +593984123231<\/p>","protected":false},"featured_media":19407,"comment_status":"open","ping_status":"closed","template":"","meta":{"_acf_changed":false},"product_brand":[],"product_cat":[664,677],"product_tag":[],"class_list":{"0":"post-19416","1":"product","2":"type-product","3":"status-publish","4":"has-post-thumbnail","6":"product_cat-almohadas","7":"product_cat-descanso","9":"first","10":"instock","11":"sale","12":"taxable","13":"shipping-taxable","14":"purchasable","15":"product-type-simple"},"acf":[],"_links":{"self":[{"href":"https:\/\/tiendaflex.ec\/en\/wp-json\/wp\/v2\/product\/19416","targetHints":{"allow":["GET"]}}],"collection":[{"href":"https:\/\/tiendaflex.ec\/en\/wp-json\/wp\/v2\/product"}],"about":[{"href":"https:\/\/tiendaflex.ec\/en\/wp-json\/wp\/v2\/types\/product"}],"replies":[{"embeddable":true,"href":"https:\/\/tiendaflex.ec\/en\/wp-json\/wp\/v2\/comments?post=19416"}],"version-history":[{"count":2,"href":"https:\/\/tiendaflex.ec\/en\/wp-json\/wp\/v2\/product\/19416\/revisions"}],"predecessor-version":[{"id":19418,"href":"https:\/\/tiendaflex.ec\/en\/wp-json\/wp\/v2\/product\/19416\/revisions\/19418"}],"wp:featuredmedia":[{"embeddable":true,"href":"https:\/\/tiendaflex.ec\/en\/wp-json\/wp\/v2\/media\/19407"}],"wp:attachment":[{"href":"https:\/\/tiendaflex.ec\/en\/wp-json\/wp\/v2\/media?parent=19416"}],"wp:term":[{"taxonomy":"product_brand","embeddable":true,"href":"https:\/\/tiendaflex.ec\/en\/wp-json\/wp\/v2\/product_brand?post=19416"},{"taxonomy":"product_cat","embeddable":true,"href":"https:\/\/tiendaflex.ec\/en\/wp-json\/wp\/v2\/product_cat?post=19416"},{"taxonomy":"product_tag","embeddable":true,"href":"https:\/\/tiendaflex.ec\/en\/wp-json\/wp\/v2\/product_tag?post=19416"}],"curies":[{"name":"wp","href":"https:\/\/api.w.org\/{rel}","templated":true}]}}