{"id":19413,"date":"2025-06-11T17:41:30","date_gmt":"2025-06-11T22:41:30","guid":{"rendered":"https:\/\/tiendaflex.ec\/?post_type=product&#038;p=19413"},"modified":"2025-06-11T17:41:31","modified_gmt":"2025-06-11T22:41:31","slug":"relax-trip-bamboo-almohada-de-cuello","status":"publish","type":"product","link":"https:\/\/tiendaflex.ec\/en\/product\/relax-trip-bamboo-almohada-de-cuello\/","title":{"rendered":"Relax Trip Bamboo &#8211; Almohada de Cuello"},"content":{"rendered":"","protected":false},"excerpt":{"rendered":"<p>Disfruta de viajes m\u00e1s c\u00f3modos y relajantes con esta almohada ergon\u00f3mica dise\u00f1ada para brindar soporte cervical y descanso en cualquier lugar. Ideal para usar en el avi\u00f3n, auto u oficina.<\/p>\n<p>\u00ab\ud83d\udd39 Caracter\u00edsticas destacadas:<br \/>\n\u2714\ufe0f Dise\u00f1o ergon\u00f3mico que se adapta al cuello<br \/>\n\u2714\ufe0f Relleno suave y confortable<br \/>\n\u2714\ufe0f Funda tipo bamboo: fresca, transpirable y suave al tacto<br \/>\n\u2714\ufe0f Compacta y ligera para llevar a todas partes<br \/>\n\ud83d\udccf Medidas: 32 x 29 cm<\/p>\n<p>\ud83d\udcde Cont\u00e1ctanos: +593984123231<\/p>","protected":false},"featured_media":19406,"comment_status":"open","ping_status":"closed","template":"","meta":{"_acf_changed":false},"product_brand":[],"product_cat":[664,677],"product_tag":[],"class_list":{"0":"post-19413","1":"product","2":"type-product","3":"status-publish","4":"has-post-thumbnail","6":"product_cat-almohadas","7":"product_cat-descanso","9":"first","10":"instock","11":"sale","12":"taxable","13":"shipping-taxable","14":"purchasable","15":"product-type-simple"},"acf":[],"_links":{"self":[{"href":"https:\/\/tiendaflex.ec\/en\/wp-json\/wp\/v2\/product\/19413","targetHints":{"allow":["GET"]}}],"collection":[{"href":"https:\/\/tiendaflex.ec\/en\/wp-json\/wp\/v2\/product"}],"about":[{"href":"https:\/\/tiendaflex.ec\/en\/wp-json\/wp\/v2\/types\/product"}],"replies":[{"embeddable":true,"href":"https:\/\/tiendaflex.ec\/en\/wp-json\/wp\/v2\/comments?post=19413"}],"version-history":[{"count":2,"href":"https:\/\/tiendaflex.ec\/en\/wp-json\/wp\/v2\/product\/19413\/revisions"}],"predecessor-version":[{"id":19415,"href":"https:\/\/tiendaflex.ec\/en\/wp-json\/wp\/v2\/product\/19413\/revisions\/19415"}],"wp:featuredmedia":[{"embeddable":true,"href":"https:\/\/tiendaflex.ec\/en\/wp-json\/wp\/v2\/media\/19406"}],"wp:attachment":[{"href":"https:\/\/tiendaflex.ec\/en\/wp-json\/wp\/v2\/media?parent=19413"}],"wp:term":[{"taxonomy":"product_brand","embeddable":true,"href":"https:\/\/tiendaflex.ec\/en\/wp-json\/wp\/v2\/product_brand?post=19413"},{"taxonomy":"product_cat","embeddable":true,"href":"https:\/\/tiendaflex.ec\/en\/wp-json\/wp\/v2\/product_cat?post=19413"},{"taxonomy":"product_tag","embeddable":true,"href":"https:\/\/tiendaflex.ec\/en\/wp-json\/wp\/v2\/product_tag?post=19413"}],"curies":[{"name":"wp","href":"https:\/\/api.w.org\/{rel}","templated":true}]}}