{"id":19334,"date":"2025-06-09T20:20:20","date_gmt":"2025-06-10T01:20:20","guid":{"rendered":"https:\/\/tiendaflex.ec\/?post_type=product&#038;p=19334"},"modified":"2025-07-28T22:05:57","modified_gmt":"2025-07-29T03:05:57","slug":"orion-elegance","status":"publish","type":"product","link":"https:\/\/tiendaflex.ec\/en\/product\/orion-elegance\/","title":{"rendered":"PEINADORA ORION ELEGANCE"},"content":{"rendered":"","protected":false},"excerpt":{"rendered":"<p>PEINADORA ORION ELEGANCE JU<\/p>\n<p>Dise\u00f1o sofisticado y pr\u00e1ctico para tu espacio personal con estilo \u00fanico.<\/p>\n<p>\u2714\ufe0f Estructura en madera Laurel Negro del Oriente<br \/>\n\u2714\ufe0f Tratamiento anti-insectos y microorganismos<br \/>\n\u2714\ufe0f Color personalizado a elecci\u00f3n del cliente<\/p>\n<p>Incluye:<br \/>\n\u2714\ufe0f 3 cajones peque\u00f1os para organizar tus esenciales<br \/>\n\u2714\ufe0f 1 caj\u00f3n grande para almacenamiento extra<br \/>\n\u2714\ufe0f Banco c\u00f3modo para tu comodidad<\/p>\n<p>\ud83d\udcd0 Medidas:<\/p>\n<p>Coqueta: alto 172 cm, ancho 115 cm, profundidad 40 cm, altura de mesa 79 cm<\/p>\n<p>Banco: alto 46 cm, di\u00e1metro 37 cm<\/p>\n<p>\ud83d\udcde Cont\u00e1ctanos: +593984123231<\/p>\n<p>\ud83c\udf1f \u00a1Transforma tu rutina diaria con la peinadora Orion Elegance!<\/p>","protected":false},"featured_media":21237,"comment_status":"open","ping_status":"closed","template":"","meta":{"_acf_changed":false},"product_brand":[],"product_cat":[542,678],"product_tag":[],"class_list":{"0":"post-19334","1":"product","2":"type-product","3":"status-publish","4":"has-post-thumbnail","6":"product_cat-muebles","7":"product_cat-peinadoras","9":"first","10":"instock","11":"sale","12":"taxable","13":"shipping-taxable","14":"purchasable","15":"product-type-simple"},"acf":[],"_links":{"self":[{"href":"https:\/\/tiendaflex.ec\/en\/wp-json\/wp\/v2\/product\/19334","targetHints":{"allow":["GET"]}}],"collection":[{"href":"https:\/\/tiendaflex.ec\/en\/wp-json\/wp\/v2\/product"}],"about":[{"href":"https:\/\/tiendaflex.ec\/en\/wp-json\/wp\/v2\/types\/product"}],"replies":[{"embeddable":true,"href":"https:\/\/tiendaflex.ec\/en\/wp-json\/wp\/v2\/comments?post=19334"}],"version-history":[{"count":3,"href":"https:\/\/tiendaflex.ec\/en\/wp-json\/wp\/v2\/product\/19334\/revisions"}],"predecessor-version":[{"id":21240,"href":"https:\/\/tiendaflex.ec\/en\/wp-json\/wp\/v2\/product\/19334\/revisions\/21240"}],"wp:featuredmedia":[{"embeddable":true,"href":"https:\/\/tiendaflex.ec\/en\/wp-json\/wp\/v2\/media\/21237"}],"wp:attachment":[{"href":"https:\/\/tiendaflex.ec\/en\/wp-json\/wp\/v2\/media?parent=19334"}],"wp:term":[{"taxonomy":"product_brand","embeddable":true,"href":"https:\/\/tiendaflex.ec\/en\/wp-json\/wp\/v2\/product_brand?post=19334"},{"taxonomy":"product_cat","embeddable":true,"href":"https:\/\/tiendaflex.ec\/en\/wp-json\/wp\/v2\/product_cat?post=19334"},{"taxonomy":"product_tag","embeddable":true,"href":"https:\/\/tiendaflex.ec\/en\/wp-json\/wp\/v2\/product_tag?post=19334"}],"curies":[{"name":"wp","href":"https:\/\/api.w.org\/{rel}","templated":true}]}}