{"id":19277,"date":"2025-06-08T14:26:13","date_gmt":"2025-06-08T19:26:13","guid":{"rendered":"https:\/\/tiendaflex.ec\/?post_type=product&#038;p=19277"},"modified":"2025-07-23T22:51:22","modified_gmt":"2025-07-24T03:51:22","slug":"luxor","status":"publish","type":"product","link":"https:\/\/tiendaflex.ec\/en\/product\/luxor\/","title":{"rendered":"PEINADORA LUXOR"},"content":{"rendered":"","protected":false},"excerpt":{"rendered":"<p>Convierte tu espacio de belleza en un \u00e1rea elegante y pr\u00e1ctica con la Peinadora Luxor JU, que ofrece amplio almacenamiento y la iluminaci\u00f3n ideal para tu rutina diaria.<\/p>\n<p>\ud83d\udc8e Incluye:<br \/>\n\u2714\ufe0f 7 cajones<br \/>\n\u2714\ufe0f 2 puertas laterales con repisas<br \/>\n\u2714\ufe0f 8 focos<br \/>\n\u2714\ufe0f Banco<\/p>\n<p>\ud83d\udccf Medidas:<\/p>\n<p>Peinadora: Alto 168 cm | Ancho 120 cm | Profundidad 39 cm<\/p>\n<p>Banco: Alto 53 cm | Ancho 39 cm | Profundidad 39 cm<\/p>\n<p>\ud83e\udeb5 Caracter\u00edsticas destacadas:<br \/>\n\u2714\ufe0f Estructura de madera Laurel Negro del Oriente<br \/>\n\u2714\ufe0f Tratamiento anti-insectos y microorganismos \ud83d\udee1\ufe0f<br \/>\n\u2714\ufe0f Color de la madera personalizable a tu elecci\u00f3n \ud83c\udfa8<\/p>\n<p>\ud83d\udcde Cont\u00e1ctanos: +593984123231<\/p>\n<p>\ud83c\udfaf Estilo, espacio y comodidad para tu rutina diaria. La Peinadora Luxor es el complemento perfecto para tu hogar.<\/p>","protected":false},"featured_media":21166,"comment_status":"open","ping_status":"closed","template":"","meta":{"_acf_changed":false},"product_brand":[],"product_cat":[542,678],"product_tag":[],"class_list":{"0":"post-19277","1":"product","2":"type-product","3":"status-publish","4":"has-post-thumbnail","6":"product_cat-muebles","7":"product_cat-peinadoras","9":"first","10":"instock","11":"sale","12":"taxable","13":"shipping-taxable","14":"purchasable","15":"product-type-simple"},"acf":[],"_links":{"self":[{"href":"https:\/\/tiendaflex.ec\/en\/wp-json\/wp\/v2\/product\/19277","targetHints":{"allow":["GET"]}}],"collection":[{"href":"https:\/\/tiendaflex.ec\/en\/wp-json\/wp\/v2\/product"}],"about":[{"href":"https:\/\/tiendaflex.ec\/en\/wp-json\/wp\/v2\/types\/product"}],"replies":[{"embeddable":true,"href":"https:\/\/tiendaflex.ec\/en\/wp-json\/wp\/v2\/comments?post=19277"}],"version-history":[{"count":3,"href":"https:\/\/tiendaflex.ec\/en\/wp-json\/wp\/v2\/product\/19277\/revisions"}],"predecessor-version":[{"id":21168,"href":"https:\/\/tiendaflex.ec\/en\/wp-json\/wp\/v2\/product\/19277\/revisions\/21168"}],"wp:featuredmedia":[{"embeddable":true,"href":"https:\/\/tiendaflex.ec\/en\/wp-json\/wp\/v2\/media\/21166"}],"wp:attachment":[{"href":"https:\/\/tiendaflex.ec\/en\/wp-json\/wp\/v2\/media?parent=19277"}],"wp:term":[{"taxonomy":"product_brand","embeddable":true,"href":"https:\/\/tiendaflex.ec\/en\/wp-json\/wp\/v2\/product_brand?post=19277"},{"taxonomy":"product_cat","embeddable":true,"href":"https:\/\/tiendaflex.ec\/en\/wp-json\/wp\/v2\/product_cat?post=19277"},{"taxonomy":"product_tag","embeddable":true,"href":"https:\/\/tiendaflex.ec\/en\/wp-json\/wp\/v2\/product_tag?post=19277"}],"curies":[{"name":"wp","href":"https:\/\/api.w.org\/{rel}","templated":true}]}}