{"id":19268,"date":"2025-06-08T14:15:09","date_gmt":"2025-06-08T19:15:09","guid":{"rendered":"https:\/\/tiendaflex.ec\/?post_type=product&#038;p=19268"},"modified":"2025-07-31T20:01:04","modified_gmt":"2025-08-01T01:01:04","slug":"alhambra","status":"publish","type":"product","link":"https:\/\/tiendaflex.ec\/en\/product\/alhambra\/","title":{"rendered":"SALA ALHAMBRA"},"content":{"rendered":"","protected":false},"excerpt":{"rendered":"<p>SALA ALHAMBRA LT<\/p>\n<p>Dale a tu hogar un toque de distinci\u00f3n y comodidad con la Sala Alhambra, dise\u00f1ada para ofrecer confort excepcional y estilo personalizable en cada detalle.<\/p>\n<p>\ud83d\udc8e Incluye:<br \/>\n\u2714\ufe0f 1 sof\u00e1 individual<br \/>\n\u2714\ufe0f 1 puff<br \/>\n\u2714\ufe0f 8 cojines grandes<br \/>\n\u2714\ufe0f 8 cojines peque\u00f1os<\/p>\n<p>\ud83d\udccf Medidas:<\/p>\n<p>Sala en L: Alto 85 cm | Ancho 360 cm | Profundidad derecha 282 cm | Alto asiento 43 cm | Ancho brazo 102 cm<\/p>\n<p>Individual: Alto 85 cm | Ancho 107 cm | Profundidad 102 cm | Alto asiento 43 cm<\/p>\n<p>Puff: Alto 43 cm | Ancho 80 cm | Profundidad 80 cm<\/p>\n<p>\ud83d\udeab NO INCLUYE mesa de centro<\/p>\n<p>\ud83e\udeb5 Caracter\u00edsticas destacadas:<br \/>\n\u2714\ufe0f Estructura de madera Laurel Negro del Oriente<br \/>\n\u2714\ufe0f Tratamiento anti-insectos y microorganismos \ud83d\udee1\ufe0f<br \/>\n\u2714\ufe0f Esponja de alta densidad para m\u00e1ximo confort<br \/>\n\u2714\ufe0f Tapiz y color de madera personalizables a tu elecci\u00f3n \ud83c\udfa8<\/p>\n<p>\ud83d\udcde Cont\u00e1ctanos: +593984123231<\/p>\n<p>\ud83c\udfaf Confort superior y dise\u00f1o sofisticado. La Sala Alhambra es la opci\u00f3n ideal para transformar tu sala en un espacio \u00fanico.<\/p>","protected":false},"featured_media":21367,"comment_status":"open","ping_status":"closed","template":"","meta":{"_acf_changed":false},"product_brand":[],"product_cat":[542,579],"product_tag":[],"class_list":{"0":"post-19268","1":"product","2":"type-product","3":"status-publish","4":"has-post-thumbnail","6":"product_cat-muebles","7":"product_cat-salas","9":"first","10":"instock","11":"sale","12":"taxable","13":"shipping-taxable","14":"purchasable","15":"product-type-simple"},"acf":[],"_links":{"self":[{"href":"https:\/\/tiendaflex.ec\/en\/wp-json\/wp\/v2\/product\/19268","targetHints":{"allow":["GET"]}}],"collection":[{"href":"https:\/\/tiendaflex.ec\/en\/wp-json\/wp\/v2\/product"}],"about":[{"href":"https:\/\/tiendaflex.ec\/en\/wp-json\/wp\/v2\/types\/product"}],"replies":[{"embeddable":true,"href":"https:\/\/tiendaflex.ec\/en\/wp-json\/wp\/v2\/comments?post=19268"}],"version-history":[{"count":3,"href":"https:\/\/tiendaflex.ec\/en\/wp-json\/wp\/v2\/product\/19268\/revisions"}],"predecessor-version":[{"id":21383,"href":"https:\/\/tiendaflex.ec\/en\/wp-json\/wp\/v2\/product\/19268\/revisions\/21383"}],"wp:featuredmedia":[{"embeddable":true,"href":"https:\/\/tiendaflex.ec\/en\/wp-json\/wp\/v2\/media\/21367"}],"wp:attachment":[{"href":"https:\/\/tiendaflex.ec\/en\/wp-json\/wp\/v2\/media?parent=19268"}],"wp:term":[{"taxonomy":"product_brand","embeddable":true,"href":"https:\/\/tiendaflex.ec\/en\/wp-json\/wp\/v2\/product_brand?post=19268"},{"taxonomy":"product_cat","embeddable":true,"href":"https:\/\/tiendaflex.ec\/en\/wp-json\/wp\/v2\/product_cat?post=19268"},{"taxonomy":"product_tag","embeddable":true,"href":"https:\/\/tiendaflex.ec\/en\/wp-json\/wp\/v2\/product_tag?post=19268"}],"curies":[{"name":"wp","href":"https:\/\/api.w.org\/{rel}","templated":true}]}}