{"id":19083,"date":"2025-06-02T17:22:34","date_gmt":"2025-06-02T22:22:34","guid":{"rendered":"https:\/\/tiendaflex.ec\/?post_type=product&#038;p=19083"},"modified":"2025-06-02T17:22:34","modified_gmt":"2025-06-02T22:22:34","slug":"ezviz-c8pf-camara","status":"publish","type":"product","link":"https:\/\/tiendaflex.ec\/en\/product\/ezviz-c8pf-camara\/","title":{"rendered":"EZVIZ C8PF &#8211; C\u00c1MARA"},"content":{"rendered":"","protected":false},"excerpt":{"rendered":"<p>Protege tu hogar con la c\u00e1mara inteligente que te ofrece vistas m\u00e1s amplias y detalles n\u00edtidos gracias a su doble lente con rotaci\u00f3n horizontal y vertical.<\/p>\n<p>\u2714\ufe0f Zoom mixto de 8 aumentos para ver hasta el \u00faltimo detalle<br \/>\n\u2714\ufe0f Cobertura panor\u00e1mica de 360\u00b0 para no perder ning\u00fan \u00e1ngulo<br \/>\n\u2714\ufe0f Detecci\u00f3n de personas con tecnolog\u00eda IA para alertas precisas<br \/>\n\u2714\ufe0f Comunicaci\u00f3n bidireccional para hablar y escuchar en tiempo real<br \/>\n\u2714\ufe0f Visi\u00f3n nocturna infrarroja hasta 30 metros, ideal para vigilancia 24\/7<br \/>\n\u2714\ufe0f Dise\u00f1o resistente a la intemperie, perfecta para exteriores<br \/>\n\u2714\ufe0f Soporta tarjetas microSD hasta 512 GB<\/p>\n<p>\ud83d\udcf2 Cont\u00e1ctanos: +593984123231<\/p>\n<p>\ud83d\udd12 EZVIZ C8PF \u2013 Control y seguridad que tu hogar merece<\/p>","protected":false},"featured_media":19079,"comment_status":"open","ping_status":"closed","template":"","meta":{"_acf_changed":false},"product_brand":[],"product_cat":[584,547],"product_tag":[],"class_list":{"0":"post-19083","1":"product","2":"type-product","3":"status-publish","4":"has-post-thumbnail","6":"product_cat-camaras","7":"product_cat-tecnologia-del-hogar","9":"first","10":"instock","11":"sale","12":"taxable","13":"shipping-taxable","14":"purchasable","15":"product-type-simple"},"acf":[],"_links":{"self":[{"href":"https:\/\/tiendaflex.ec\/en\/wp-json\/wp\/v2\/product\/19083","targetHints":{"allow":["GET"]}}],"collection":[{"href":"https:\/\/tiendaflex.ec\/en\/wp-json\/wp\/v2\/product"}],"about":[{"href":"https:\/\/tiendaflex.ec\/en\/wp-json\/wp\/v2\/types\/product"}],"replies":[{"embeddable":true,"href":"https:\/\/tiendaflex.ec\/en\/wp-json\/wp\/v2\/comments?post=19083"}],"version-history":[{"count":2,"href":"https:\/\/tiendaflex.ec\/en\/wp-json\/wp\/v2\/product\/19083\/revisions"}],"predecessor-version":[{"id":19135,"href":"https:\/\/tiendaflex.ec\/en\/wp-json\/wp\/v2\/product\/19083\/revisions\/19135"}],"wp:featuredmedia":[{"embeddable":true,"href":"https:\/\/tiendaflex.ec\/en\/wp-json\/wp\/v2\/media\/19079"}],"wp:attachment":[{"href":"https:\/\/tiendaflex.ec\/en\/wp-json\/wp\/v2\/media?parent=19083"}],"wp:term":[{"taxonomy":"product_brand","embeddable":true,"href":"https:\/\/tiendaflex.ec\/en\/wp-json\/wp\/v2\/product_brand?post=19083"},{"taxonomy":"product_cat","embeddable":true,"href":"https:\/\/tiendaflex.ec\/en\/wp-json\/wp\/v2\/product_cat?post=19083"},{"taxonomy":"product_tag","embeddable":true,"href":"https:\/\/tiendaflex.ec\/en\/wp-json\/wp\/v2\/product_tag?post=19083"}],"curies":[{"name":"wp","href":"https:\/\/api.w.org\/{rel}","templated":true}]}}