{"id":19065,"date":"2025-06-02T17:19:34","date_gmt":"2025-06-02T22:19:34","guid":{"rendered":"https:\/\/tiendaflex.ec\/?post_type=product&#038;p=19065"},"modified":"2025-06-02T17:19:35","modified_gmt":"2025-06-02T22:19:35","slug":"ezviz-sd7-monitor-tactil","status":"publish","type":"product","link":"https:\/\/tiendaflex.ec\/en\/product\/ezviz-sd7-monitor-tactil\/","title":{"rendered":"EZVIZ SD7 \u2013 MONITOR T\u00c1CTIL"},"content":{"rendered":"","protected":false},"excerpt":{"rendered":"<p>Gestiona de forma sencilla y eficiente tu sistema de seguridad EZVIZ desde un solo dispositivo.<\/p>\n<p>\u2714\ufe0f Pantalla t\u00e1ctil IPS de 7 pulgadas, con gran capacidad de respuesta<br \/>\n\u2714\ufe0f Integraci\u00f3n inteligente con dispositivos EZVIZ: videoporteros, timbres, cerraduras y c\u00e1maras<br \/>\n\u2714\ufe0f Bater\u00eda recargable de 4.600 mAh con carga USB Tipo-C<br \/>\n\u2714\ufe0f Vista en directo y reproducci\u00f3n de v\u00eddeo<br \/>\n\u2714\ufe0f Comunicaci\u00f3n bidireccional para hablar y escuchar desde cualquier lugar<br \/>\n\u2714\ufe0f Conexi\u00f3n Wifi 2.4 GHz<br \/>\n\u2714\ufe0f Instalaci\u00f3n inal\u00e1mbrica f\u00e1cil y r\u00e1pida, adaptable a cualquier espacio<\/p>\n<p>\ud83d\udca1 Ideal para casas grandes que necesitan ampliar la comunicaci\u00f3n interna y el control de seguridad, el EZVIZ SD7 te permite ver qui\u00e9n llama a la puerta, responder y gestionar tu sistema sin complicaciones.<\/p>\n<p>\ud83d\udcf2 Cont\u00e1ctanos: +593984123231<\/p>\n<p>\ud83d\udcf1 EZVIZ SD7 \u2013 Seguridad y control al alcance de tu mano<\/p>","protected":false},"featured_media":19078,"comment_status":"open","ping_status":"closed","template":"","meta":{"_acf_changed":false},"product_brand":[],"product_cat":[593,547],"product_tag":[],"class_list":{"0":"post-19065","1":"product","2":"type-product","3":"status-publish","4":"has-post-thumbnail","6":"product_cat-control-de-accesos","7":"product_cat-tecnologia-del-hogar","9":"first","10":"instock","11":"sale","12":"taxable","13":"shipping-taxable","14":"purchasable","15":"product-type-simple"},"acf":[],"_links":{"self":[{"href":"https:\/\/tiendaflex.ec\/en\/wp-json\/wp\/v2\/product\/19065","targetHints":{"allow":["GET"]}}],"collection":[{"href":"https:\/\/tiendaflex.ec\/en\/wp-json\/wp\/v2\/product"}],"about":[{"href":"https:\/\/tiendaflex.ec\/en\/wp-json\/wp\/v2\/types\/product"}],"replies":[{"embeddable":true,"href":"https:\/\/tiendaflex.ec\/en\/wp-json\/wp\/v2\/comments?post=19065"}],"version-history":[{"count":2,"href":"https:\/\/tiendaflex.ec\/en\/wp-json\/wp\/v2\/product\/19065\/revisions"}],"predecessor-version":[{"id":19082,"href":"https:\/\/tiendaflex.ec\/en\/wp-json\/wp\/v2\/product\/19065\/revisions\/19082"}],"wp:featuredmedia":[{"embeddable":true,"href":"https:\/\/tiendaflex.ec\/en\/wp-json\/wp\/v2\/media\/19078"}],"wp:attachment":[{"href":"https:\/\/tiendaflex.ec\/en\/wp-json\/wp\/v2\/media?parent=19065"}],"wp:term":[{"taxonomy":"product_brand","embeddable":true,"href":"https:\/\/tiendaflex.ec\/en\/wp-json\/wp\/v2\/product_brand?post=19065"},{"taxonomy":"product_cat","embeddable":true,"href":"https:\/\/tiendaflex.ec\/en\/wp-json\/wp\/v2\/product_cat?post=19065"},{"taxonomy":"product_tag","embeddable":true,"href":"https:\/\/tiendaflex.ec\/en\/wp-json\/wp\/v2\/product_tag?post=19065"}],"curies":[{"name":"wp","href":"https:\/\/api.w.org\/{rel}","templated":true}]}}