{"id":19044,"date":"2025-05-30T22:47:41","date_gmt":"2025-05-31T03:47:41","guid":{"rendered":"https:\/\/tiendaflex.ec\/?post_type=product&#038;p=19044"},"modified":"2025-05-30T22:47:41","modified_gmt":"2025-05-31T03:47:41","slug":"ezviz-hp7-video-portero-hibrido","status":"publish","type":"product","link":"https:\/\/tiendaflex.ec\/en\/product\/ezviz-hp7-video-portero-hibrido\/","title":{"rendered":"EZVIZ HP7 &#8211; VIDEO PORTERO H\u00cdBRIDO"},"content":{"rendered":"","protected":false},"excerpt":{"rendered":"<p>Una opci\u00f3n conectada para un acceso m\u00e1s seguro, moderno e inteligente.<br \/>\n\u00a1Deshazte del viejo intercomunicador y dale la bienvenida al control remoto desde tu celular!<\/p>\n<p>\ud83d\udfe8 CARACTER\u00cdSTICAS DESTACADAS<br \/>\n\u2714\ufe0f C\u00e1mara 2K con \u00e1ngulo ultraamplio de 162\u00b0 y visi\u00f3n nocturna<br \/>\n\u2714\ufe0f Pantalla t\u00e1ctil de 7&#8243;\u00bb a color<br \/>\n\u2714\ufe0f Comunicaci\u00f3n bidireccional + funci\u00f3n de cambio de voz<br \/>\n\u2714\ufe0f Desbloqueo remoto desde app, pantalla o etiquetas RFID (2 incluidas)<br \/>\n\u2714\ufe0f Detecci\u00f3n inteligente de movimiento de personas<br \/>\n\u2714\ufe0f Compatible con Wi-Fi Dual Band (2.4 \/ 5 GHz)<br \/>\n\u2714\ufe0f Grabaci\u00f3n y almacenamiento en microSD (hasta 512 GB) o EZVIZ Cloud<br \/>\n\u2714\ufe0f Dise\u00f1o elegante, resistente a la intemperie<br \/>\n\u2714\ufe0f Timbre incorporado con tonos personalizables<br \/>\n\u2714\ufe0f Instalaci\u00f3n sencilla de 2 hilos (compatible con sistemas de 4 hilos)<\/p>\n<p>\ud83d\udfe9 \u00bfPOR QU\u00c9 ELEGIR EL HP7?<br \/>\n\ud83d\udd39 Ideal para casas y villas con port\u00f3n o puertas automatizadas<br \/>\n\ud83d\udd39 Contesta desde cualquier lugar del mundo<br \/>\n\ud83d\udd39 Protecci\u00f3n visual 24\/7 con alertas en tiempo real<br \/>\n\ud83d\udd39 Apertura c\u00f3moda sin llaves \u2013 \u00a1solo toca o desliza!<br \/>\n\ud83d\udd39 Dise\u00f1o moderno que realza tu puerta principal<\/p>\n<p>\ud83d\udcf2 Cont\u00e1ctanos: +593984123231<\/p>","protected":false},"featured_media":19008,"comment_status":"open","ping_status":"closed","template":"","meta":{"_acf_changed":false},"product_brand":[],"product_cat":[593,547],"product_tag":[],"class_list":{"0":"post-19044","1":"product","2":"type-product","3":"status-publish","4":"has-post-thumbnail","6":"product_cat-control-de-accesos","7":"product_cat-tecnologia-del-hogar","9":"first","10":"instock","11":"sale","12":"taxable","13":"shipping-taxable","14":"purchasable","15":"product-type-simple"},"acf":[],"_links":{"self":[{"href":"https:\/\/tiendaflex.ec\/en\/wp-json\/wp\/v2\/product\/19044","targetHints":{"allow":["GET"]}}],"collection":[{"href":"https:\/\/tiendaflex.ec\/en\/wp-json\/wp\/v2\/product"}],"about":[{"href":"https:\/\/tiendaflex.ec\/en\/wp-json\/wp\/v2\/types\/product"}],"replies":[{"embeddable":true,"href":"https:\/\/tiendaflex.ec\/en\/wp-json\/wp\/v2\/comments?post=19044"}],"version-history":[{"count":2,"href":"https:\/\/tiendaflex.ec\/en\/wp-json\/wp\/v2\/product\/19044\/revisions"}],"predecessor-version":[{"id":19046,"href":"https:\/\/tiendaflex.ec\/en\/wp-json\/wp\/v2\/product\/19044\/revisions\/19046"}],"wp:featuredmedia":[{"embeddable":true,"href":"https:\/\/tiendaflex.ec\/en\/wp-json\/wp\/v2\/media\/19008"}],"wp:attachment":[{"href":"https:\/\/tiendaflex.ec\/en\/wp-json\/wp\/v2\/media?parent=19044"}],"wp:term":[{"taxonomy":"product_brand","embeddable":true,"href":"https:\/\/tiendaflex.ec\/en\/wp-json\/wp\/v2\/product_brand?post=19044"},{"taxonomy":"product_cat","embeddable":true,"href":"https:\/\/tiendaflex.ec\/en\/wp-json\/wp\/v2\/product_cat?post=19044"},{"taxonomy":"product_tag","embeddable":true,"href":"https:\/\/tiendaflex.ec\/en\/wp-json\/wp\/v2\/product_tag?post=19044"}],"curies":[{"name":"wp","href":"https:\/\/api.w.org\/{rel}","templated":true}]}}