{"id":18987,"date":"2025-05-29T17:20:56","date_gmt":"2025-05-29T22:20:56","guid":{"rendered":"https:\/\/tiendaflex.ec\/?post_type=product&#038;p=18987"},"modified":"2025-05-29T17:20:56","modified_gmt":"2025-05-29T22:20:56","slug":"camara-de-videoportero-2mp-tcp-ip-hd-alto-rendimiento","status":"publish","type":"product","link":"https:\/\/tiendaflex.ec\/en\/product\/camara-de-videoportero-2mp-tcp-ip-hd-alto-rendimiento\/","title":{"rendered":"C\u00c1MARA DE VIDEOPORTERO 2MP TCP\/IP HD ALTO RENDIMIENTO"},"content":{"rendered":"","protected":false},"excerpt":{"rendered":"<p>\ud83d\udd38 \u00a1Control de acceso inteligente con audio bidireccional para tu seguridad!<\/p>\n<p>\u2705 C\u00e1mara HD 2MP con sensor CMOS de alto rendimiento<br \/>\n\u2705 Funci\u00f3n de control de acceso integrada<br \/>\n\u2705 Audio bidireccional con micr\u00f3fono omnidireccional y altavoz incorporado<br \/>\n\u2705 Supresi\u00f3n de ruido y cancelaci\u00f3n de eco para una comunicaci\u00f3n clara<br \/>\n\u2705 Conectividad PoE y Wi-Fi 2.4 GHz para mayor flexibilidad<br \/>\n\u2705 Resistente a condiciones exteriores IP65 (protecci\u00f3n contra polvo y agua)<br \/>\n\u2705 Protecci\u00f3n antivand\u00e1lica IK8 para mayor durabilidad<\/p>\n<p>\ud83d\udcde Cont\u00e1ctanos: +593984123231<\/p>","protected":false},"featured_media":18942,"comment_status":"open","ping_status":"closed","template":"","meta":{"_acf_changed":false},"product_brand":[],"product_cat":[593,547],"product_tag":[],"class_list":{"0":"post-18987","1":"product","2":"type-product","3":"status-publish","4":"has-post-thumbnail","6":"product_cat-control-de-accesos","7":"product_cat-tecnologia-del-hogar","9":"first","10":"instock","11":"sale","12":"taxable","13":"shipping-taxable","14":"purchasable","15":"product-type-simple"},"acf":[],"_links":{"self":[{"href":"https:\/\/tiendaflex.ec\/en\/wp-json\/wp\/v2\/product\/18987","targetHints":{"allow":["GET"]}}],"collection":[{"href":"https:\/\/tiendaflex.ec\/en\/wp-json\/wp\/v2\/product"}],"about":[{"href":"https:\/\/tiendaflex.ec\/en\/wp-json\/wp\/v2\/types\/product"}],"replies":[{"embeddable":true,"href":"https:\/\/tiendaflex.ec\/en\/wp-json\/wp\/v2\/comments?post=18987"}],"version-history":[{"count":2,"href":"https:\/\/tiendaflex.ec\/en\/wp-json\/wp\/v2\/product\/18987\/revisions"}],"predecessor-version":[{"id":18989,"href":"https:\/\/tiendaflex.ec\/en\/wp-json\/wp\/v2\/product\/18987\/revisions\/18989"}],"wp:featuredmedia":[{"embeddable":true,"href":"https:\/\/tiendaflex.ec\/en\/wp-json\/wp\/v2\/media\/18942"}],"wp:attachment":[{"href":"https:\/\/tiendaflex.ec\/en\/wp-json\/wp\/v2\/media?parent=18987"}],"wp:term":[{"taxonomy":"product_brand","embeddable":true,"href":"https:\/\/tiendaflex.ec\/en\/wp-json\/wp\/v2\/product_brand?post=18987"},{"taxonomy":"product_cat","embeddable":true,"href":"https:\/\/tiendaflex.ec\/en\/wp-json\/wp\/v2\/product_cat?post=18987"},{"taxonomy":"product_tag","embeddable":true,"href":"https:\/\/tiendaflex.ec\/en\/wp-json\/wp\/v2\/product_tag?post=18987"}],"curies":[{"name":"wp","href":"https:\/\/api.w.org\/{rel}","templated":true}]}}