{"id":18969,"date":"2025-05-29T16:59:05","date_gmt":"2025-05-29T21:59:05","guid":{"rendered":"https:\/\/tiendaflex.ec\/?post_type=product&#038;p=18969"},"modified":"2025-07-23T23:57:17","modified_gmt":"2025-07-24T04:57:17","slug":"nubia-sala","status":"publish","type":"product","link":"https:\/\/tiendaflex.ec\/en\/product\/nubia-sala\/","title":{"rendered":"SALA NUBIA"},"content":{"rendered":"","protected":false},"excerpt":{"rendered":"<p>SALA NUBIA JML<\/p>\n<p>\u00a1Dale vida a tu sala con un dise\u00f1o sofisticado y personalizado!<\/p>\n<p>\u2714\ufe0f Estructura de madera laurel negro del oriente<br \/>\n\u2714\ufe0f Tratamiento contra insectos y microorganismos<br \/>\n\u2714\ufe0f Esponja de alta densidad para mayor confort<br \/>\n\u2714\ufe0f Tapiz y color de madera a elecci\u00f3n del cliente \ud83c\udfa8<br \/>\n\u2714\ufe0f Dise\u00f1o moderno, elegante y funcional<\/p>\n<p>\ud83d\udce6 Incluye:<br \/>\n\u2705 Sala en L<br \/>\n\u2705 1 poltrona<br \/>\n\u2705 5 cojines cuadrados<br \/>\n\u2705 2 cojines rectangulares<br \/>\n\u2705 7 cojines en total<\/p>\n<p>\ud83d\udcd0 Medidas:<br \/>\n\ud83d\udccf Sala:<br \/>\nAncho: 230 cm | Alto: 89 cm<br \/>\nProfundidad derecho: 187 cm | M\u00f3dulo L: 145 cm<br \/>\nAltura del asiento: 46 cm<\/p>\n<p>\ud83d\udccf Poltrona:<br \/>\nAncho: 55 cm | Alto: 80 cm<br \/>\nProfundidad: 75 cm | Altura del asiento: 45 cm<\/p>\n<p>\u274c No incluye mesa de centro<\/p>\n<p>\ud83d\udcf2 Cont\u00e1ctanos: +593984123231<\/p>\n<p>\ud83d\udecb\ufe0f \u00a1Tu sala so\u00f1ada est\u00e1 m\u00e1s cerca que nunca!<\/p>","protected":false},"featured_media":21200,"comment_status":"open","ping_status":"closed","template":"","meta":{"_acf_changed":false},"product_brand":[],"product_cat":[542,579],"product_tag":[],"class_list":{"0":"post-18969","1":"product","2":"type-product","3":"status-publish","4":"has-post-thumbnail","6":"product_cat-muebles","7":"product_cat-salas","9":"first","10":"instock","11":"sale","12":"taxable","13":"shipping-taxable","14":"purchasable","15":"product-type-simple"},"acf":[],"_links":{"self":[{"href":"https:\/\/tiendaflex.ec\/en\/wp-json\/wp\/v2\/product\/18969","targetHints":{"allow":["GET"]}}],"collection":[{"href":"https:\/\/tiendaflex.ec\/en\/wp-json\/wp\/v2\/product"}],"about":[{"href":"https:\/\/tiendaflex.ec\/en\/wp-json\/wp\/v2\/types\/product"}],"replies":[{"embeddable":true,"href":"https:\/\/tiendaflex.ec\/en\/wp-json\/wp\/v2\/comments?post=18969"}],"version-history":[{"count":3,"href":"https:\/\/tiendaflex.ec\/en\/wp-json\/wp\/v2\/product\/18969\/revisions"}],"predecessor-version":[{"id":21202,"href":"https:\/\/tiendaflex.ec\/en\/wp-json\/wp\/v2\/product\/18969\/revisions\/21202"}],"wp:featuredmedia":[{"embeddable":true,"href":"https:\/\/tiendaflex.ec\/en\/wp-json\/wp\/v2\/media\/21200"}],"wp:attachment":[{"href":"https:\/\/tiendaflex.ec\/en\/wp-json\/wp\/v2\/media?parent=18969"}],"wp:term":[{"taxonomy":"product_brand","embeddable":true,"href":"https:\/\/tiendaflex.ec\/en\/wp-json\/wp\/v2\/product_brand?post=18969"},{"taxonomy":"product_cat","embeddable":true,"href":"https:\/\/tiendaflex.ec\/en\/wp-json\/wp\/v2\/product_cat?post=18969"},{"taxonomy":"product_tag","embeddable":true,"href":"https:\/\/tiendaflex.ec\/en\/wp-json\/wp\/v2\/product_tag?post=18969"}],"curies":[{"name":"wp","href":"https:\/\/api.w.org\/{rel}","templated":true}]}}