{"id":18955,"date":"2025-05-29T16:43:50","date_gmt":"2025-05-29T21:43:50","guid":{"rendered":"https:\/\/tiendaflex.ec\/?post_type=product&#038;p=18955"},"modified":"2025-05-29T16:43:50","modified_gmt":"2025-05-29T21:43:50","slug":"growing-up-bb","status":"publish","type":"product","link":"https:\/\/tiendaflex.ec\/en\/product\/growing-up-bb\/","title":{"rendered":"GROWING UP BB"},"content":{"rendered":"","protected":false},"excerpt":{"rendered":"<p>\u00a1El confort que tu beb\u00e9 necesita desde los primeros d\u00edas! \ud83d\udc95<\/p>\n<p>\u00ab\u2714\ufe0f Dise\u00f1o alargado tipo coj\u00edn multifuncional<br \/>\n\u2714\ufe0f Ideal para reci\u00e9n nacidos y en crecimiento<br \/>\n\u2714\ufe0f Fomenta una postura ergon\u00f3mica al dormir<br \/>\n\u2714\ufe0f Relleno suave y seguro para beb\u00e9s<br \/>\n\u2714\ufe0f Perfecta para usar en cuna, cama o como soporte lateral<\/p>\n<p>\ud83d\udccf Tama\u00f1o: 200 x 22 x 19 cm<\/p>\n<p>\ud83d\udcf2 Cont\u00e1ctanos: +593984123231<\/p>\n<p>\ud83d\udc76 \u00a1Acompa\u00f1a el crecimiento de tu beb\u00e9 con suavidad y protecci\u00f3n!<\/p>","protected":false},"featured_media":18934,"comment_status":"open","ping_status":"closed","template":"","meta":{"_acf_changed":false},"product_brand":[],"product_cat":[664],"product_tag":[],"class_list":{"0":"post-18955","1":"product","2":"type-product","3":"status-publish","4":"has-post-thumbnail","6":"product_cat-almohadas","8":"first","9":"instock","10":"sale","11":"taxable","12":"shipping-taxable","13":"purchasable","14":"product-type-simple"},"acf":[],"_links":{"self":[{"href":"https:\/\/tiendaflex.ec\/en\/wp-json\/wp\/v2\/product\/18955","targetHints":{"allow":["GET"]}}],"collection":[{"href":"https:\/\/tiendaflex.ec\/en\/wp-json\/wp\/v2\/product"}],"about":[{"href":"https:\/\/tiendaflex.ec\/en\/wp-json\/wp\/v2\/types\/product"}],"replies":[{"embeddable":true,"href":"https:\/\/tiendaflex.ec\/en\/wp-json\/wp\/v2\/comments?post=18955"}],"version-history":[{"count":2,"href":"https:\/\/tiendaflex.ec\/en\/wp-json\/wp\/v2\/product\/18955\/revisions"}],"predecessor-version":[{"id":18957,"href":"https:\/\/tiendaflex.ec\/en\/wp-json\/wp\/v2\/product\/18955\/revisions\/18957"}],"wp:featuredmedia":[{"embeddable":true,"href":"https:\/\/tiendaflex.ec\/en\/wp-json\/wp\/v2\/media\/18934"}],"wp:attachment":[{"href":"https:\/\/tiendaflex.ec\/en\/wp-json\/wp\/v2\/media?parent=18955"}],"wp:term":[{"taxonomy":"product_brand","embeddable":true,"href":"https:\/\/tiendaflex.ec\/en\/wp-json\/wp\/v2\/product_brand?post=18955"},{"taxonomy":"product_cat","embeddable":true,"href":"https:\/\/tiendaflex.ec\/en\/wp-json\/wp\/v2\/product_cat?post=18955"},{"taxonomy":"product_tag","embeddable":true,"href":"https:\/\/tiendaflex.ec\/en\/wp-json\/wp\/v2\/product_tag?post=18955"}],"curies":[{"name":"wp","href":"https:\/\/api.w.org\/{rel}","templated":true}]}}