{"id":18917,"date":"2025-05-28T21:44:38","date_gmt":"2025-05-29T02:44:38","guid":{"rendered":"https:\/\/tiendaflex.ec\/?post_type=product&#038;p=18917"},"modified":"2025-08-16T18:11:31","modified_gmt":"2025-08-16T23:11:31","slug":"pixma-g3170-impresora-canon-megatank","status":"publish","type":"product","link":"https:\/\/tiendaflex.ec\/en\/product\/pixma-g3170-impresora-canon-megatank\/","title":{"rendered":"PIXMA G3170 &#8211; IMPRESORA CANON MEGATANK"},"content":{"rendered":"","protected":false},"excerpt":{"rendered":"<p>Dise\u00f1ada para el hogar y oficinas en casa, la impresora MegaTank PIXMA G3170 de inyecci\u00f3n de tinta multifuncional de Canon ofrece una impresi\u00f3n de alta calidad y bajo costo, as\u00ed como una excelente conectividad inal\u00e1mbrica en un tama\u00f1o compacto.<\/p>\n<p>Obtenga una gran productividad de impresi\u00f3n con un alto rendimiento de p\u00e1ginas de hasta 6,000 p\u00e1ginas en negro \/ 7,700 p\u00e1ginas en color por cada juego completo de botellas de tinta y un bajo costo por impresi\u00f3n. MegaTank representa grandes ahorros.<\/p>\n<p>La PIXMA G3170 es f\u00e1cil de configurar y mantener, y ofrece gran versatilidad de materiales para imprimir: papel fotogr\u00e1fico, sobres, pancartas, entre otros.<br \/>\nImprima documentos y fotograf\u00edas con texto negro n\u00edtido y colores vivos sin bordes de hasta 8.5\u201d x 11\u201d, gracias al sistema de tinta h\u00edbrido.<\/p>\n<p>\u2714\ufe0f Sistema de tinta h\u00edbrida (pigmento y tintes)<br \/>\n\u2714\ufe0f Velocidades r\u00e1pidas de impresi\u00f3n<br \/>\n\u2714\ufe0f Hasta 100 hojas de papel com\u00fan \/ 20 hojas de fotos (4\u201d x 6\u201d)<br \/>\n\u2714\ufe0f Conexi\u00f3n USB de alta velocidad o inal\u00e1mbrica<br \/>\n\u2714\ufe0f Compatible con Windows, Mac y Chromebook<br \/>\n\u2714\ufe0f Imprime en sobres, papel fotogr\u00e1fico, papel de alta resoluci\u00f3n y m\u00e1s<br \/>\n\u2714\ufe0f Soporta hasta tama\u00f1o de papel 8.5\u201d x 47\u201d<br \/>\n\u26a0\ufe0f No se incluye el cable USB<\/p>\n<p>\ud83d\udcf2 Cont\u00e1ctanos: +593984123231<\/p>","protected":false},"featured_media":18858,"comment_status":"open","ping_status":"closed","template":"","meta":{"_acf_changed":false},"product_brand":[],"product_cat":[673,633],"product_tag":[],"class_list":{"0":"post-18917","1":"product","2":"type-product","3":"status-publish","4":"has-post-thumbnail","6":"product_cat-impresoras","7":"product_cat-tecnologia","9":"first","10":"outofstock","11":"sale","12":"taxable","13":"shipping-taxable","14":"purchasable","15":"product-type-simple"},"acf":[],"_links":{"self":[{"href":"https:\/\/tiendaflex.ec\/en\/wp-json\/wp\/v2\/product\/18917","targetHints":{"allow":["GET"]}}],"collection":[{"href":"https:\/\/tiendaflex.ec\/en\/wp-json\/wp\/v2\/product"}],"about":[{"href":"https:\/\/tiendaflex.ec\/en\/wp-json\/wp\/v2\/types\/product"}],"replies":[{"embeddable":true,"href":"https:\/\/tiendaflex.ec\/en\/wp-json\/wp\/v2\/comments?post=18917"}],"version-history":[{"count":1,"href":"https:\/\/tiendaflex.ec\/en\/wp-json\/wp\/v2\/product\/18917\/revisions"}],"predecessor-version":[{"id":18918,"href":"https:\/\/tiendaflex.ec\/en\/wp-json\/wp\/v2\/product\/18917\/revisions\/18918"}],"wp:featuredmedia":[{"embeddable":true,"href":"https:\/\/tiendaflex.ec\/en\/wp-json\/wp\/v2\/media\/18858"}],"wp:attachment":[{"href":"https:\/\/tiendaflex.ec\/en\/wp-json\/wp\/v2\/media?parent=18917"}],"wp:term":[{"taxonomy":"product_brand","embeddable":true,"href":"https:\/\/tiendaflex.ec\/en\/wp-json\/wp\/v2\/product_brand?post=18917"},{"taxonomy":"product_cat","embeddable":true,"href":"https:\/\/tiendaflex.ec\/en\/wp-json\/wp\/v2\/product_cat?post=18917"},{"taxonomy":"product_tag","embeddable":true,"href":"https:\/\/tiendaflex.ec\/en\/wp-json\/wp\/v2\/product_tag?post=18917"}],"curies":[{"name":"wp","href":"https:\/\/api.w.org\/{rel}","templated":true}]}}